{"id":1276,"date":"2021-12-27T10:55:39","date_gmt":"2021-12-27T13:55:39","guid":{"rendered":"https:\/\/litoral.ufpr.br\/ambientais\/?page_id=1276"},"modified":"2021-12-27T13:03:13","modified_gmt":"2021-12-27T16:03:13","slug":"tcc","status":"publish","type":"page","link":"https:\/\/litoral.ufpr.br\/ambientais\/tcc\/","title":{"rendered":"TCC"},"content":{"rendered":"\n<p class=\"has-text-align-left\">O Trabalho de Conclus\u00e3o de Curso (TCC) tem por finalidade oportunizar ao aluno do Curso de Ci\u00eancias Ambientais a integra\u00e7\u00e3o e sistematiza\u00e7\u00e3o de conte\u00fados e experi\u00eancias desenvolvidos e apropriados ao longo da periodiza\u00e7\u00e3o curricular, a partir de fundamenta\u00e7\u00e3o te\u00f3rica e metodol\u00f3gica orientada pelos docentes do curso.<\/p>\n\n\n\n<p class=\"has-text-align-left\"><br>A carga hor\u00e1ria ser\u00e1 de 180 horas e a oferta est\u00e1 prevista para o sexto (TCC I), s\u00e9timo (TCC II) e o oitavo per\u00edodos (TCC III), correspondendo respectivamente ao PA VI, PA VII e PA VIII. <\/p>\n\n\n\n<p class=\"has-text-align-left\">O Regulamento do TCC consta no Anexo II do PPC, pelo qual s\u00e3o estabelecidas as normas para orienta\u00e7\u00e3o e elabora\u00e7\u00e3o do trabalho, bem como para apresenta\u00e7\u00e3o, defesa e avalia\u00e7\u00e3o.<\/p>\n\n\n\n<div data-wp-interactive=\"core\/file\" class=\"wp-block-file\"><a href=\"https:\/\/litoral.ufpr.br\/ambientais\/wp-content\/uploads\/sites\/12\/2021\/12\/TCC-CA.pdf\">Regulamento do TCC<\/a><a href=\"https:\/\/litoral.ufpr.br\/ambientais\/wp-content\/uploads\/sites\/12\/2021\/12\/TCC-CA.pdf\" class=\"wp-block-file__button\" download>Baixar<\/a><\/div>\n","protected":false},"excerpt":{"rendered":"<p>O Trabalho de Conclus\u00e3o de Curso (TCC) tem por finalidade oportunizar ao aluno do Curso de Ci\u00eancias Ambientais a integra\u00e7\u00e3o e sistematiza\u00e7\u00e3o de conte\u00fados e experi\u00eancias desenvolvidos e apropriados ao longo da periodiza\u00e7\u00e3o curricular, a partir de fundamenta\u00e7\u00e3o te\u00f3rica e metodol\u00f3gica orientada pelos docentes do curso. A carga hor\u00e1ria ser\u00e1 de 180 horas e a [&hellip;]<\/p>\n","protected":false},"author":1610,"featured_media":0,"parent":0,"menu_order":0,"comment_status":"closed","ping_status":"closed","template":"","meta":{"_acf_changed":false,"footnotes":""},"class_list":["post-1276","page","type-page","status-publish","hentry"],"acf":[],"_links":{"self":[{"href":"https:\/\/litoral.ufpr.br\/ambientais\/wp-json\/wp\/v2\/pages\/1276","targetHints":{"allow":["GET"]}}],"collection":[{"href":"https:\/\/litoral.ufpr.br\/ambientais\/wp-json\/wp\/v2\/pages"}],"about":[{"href":"https:\/\/litoral.ufpr.br\/ambientais\/wp-json\/wp\/v2\/types\/page"}],"author":[{"embeddable":true,"href":"https:\/\/litoral.ufpr.br\/ambientais\/wp-json\/wp\/v2\/users\/1610"}],"replies":[{"embeddable":true,"href":"https:\/\/litoral.ufpr.br\/ambientais\/wp-json\/wp\/v2\/comments?post=1276"}],"version-history":[{"count":3,"href":"https:\/\/litoral.ufpr.br\/ambientais\/wp-json\/wp\/v2\/pages\/1276\/revisions"}],"predecessor-version":[{"id":1351,"href":"https:\/\/litoral.ufpr.br\/ambientais\/wp-json\/wp\/v2\/pages\/1276\/revisions\/1351"}],"wp:attachment":[{"href":"https:\/\/litoral.ufpr.br\/ambientais\/wp-json\/wp\/v2\/media?parent=1276"}],"curies":[{"name":"wp","href":"https:\/\/api.w.org\/{rel}","templated":true}]}}