{"id":491,"date":"2018-11-21T11:46:04","date_gmt":"2018-11-21T13:46:04","guid":{"rendered":"https:\/\/litoral.ufpr.br\/agroecologia\/?page_id=491"},"modified":"2025-09-17T15:59:01","modified_gmt":"2025-09-17T18:59:01","slug":"comissoes","status":"publish","type":"page","link":"https:\/\/litoral.ufpr.br\/agroecologia\/equipe\/comissoes\/","title":{"rendered":"COMISS\u00d5ES"},"content":{"rendered":"\n<h2 class=\"has-vivid-green-cyan-color has-text-color wp-block-heading\">COMISS\u00c3O ORIENTA\u00c7\u00c3O ACAD\u00caMICA &#8211; COA<\/h2>\n\n\n\n<p class=\"has-text-align-left\">A comiss\u00e3o \u00e9 respons\u00e1vel por acompanhar o desempenho acad\u00eamico das estudantes e dos estudantes sob sua responsabilidade, verificando a cada per\u00edodo letivo as notas ou conceitos obtidos e eventuais reprova\u00e7\u00f5es, destacando a import\u00e2ncia do rendimento na sua forma\u00e7\u00e3o acad\u00eamica; Propor a\u00e7\u00f5es resolutivas para as dificuldades encontradas pela estudante e pelo estudante sugerindo alternativas, tais como: cancelamento de disciplina, aproveitamento de conhecimento, trancamento de curso, aulas de refor\u00e7o, entre outras; Elaborar plano de estudos em comum acordo com a estudante ou o estudante e a coordena\u00e7\u00e3o, visando reorganizar a sua trajet\u00f3ria acad\u00eamica.<\/p>\n\n\n\n<div class=\"wp-block-file\"><a id=\"wp-block-file--media-58cd605d-20f3-46cc-99f3-b9482e01cadc\" href=\"https:\/\/litoral.ufpr.br\/agroecologia\/wp-content\/uploads\/sites\/7\/2025\/08\/SEI_8023670_Portaria_1955_2025_SETOR_LITORAL.pdf\">Portaria_1955_2025_SETOR_LITORAL<\/a><a href=\"https:\/\/litoral.ufpr.br\/agroecologia\/wp-content\/uploads\/sites\/7\/2025\/08\/SEI_8023670_Portaria_1955_2025_SETOR_LITORAL.pdf\" class=\"wp-block-file__button\" download aria-describedby=\"wp-block-file--media-58cd605d-20f3-46cc-99f3-b9482e01cadc\">Baixar<\/a><\/div>\n\n\n\n<p>Vig\u00eancia de 02 (dois) anos contados a partir de 05 de agosto de 2025.<\/p>\n\n\n\n<p><strong>Membros atuais:<\/strong><\/p>\n\n\n\n<ul class=\"wp-block-list\"><li>Manoel Flores Lesama &#8211; flores.lesama@gmail.com<\/li><li>Gilson Walmor Dahmer &#8211; gilsondahmer@ufpr.br<\/li><li>Josani Catarina Machado Cagnini &#8211; agroecologia.ufpr@ufpr.br<\/li><\/ul>\n\n\n\n<h2 class=\"has-pale-cyan-blue-color has-text-color wp-block-heading\">COMISS\u00c3O PERMANENTE DE ACOMPANHAMENTO DAS ATIVIDADES FORMATIVAS COMPLEMENTARES<\/h2>\n\n\n\n<p>A Comiss\u00e3o tem a responsabilidade de analisar e validar as atividades formativas complementares que os estudantes protocolarem, conforme Resolu\u00e7\u00e3o n\u00ba 70\/04 &#8211; CEPE.<\/p>\n\n\n\n<div class=\"wp-block-file\"><a id=\"wp-block-file--media-eaba9c1d-06d7-4f07-95f0-1bd06c3fe55b\" href=\"https:\/\/litoral.ufpr.br\/agroecologia\/wp-content\/uploads\/sites\/7\/2025\/04\/SEI_7688467_Portaria_1895_2025_SETOR_LITORAL-1.pdf\">Portaria_1895_2025_Setor Litoral<\/a><a href=\"https:\/\/litoral.ufpr.br\/agroecologia\/wp-content\/uploads\/sites\/7\/2025\/04\/SEI_7688467_Portaria_1895_2025_SETOR_LITORAL-1.pdf\" class=\"wp-block-file__button\" download aria-describedby=\"wp-block-file--media-eaba9c1d-06d7-4f07-95f0-1bd06c3fe55b\">Baixar<\/a><\/div>\n\n\n\n<p><strong>Membros atuais:&nbsp;<\/strong><\/p>\n\n\n\n<ul class=\"wp-block-list\"><li>Cristiane Rocha Silva -cristianerocha@ufpr.br<\/li><li>Silvana C\u00e1ssia Hoeller &#8211; silvanano@ufpr.br<\/li><li>Josani Catarina Machado Cagnini &#8211; agroecologia.ufpr@ufpr.br<\/li><\/ul>\n\n\n\n<p>Vig\u00eancia de 02 (dois) contados a partir de 08\/04\/2025<\/p>\n\n\n\n<p><\/p>\n\n\n\n<p><\/p>\n\n\n\n<p><\/p>\n","protected":false},"excerpt":{"rendered":"<p>COMISS\u00c3O ORIENTA\u00c7\u00c3O ACAD\u00caMICA &#8211; COA A comiss\u00e3o \u00e9 respons\u00e1vel por acompanhar o desempenho acad\u00eamico das estudantes e dos estudantes sob sua responsabilidade, verificando a cada per\u00edodo letivo as notas ou conceitos obtidos e eventuais reprova\u00e7\u00f5es, destacando a import\u00e2ncia do rendimento na sua forma\u00e7\u00e3o acad\u00eamica; Propor a\u00e7\u00f5es resolutivas para as dificuldades encontradas pela estudante e pelo [&hellip;]<\/p>\n","protected":false},"author":3,"featured_media":0,"parent":215,"menu_order":0,"comment_status":"closed","ping_status":"closed","template":"","meta":{"_acf_changed":false,"footnotes":""},"class_list":["post-491","page","type-page","status-publish","hentry"],"acf":[],"_links":{"self":[{"href":"https:\/\/litoral.ufpr.br\/agroecologia\/wp-json\/wp\/v2\/pages\/491","targetHints":{"allow":["GET"]}}],"collection":[{"href":"https:\/\/litoral.ufpr.br\/agroecologia\/wp-json\/wp\/v2\/pages"}],"about":[{"href":"https:\/\/litoral.ufpr.br\/agroecologia\/wp-json\/wp\/v2\/types\/page"}],"author":[{"embeddable":true,"href":"https:\/\/litoral.ufpr.br\/agroecologia\/wp-json\/wp\/v2\/users\/3"}],"replies":[{"embeddable":true,"href":"https:\/\/litoral.ufpr.br\/agroecologia\/wp-json\/wp\/v2\/comments?post=491"}],"version-history":[{"count":51,"href":"https:\/\/litoral.ufpr.br\/agroecologia\/wp-json\/wp\/v2\/pages\/491\/revisions"}],"predecessor-version":[{"id":3735,"href":"https:\/\/litoral.ufpr.br\/agroecologia\/wp-json\/wp\/v2\/pages\/491\/revisions\/3735"}],"up":[{"embeddable":true,"href":"https:\/\/litoral.ufpr.br\/agroecologia\/wp-json\/wp\/v2\/pages\/215"}],"wp:attachment":[{"href":"https:\/\/litoral.ufpr.br\/agroecologia\/wp-json\/wp\/v2\/media?parent=491"}],"curies":[{"name":"wp","href":"https:\/\/api.w.org\/{rel}","templated":true}]}}