{"id":485,"date":"2018-11-21T11:45:14","date_gmt":"2018-11-21T13:45:14","guid":{"rendered":"https:\/\/litoral.ufpr.br\/agroecologia\/?page_id=485"},"modified":"2025-09-26T11:44:19","modified_gmt":"2025-09-26T14:44:19","slug":"assessoria","status":"publish","type":"page","link":"https:\/\/litoral.ufpr.br\/agroecologia\/equipe\/assessoria\/","title":{"rendered":"Periodiza\u00e7\u00e3o Recomendada"},"content":{"rendered":"\n<div class=\"wp-block-file\"><a id=\"wp-block-file--media-be4ea5e2-ca3a-4128-8445-c91f5f715772\" href=\"https:\/\/litoral.ufpr.br\/agroecologia\/wp-content\/uploads\/sites\/7\/2025\/09\/Periodizacao-Recomendada-1.pdf\">Periodizacao Recomendada<\/a><a href=\"https:\/\/litoral.ufpr.br\/agroecologia\/wp-content\/uploads\/sites\/7\/2025\/09\/Periodizacao-Recomendada-1.pdf\" class=\"wp-block-file__button\" download aria-describedby=\"wp-block-file--media-be4ea5e2-ca3a-4128-8445-c91f5f715772\">Baixar<\/a><\/div>\n\n\n\n<h2 class=\"wp-block-heading\">1\u00ba Per\u00edodo<\/h2>\n\n\n\n<figure class=\"wp-block-table has-small-font-size\"><table><tbody><tr><td><strong>C\u00d3DIGO<\/strong><\/td><td><strong>NOME<\/strong><\/td><td><strong>PD<\/strong><\/td><td><strong>LB<\/strong><\/td><td><strong>CP<\/strong><\/td><td><strong>OR<\/strong><\/td><td><strong>ES<\/strong><\/td><td><strong>PE<\/strong><\/td><td><strong>EFP<\/strong><\/td><td><strong>EXT<\/strong><\/td><td><strong>Total<\/strong><\/td><td><strong>EaD<\/strong><\/td><td><strong>PCC<\/strong><\/td><\/tr><tr><td>SLAGR001<\/td><td><a href=\"https:\/\/ufprbr0.sharepoint.com\/:b:\/r\/sites\/AGROECOLOGIASETORLITORAL\/Documentos%20Compartilhados\/General\/Ementas%20do%20curso%20curr%C3%ADculo%202023\/Ruralidades.pdf?csf=1&amp;web=1&amp;e=UVQzHf\">RURALIDADES: VIV\u00caNCIAS I<\/a><\/td><td>70<\/td><td>0<\/td><td>20<\/td><td>0<\/td><td>0<\/td><td>0<\/td><td>0<\/td><td>0<\/td><td>90<\/td><td>30<\/td><td>0<\/td><\/tr><tr><td>SLAGR008<\/td><td><a href=\"https:\/\/ufprbr0.sharepoint.com\/:b:\/r\/sites\/AGROECOLOGIASETORLITORAL\/Documentos%20Compartilhados\/General\/Ementas%20do%20curso%20curr%C3%ADculo%202023\/Ecologia.pdf?csf=1&amp;web=1&amp;e=NhXHnN\">ECOLOGIA<\/a><\/td><td>40<\/td><td>4<\/td><td>16<\/td><td>0<\/td><td>0<\/td><td>0<\/td><td>0<\/td><td>0<\/td><td>60<\/td><td>0<\/td><td>0<\/td><\/tr><tr><td>SLAGR035<\/td><td><a href=\"https:\/\/ufprbr0.sharepoint.com\/:b:\/r\/sites\/AGROECOLOGIASETORLITORAL\/Documentos%20Compartilhados\/General\/Ementas%20do%20curso%20curr%C3%ADculo%202023\/Princ%C3%ADpios%20de%20Agroecologia.pdf?csf=1&amp;web=1&amp;e=yZoYeg\">PRINC\u00cdPIOS DE AGROECOLOGIA E COMPLEXIDADE<\/a><\/td><td>40<\/td><td>0<\/td><td>50<\/td><td>0<\/td><td>0<\/td><td>0<\/td><td>0<\/td><td>60<\/td><td>90<\/td><td>0<\/td><td>0<\/td><\/tr><tr><td>SL60<\/td><td><a href=\"https:\/\/ufprbr0.sharepoint.com\/:b:\/r\/sites\/AGROECOLOGIASETORLITORAL\/Documentos%20Compartilhados\/General\/Ementas%20do%20curso%20curr%C3%ADculo%202023\/SL60.pdf?csf=1&amp;web=1&amp;e=teC63f\">PROJETO DE APRENDIZAGEM<\/a><\/td><td>30<\/td><td>0<\/td><td>0<\/td><td>30<\/td><td>0<\/td><td>0<\/td><td>0<\/td><td>0<\/td><td>60<\/td><td>0<\/td><td>0<\/td><\/tr><tr><td>SL52<\/td><td><a href=\"https:\/\/ufprbr0.sharepoint.com\/:b:\/r\/sites\/AGROECOLOGIASETORLITORAL\/Documentos%20Compartilhados\/General\/Ementas%20do%20curso%20curr%C3%ADculo%202023\/SL52.pdf?csf=1&amp;web=1&amp;e=ffQDsa\">INTERA\u00c7\u00d5ES CULTURAIS E HUMAN\u00cdSTICAS<\/a><\/td><td>60<\/td><td>15<\/td><td>15<\/td><td>0<\/td><td>0<\/td><td>0<\/td><td>0<\/td><td>0<\/td><td>60<\/td><td>0<\/td><td>0<\/td><\/tr><\/tbody><\/table><\/figure>\n\n\n\n<h2 class=\"wp-block-heading\">2\u00ba Per\u00edodo<\/h2>\n\n\n\n<figure class=\"wp-block-table has-small-font-size\"><table><tbody><tr><td><strong>C\u00d3DIGO<\/strong><\/td><td><strong>NOME<\/strong><\/td><td><strong>PD<\/strong><\/td><td><strong>LB<\/strong><\/td><td><strong>CP<\/strong><\/td><td><strong>OR<\/strong><\/td><td><strong>ES<\/strong><\/td><td><strong>PE<\/strong><\/td><td><strong>EFP<\/strong><\/td><td><strong>EXT<\/strong><\/td><td><strong>Total<\/strong><\/td><td><strong>EaD<\/strong><\/td><td><strong>PCC<\/strong><\/td><\/tr><tr><td>SLAGR024<\/td><td><a href=\"http:\/\/INTERA\u00c7\u00d5ES CULTURAIS E HUMAN\u00cdSTICAS\">CI\u00caNCIAS DO SOLO<\/a><\/td><td>32<\/td><td>12<\/td><td>16<\/td><td>0<\/td><td>0<\/td><td>0<\/td><td>0<\/td><td>0<\/td><td>60<\/td><td>0<\/td><td>0<\/td><\/tr><tr><td>SLAGR025<\/td><td><a href=\"http:\/\/INTERA\u00c7\u00d5ES CULTURAIS E HUMAN\u00cdSTICAS\">ESTUDO DAS PLANTAS NOS ECOSSISTEMAS<\/a><\/td><td>20<\/td><td>32<\/td><td>8<\/td><td>0<\/td><td>0<\/td><td>0<\/td><td>0<\/td><td>0<\/td><td>60<\/td><td>0<\/td><td>0<\/td><\/tr><tr><td>SLAGR030<\/td><td><a href=\"http:\/\/INTERA\u00c7\u00d5ES CULTURAIS E HUMAN\u00cdSTICAS\">INSTRUMENTOS DE INTERA\u00c7\u00c3O COM COMUNIDADES: VIV\u00caNCIAS II<\/a><\/td><td>70<\/td><td>0<\/td><td>20<\/td><td>0<\/td><td>0<\/td><td>0<\/td><td>0<\/td><td>0<\/td><td>90<\/td><td>60<\/td><td>0<\/td><\/tr><tr><td>SL61<\/td><td><a href=\"https:\/\/ufprbr0.sharepoint.com\/:b:\/r\/sites\/AGROECOLOGIASETORLITORAL\/Documentos%20Compartilhados\/General\/Ementas%20do%20curso%20curr%C3%ADculo%202023\/SL61.pdf?csf=1&amp;web=1&amp;e=sN5ayP\">PROJETO DE APRENDIZAGEM<\/a><\/td><td>30<\/td><td>0<\/td><td>0<\/td><td>30<\/td><td>0<\/td><td>0<\/td><td>0<\/td><td>0<\/td><td>60<\/td><td>0<\/td><td>0<\/td><\/tr><tr><td>SL53<\/td><td><a href=\"https:\/\/ufprbr0.sharepoint.com\/:b:\/r\/sites\/AGROECOLOGIASETORLITORAL\/Documentos%20Compartilhados\/General\/Ementas%20do%20curso%20curr%C3%ADculo%202023\/SL53.pdf?csf=1&amp;web=1&amp;e=NF1OUi\">INTERA\u00c7\u00d5ES CULTURAIS E HUMAN\u00cdSTICAS<\/a><\/td><td>30<\/td><td>15<\/td><td>15<\/td><td>0<\/td><td>0<\/td><td>0<\/td><td>0<\/td><td>0<\/td><td>60<\/td><td>0<\/td><td>0<\/td><\/tr><\/tbody><\/table><\/figure>\n\n\n\n<h2 class=\"wp-block-heading\">3\u00ba Per\u00edodo<\/h2>\n\n\n\n<figure class=\"wp-block-table has-small-font-size\"><table><tbody><tr><td><strong>C\u00d3DIGO<\/strong><\/td><td><strong>NOME<\/strong><\/td><td><strong>PD<\/strong><\/td><td><strong>LB<\/strong><\/td><td><strong>CP<\/strong><\/td><td><strong>OR<\/strong><\/td><td><strong>ES<\/strong><\/td><td><strong>PE<\/strong><\/td><td><strong>EFP<\/strong><\/td><td><strong>EXT<\/strong><\/td><td><strong>Total<\/strong><\/td><td><strong>EaD<\/strong><\/td><td><strong>PCC<\/strong><\/td><\/tr><tr><td>SLAGR006<\/td><td><a href=\"https:\/\/ufprbr0.sharepoint.com\/:b:\/r\/sites\/AGROECOLOGIASETORLITORAL\/Documentos%20Compartilhados\/General\/Ementas%20do%20curso%20curr%C3%ADculo%202023\/Rela%C3%A7%C3%B5es%20nos%20Agroecossistemas.pdf?csf=1&amp;web=1&amp;e=5J3wnd\">RELA\u00c7\u00d5ES NOS AGROECOSSISTEMAS<\/a><\/td><td>40<\/td><td>4<\/td><td>16<\/td><td>0<\/td><td>0<\/td><td>0<\/td><td>0<\/td><td>0<\/td><td>60<\/td><td>0<\/td><td>0<\/td><\/tr><tr><td>SLAGR026<\/td><td><a href=\"https:\/\/ufprbr0.sharepoint.com\/:b:\/r\/sites\/AGROECOLOGIASETORLITORAL\/Documentos%20Compartilhados\/General\/Ementas%20do%20curso%20curr%C3%ADculo%202023\/Cria%C3%A7%C3%A3o%20Animal%20I.pdf?csf=1&amp;web=1&amp;e=9u4uGa\">CRIA\u00c7\u00c3O ANIMAL I<\/a><\/td><td>44<\/td><td>0<\/td><td>16<\/td><td>0<\/td><td>0<\/td><td>0<\/td><td>0<\/td><td>0<\/td><td>60<\/td><td>0<\/td><td>0<\/td><\/tr><tr><td>SLAGR037<\/td><td><a href=\"https:\/\/ufprbr0.sharepoint.com\/:b:\/r\/sites\/AGROECOLOGIASETORLITORAL\/Documentos%20Compartilhados\/General\/Ementas%20do%20curso%20curr%C3%ADculo%202023\/Educa%C3%A7%C3%A3o%20do%20Campo.pdf?csf=1&amp;web=1&amp;e=YCfjVo\">EDUCA\u00c7\u00c3O DO CAMPO E AGROECOLOGIA<\/a><\/td><td>48<\/td><td>0<\/td><td>42<\/td><td>0<\/td><td>0<\/td><td>0<\/td><td>0<\/td><td>90<\/td><td>90<\/td><td>0<\/td><td>0<\/td><\/tr><tr><td>SL62<\/td><td><a href=\"https:\/\/ufprbr0.sharepoint.com\/:b:\/r\/sites\/AGROECOLOGIASETORLITORAL\/Documentos%20Compartilhados\/General\/Ementas%20do%20curso%20curr%C3%ADculo%202023\/SL62.pdf?csf=1&amp;web=1&amp;e=w3WdoG\">PROJETO DE APRENDIZAGEM<\/a><\/td><td>30<\/td><td>0<\/td><td>0<\/td><td>30<\/td><td>0<\/td><td>0<\/td><td>0<\/td><td>0<\/td><td>60<\/td><td>0<\/td><td>0<\/td><\/tr><tr><td>SL54<\/td><td><a href=\"https:\/\/ufprbr0.sharepoint.com\/:b:\/r\/sites\/AGROECOLOGIASETORLITORAL\/Documentos%20Compartilhados\/General\/Ementas%20do%20curso%20curr%C3%ADculo%202023\/SL54.pdf?csf=1&amp;web=1&amp;e=DokP5O\">INTERA\u00c7\u00d5ES CULTURAIS E HUMAN\u00cdSTICAS<\/a><\/td><td>30<\/td><td>15<\/td><td>15<\/td><td>0<\/td><td>0<\/td><td>0<\/td><td>0<\/td><td>0<\/td><td>60<\/td><td>0<\/td><td>0<\/td><\/tr><\/tbody><\/table><\/figure>\n\n\n\n<h2 class=\"wp-block-heading\">4\u00ba Per\u00edodo<\/h2>\n\n\n\n<figure class=\"wp-block-table has-small-font-size\"><table><tbody><tr><td><strong>C\u00d3DIGO<\/strong><\/td><td><strong>NOME<\/strong><\/td><td><strong>PD<\/strong><\/td><td><strong>LB<\/strong><\/td><td><strong>CP<\/strong><\/td><td><strong>OR<\/strong><\/td><td><strong>ES<\/strong><\/td><td><strong>PE<\/strong><\/td><td><strong>EFP<\/strong><\/td><td><strong>EXT<\/strong><\/td><td><strong>Total<\/strong><\/td><td><strong>EaD<\/strong><\/td><td><strong>PCC<\/strong><\/td><\/tr><tr><td>SLAGR010<\/td><td><a href=\"https:\/\/ufprbr0.sharepoint.com\/:b:\/r\/sites\/AGROECOLOGIASETORLITORAL\/Documentos%20Compartilhados\/General\/Ementas%20do%20curso%20curr%C3%ADculo%202023\/Manejo%20I.pdf?csf=1&amp;web=1&amp;e=6sTDoG\">MANEJO DE FAUNA E FLORA I<\/a><\/td><td>32<\/td><td>0<\/td><td>28<\/td><td>0<\/td><td>0<\/td><td>0<\/td><td>0<\/td><td>0<\/td><td>60<\/td><td>0<\/td><td>0<\/td><\/tr><tr><td>SLAGR027<\/td><td><a href=\"https:\/\/ufprbr0.sharepoint.com\/:b:\/r\/sites\/AGROECOLOGIASETORLITORAL\/Documentos%20Compartilhados\/General\/Ementas%20do%20curso%20curr%C3%ADculo%202023\/Cria%C3%A7%C3%A3o%20Animal%20II.pdf?csf=1&amp;web=1&amp;e=dNqa3F\">CRIA\u00c7\u00c3O ANIMAL II<\/a><\/td><td>44<\/td><td>0<\/td><td>16<\/td><td>0<\/td><td>0<\/td><td>0<\/td><td>0<\/td><td>0<\/td><td>60<\/td><td>0<\/td><td>0<\/td><\/tr><tr><td>SLAGR036<\/td><td><a href=\"https:\/\/ufprbr0.sharepoint.com\/:b:\/r\/sites\/AGROECOLOGIASETORLITORAL\/Documentos%20Compartilhados\/General\/Ementas%20do%20curso%20curr%C3%ADculo%202023\/Comunica%C3%A7%C3%A3o%20com%20Comunidades.pdf?csf=1&amp;web=1&amp;e=iixB4i\">COMUNICA\u00c7\u00c3O COM COMUNIDADES<\/a><\/td><td>30<\/td><td>12<\/td><td>48<\/td><td>0<\/td><td>0<\/td><td>0<\/td><td>0<\/td><td>90<\/td><td>90<\/td><td>0<\/td><td>0<\/td><\/tr><tr><td>SL63<\/td><td><a href=\"https:\/\/ufprbr0.sharepoint.com\/:b:\/r\/sites\/AGROECOLOGIASETORLITORAL\/Documentos%20Compartilhados\/General\/Ementas%20do%20curso%20curr%C3%ADculo%202023\/SL63.pdf?csf=1&amp;web=1&amp;e=YdYZcN\">PROJETO DE APRENDIZAGEM<\/a><\/td><td>30<\/td><td>0<\/td><td>0<\/td><td>30<\/td><td>0<\/td><td>0<\/td><td>0<\/td><td>0<\/td><td>60<\/td><td>0<\/td><td>0<\/td><\/tr><tr><td>SL55<\/td><td><a href=\"https:\/\/ufprbr0.sharepoint.com\/:b:\/r\/sites\/AGROECOLOGIASETORLITORAL\/Documentos%20Compartilhados\/General\/Ementas%20do%20curso%20curr%C3%ADculo%202023\/SL55.pdf?csf=1&amp;web=1&amp;e=GOTwbf\">INTERA\u00c7\u00d5ES CULTURAIS E HUMAN\u00cdSTICAS<\/a><\/td><td>30<\/td><td>15<\/td><td>15<\/td><td>0<\/td><td>0<\/td><td>0<\/td><td>0<\/td><td>0<\/td><td>60<\/td><td>0<\/td><td>0<\/td><\/tr><\/tbody><\/table><\/figure>\n\n\n\n<h2 class=\"wp-block-heading\">5\u00ba Per\u00edodo<\/h2>\n\n\n\n<figure class=\"wp-block-table has-small-font-size\"><table><tbody><tr><td><strong>C\u00d3DIGO<\/strong><\/td><td><strong>NOME<\/strong><\/td><td><strong>PD<\/strong><\/td><td><strong>LB<\/strong><\/td><td><strong>CP<\/strong><\/td><td><strong>OR<\/strong><\/td><td><strong>ES<\/strong><\/td><td><strong>PE<\/strong><\/td><td><strong>EFP<\/strong><\/td><td><strong>EXT<\/strong><\/td><td><strong>Total<\/strong><\/td><td><strong>EaD<\/strong><\/td><td><strong>PCC<\/strong><\/td><\/tr><tr><td>SLAGR013<\/td><td><a href=\"https:\/\/ufprbr0.sharepoint.com\/:b:\/r\/sites\/AGROECOLOGIASETORLITORAL\/Documentos%20Compartilhados\/General\/Ementas%20do%20curso%20curr%C3%ADculo%202023\/Manejo%20II.pdf?csf=1&amp;web=1&amp;e=j7OV5v\">MANEJO DE FAUNA E FLORAII<\/a><\/td><td>30<\/td><td>0<\/td><td>30<\/td><td>0<\/td><td>0<\/td><td>0<\/td><td>0<\/td><td>0<\/td><td>60<\/td><td>0<\/td><td>0<\/td><\/tr><tr><td>SLAGR014<\/td><td><a href=\"https:\/\/ufprbr0.sharepoint.com\/:b:\/r\/sites\/AGROECOLOGIASETORLITORAL\/Documentos%20Compartilhados\/General\/Ementas%20do%20curso%20curr%C3%ADculo%202023\/Seguran%C3%A7a%20Alimentar.pdf?csf=1&amp;web=1&amp;e=C4HTj1\">SEGURAN\u00c7A ALIMENTAR E PROCESSAMENTO DE ALIMENTOS<\/a><\/td><td>40<\/td><td>12<\/td><td>8<\/td><td>0<\/td><td>0<\/td><td>0<\/td><td>0<\/td><td>0<\/td><td>60<\/td><td>0<\/td><td>0<\/td><\/tr><tr><td>SLAGR019<\/td><td><a href=\"https:\/\/ufprbr0.sharepoint.com\/:b:\/r\/sites\/AGROECOLOGIASETORLITORAL\/Documentos%20Compartilhados\/General\/Ementas%20do%20curso%20curr%C3%ADculo%202023\/Economia%20e%20Mercado.pdf?csf=1&amp;web=1&amp;e=EP5mnj\">ECONOMIA E MERCADO<\/a><\/td><td>48<\/td><td>0<\/td><td>12<\/td><td>0<\/td><td>0<\/td><td>0<\/td><td>0<\/td><td>0<\/td><td>60<\/td><td>0<\/td><td>0<\/td><\/tr><tr><td>SL64<\/td><td><a href=\"https:\/\/ufprbr0.sharepoint.com\/:b:\/r\/sites\/AGROECOLOGIASETORLITORAL\/Documentos%20Compartilhados\/General\/Ementas%20do%20curso%20curr%C3%ADculo%202023\/SL64.pdf?csf=1&amp;web=1&amp;e=UA02Af\">PROJETO DE APRENDIZAGEM<\/a><\/td><td>30<\/td><td>0<\/td><td>0<\/td><td>30<\/td><td>0<\/td><td>0<\/td><td>0<\/td><td>0<\/td><td>60<\/td><td>0<\/td><td>0<\/td><\/tr><tr><td>SL56<\/td><td><a href=\"https:\/\/ufprbr0.sharepoint.com\/:b:\/r\/sites\/AGROECOLOGIASETORLITORAL\/Documentos%20Compartilhados\/General\/Ementas%20do%20curso%20curr%C3%ADculo%202023\/SL56.pdf?csf=1&amp;web=1&amp;e=bkAv1H\">INTERA\u00c7\u00d5ES CULTURAIS E HUMAN\u00cdSTICAS<\/a><\/td><td>30<\/td><td>15<\/td><td>15<\/td><td>0<\/td><td>0<\/td><td>0<\/td><td>0<\/td><td>0<\/td><td>60<\/td><td>0<\/td><td>0<\/td><\/tr><\/tbody><\/table><\/figure>\n\n\n\n<h2 class=\"wp-block-heading\">6\u00ba Per\u00edodo<\/h2>\n\n\n\n<figure class=\"wp-block-table has-small-font-size\"><table><tbody><tr><td><strong>C\u00d3DIGO<\/strong><\/td><td><strong>NOME<\/strong><\/td><td><strong>PD<\/strong><\/td><td><strong>LB<\/strong><\/td><td><strong>CP<\/strong><\/td><td><strong>OR<\/strong><\/td><td><strong>ES<\/strong><\/td><td><strong>PE<\/strong><\/td><td><strong>EFP<\/strong><\/td><td><strong>EXT<\/strong><\/td><td><strong>Total<\/strong><\/td><td><strong>EaD<\/strong><\/td><td><strong>PCC<\/strong><\/td><\/tr><tr><td>SLAGR012<\/td><td><a href=\"https:\/\/ufprbr0.sharepoint.com\/:b:\/r\/sites\/AGROECOLOGIASETORLITORAL\/Documentos%20Compartilhados\/General\/Ementas%20do%20curso%20curr%C3%ADculo%202023\/Sistemas%20Agroflorestais.pdf?csf=1&amp;web=1&amp;e=OeaWpl\">SISTEMAS AGROFLORESTAIS<\/a><\/td><td>32<\/td><td>0<\/td><td>28<\/td><td>0<\/td><td>0<\/td><td>0<\/td><td>0<\/td><td>0<\/td><td>60<\/td><td>0<\/td><td>0<\/td><\/tr><tr><td>SLAGR028<\/td><td><a href=\"https:\/\/ufprbr0.sharepoint.com\/:b:\/r\/sites\/AGROECOLOGIASETORLITORAL\/Documentos%20Compartilhados\/General\/Ementas%20do%20curso%20curr%C3%ADculo%202023\/Desenvolvimento%20Local.pdf?csf=1&amp;web=1&amp;e=pdXCua\">DESENVOLVIMENTO LOCAL: VIV\u00caNCIAS III<\/a><\/td><td>70<\/td><td>0<\/td><td>20<\/td><td>0<\/td><td>0<\/td><td>0<\/td><td>0<\/td><td>0<\/td><td>90<\/td><td>30<\/td><td>0<\/td><\/tr><tr><td>SLAGR029<\/td><td><a href=\"https:\/\/ufprbr0.sharepoint.com\/:b:\/r\/sites\/AGROECOLOGIASETORLITORAL\/Documentos%20Compartilhados\/General\/Ementas%20do%20curso%20curr%C3%ADculo%202023\/Planejamento%20e%20Gest%C3%A3o.pdf?csf=1&amp;web=1&amp;e=RqMx4m\">PLANEJAMENTO E GEST\u00c3O<\/a><\/td><td>48<\/td><td>0<\/td><td>12<\/td><td>0<\/td><td>0<\/td><td>0<\/td><td>0<\/td><td>0<\/td><td>60<\/td><td>0<\/td><td>0<\/td><\/tr><tr><td>SL65<\/td><td><a href=\"https:\/\/ufprbr0.sharepoint.com\/:b:\/r\/sites\/AGROECOLOGIASETORLITORAL\/Documentos%20Compartilhados\/General\/Ementas%20do%20curso%20curr%C3%ADculo%202023\/SL65.pdf?csf=1&amp;web=1&amp;e=lMz6aK\">PROJETO DE APRENDIZAGEM<\/a><\/td><td>30<\/td><td>0<\/td><td>0<\/td><td>30<\/td><td>0<\/td><td>0<\/td><td>0<\/td><td>0<\/td><td>60<\/td><td>0<\/td><td>0<\/td><\/tr><tr><td>SL57<\/td><td><a href=\"https:\/\/ufprbr0.sharepoint.com\/:b:\/r\/sites\/AGROECOLOGIASETORLITORAL\/Documentos%20Compartilhados\/General\/Ementas%20do%20curso%20curr%C3%ADculo%202023\/SL57.pdf?csf=1&amp;web=1&amp;e=6xdnx9\">INTERA\u00c7\u00d5ES CULTURAIS E HUMAN\u00cdSTICAS<\/a><\/td><td>30<\/td><td>15<\/td><td>15<\/td><td>0<\/td><td>0<\/td><td>0<\/td><td>0<\/td><td>0<\/td><td>60<\/td><td>0<\/td><td>0<\/td><\/tr><\/tbody><\/table><\/figure>\n\n\n\n<h2 class=\"wp-block-heading\">Disciplinas Optativas<\/h2>\n\n\n\n<figure class=\"wp-block-table has-small-font-size\"><table><tbody><tr><td><strong>C\u00d3DIGO<\/strong><\/td><td><strong>NOME<\/strong><\/td><td><strong>PD<\/strong><\/td><td><strong>LB<\/strong><\/td><td><strong>CP<\/strong><\/td><td><strong>OR<\/strong><\/td><td><strong>ES<\/strong><\/td><td><strong>PE<\/strong><\/td><td><strong>EFP<\/strong><\/td><td><strong>EXT<\/strong><\/td><td><strong>Total<\/strong><\/td><td><strong>EaD<\/strong><\/td><td><strong>PCC<\/strong><\/td><\/tr><tr><td>SL85<\/td><td><a href=\"https:\/\/ufprbr0.sharepoint.com\/:b:\/r\/sites\/AGROECOLOGIASETORLITORAL\/Documentos%20Compartilhados\/General\/Ementas%20do%20curso%20curr%C3%ADculo%202023\/SL85%20Libras.pdf?csf=1&amp;web=1&amp;e=TLIUh0\">INTRODU\u00c7\u00c3O AO ESTUDO DA L\u00cdNGUA BRASILEIRA DE SINAIS &#8211; LIBRAS<\/a><\/td><td>30<\/td><td>0<\/td><td>0<\/td><td>0<\/td><td>0<\/td><td>0<\/td><td>0<\/td><td>0<\/td><td>30<\/td><td>0<\/td><td>0<\/td><\/tr><tr><td>SLAGR005<\/td><td><a href=\"https:\/\/ufprbr0.sharepoint.com\/:b:\/r\/sites\/AGROECOLOGIASETORLITORAL\/Documentos%20Compartilhados\/General\/Ementas%20do%20curso%20curr%C3%ADculo%202023\/Vida%20nos%20ecossistemas%20II.pdf?csf=1&amp;web=1&amp;e=R4hutt\">VIDA NOS ECOSSISTEMAS II<\/a><\/td><td>10<\/td><td>10<\/td><td>10<\/td><td>0<\/td><td>0<\/td><td>0<\/td><td>0<\/td><td>0<\/td><td>30<\/td><td>0<\/td><td>0<\/td><\/tr><tr><td>SLAGR021<\/td><td><a href=\"https:\/\/ufprbr0.sharepoint.com\/:b:\/r\/sites\/AGROECOLOGIASETORLITORAL\/Documentos%20Compartilhados\/General\/Ementas%20do%20curso%20curr%C3%ADculo%202023\/T%C3%B3picos%20I.pdf?csf=1&amp;web=1&amp;e=qv9FfA\">T\u00d3PICOS ESPECIAIS EM AGROECOLOGIA I<\/a><\/td><td>40<\/td><td>0<\/td><td>20<\/td><td>0<\/td><td>0<\/td><td>0<\/td><td>0<\/td><td>0<\/td><td>60<\/td><td>0<\/td><td>0<\/td><\/tr><tr><td>SLAGR022<\/td><td><a href=\"https:\/\/ufprbr0.sharepoint.com\/:b:\/r\/sites\/AGROECOLOGIASETORLITORAL\/Documentos%20Compartilhados\/General\/Ementas%20do%20curso%20curr%C3%ADculo%202023\/Extens%C3%A3o%20Universit%C3%A1ria.pdf?csf=1&amp;web=1&amp;e=wzu2gz\">EXTENS\u00c3O UNIVERSIT\u00c1RIA<\/a><\/td><td>50<\/td><td>0<\/td><td>10<\/td><td>0<\/td><td>0<\/td><td>0<\/td><td>0<\/td><td>0<\/td><td>60<\/td><td>0<\/td><td>0<\/td><\/tr><tr><td>SLAGR023<\/td><td><a href=\"https:\/\/ufprbr0.sharepoint.com\/:b:\/r\/sites\/AGROECOLOGIASETORLITORAL\/Documentos%20Compartilhados\/General\/Ementas%20do%20curso%20curr%C3%ADculo%202023\/Gest%C3%A3o%20de%20Res%C3%ADduos.pdf?csf=1&amp;web=1&amp;e=5ZvsPg\">GEST\u00c3O DE RES\u00cdDUOS S\u00d3LIDOS<\/a><\/td><td>50<\/td><td>0<\/td><td>10<\/td><td>0<\/td><td>0<\/td><td>0<\/td><td>0<\/td><td>0<\/td><td>60<\/td><td>0<\/td><td>0<\/td><\/tr><tr><td>SLAGR031<\/td><td><a href=\"https:\/\/ufprbr0.sharepoint.com\/:b:\/r\/sites\/AGROECOLOGIASETORLITORAL\/Documentos%20Compartilhados\/General\/Ementas%20do%20curso%20curr%C3%ADculo%202023\/Aspectos%20da%20Bot%C3%A2nica.pdf?csf=1&amp;web=1&amp;e=4QPCYh\">ASPECTOS DA BOT\u00c2NICA<\/a><\/td><td>4<\/td><td>18<\/td><td>8<\/td><td>0<\/td><td>0<\/td><td>0<\/td><td>0<\/td><td>0<\/td><td>30<\/td><td>0<\/td><td>0<\/td><\/tr><tr><td>SLAGR032<\/td><td><a href=\"https:\/\/ufprbr0.sharepoint.com\/:b:\/r\/sites\/AGROECOLOGIASETORLITORAL\/Documentos%20Compartilhados\/General\/Ementas%20do%20curso%20curr%C3%ADculo%202023\/Ci%C3%AAncias%20do%20Solo%20II.pdf?csf=1&amp;web=1&amp;e=lNlDs2\">CI\u00caNCIAS DO SOLO II<\/a><\/td><td>4<\/td><td>18<\/td><td>8<\/td><td>0<\/td><td>0<\/td><td>0<\/td><td>0<\/td><td>0<\/td><td>30<\/td><td>0<\/td><td>0<\/td><\/tr><tr><td>SLAGR033<\/td><td><a href=\"https:\/\/ufprbr0.sharepoint.com\/:b:\/r\/sites\/AGROECOLOGIASETORLITORAL\/Documentos%20Compartilhados\/General\/Ementas%20do%20curso%20curr%C3%ADculo%202023\/T%C3%B3picos%20II.pdf?csf=1&amp;web=1&amp;e=MXWbu7\">T\u00d3PICOS ESPECIAIS EM AGROECOLOGIA II<\/a><\/td><td>20<\/td><td>0<\/td><td>10<\/td><td>0<\/td><td>0<\/td><td>0<\/td><td>0<\/td><td>0<\/td><td>30<\/td><td>0<\/td><td>0<\/td><\/tr><tr><td>SLAGR034<\/td><td><a href=\"https:\/\/ufprbr0.sharepoint.com\/:b:\/r\/sites\/AGROECOLOGIASETORLITORAL\/Documentos%20Compartilhados\/General\/Ementas%20do%20curso%20curr%C3%ADculo%202023\/T%C3%B3picos%20III.pdf?csf=1&amp;web=1&amp;e=xNZSPG\">T\u00d3PICOS ESPECIAIS EM AGROECOLOGIA III<\/a><\/td><td>20<\/td><td>0<\/td><td>10<\/td><td>0<\/td><td>0<\/td><td>0<\/td><td>0<\/td><td>0<\/td><td>30<\/td><td>0<\/td><td>0<\/td><\/tr><tr><td>SLEX51<\/td><td><a href=\"https:\/\/ufprbr0.sharepoint.com\/:b:\/r\/sites\/AGROECOLOGIASETORLITORAL\/Documentos%20Compartilhados\/General\/Ementas%20do%20curso%20curr%C3%ADculo%202023\/Introdu%C3%A7%C3%A3o%20%C3%A0%20Extens%C3%A3o%20Universit%C3%A1ria.pdf?csf=1&amp;web=1&amp;e=wkHazN\">INTRODU\u00c7\u00c3O \u00c0 EXTENS\u00c3O UNIVERSIT\u00c1RIA<\/a><\/td><td>30<\/td><td>0<\/td><td>0<\/td><td>0<\/td><td>0<\/td><td>0<\/td><td>0<\/td><td>30<\/td><td>30<\/td><td>0<\/td><td>0<\/td><\/tr><\/tbody><\/table><figcaption>O discente dever\u00e1 cumprir 30 horas de carga hor\u00e1ria optativa.<\/figcaption><\/figure>\n\n\n\n<p class=\"has-small-font-size\">P\u00e1gina atualizada em 25 de setembro de 2025.<\/p>\n","protected":false},"excerpt":{"rendered":"<p>1\u00ba Per\u00edodo C\u00d3DIGO NOME PD LB CP OR ES PE EFP EXT Total EaD PCC SLAGR001 RURALIDADES: VIV\u00caNCIAS I 70 0 20 0 0 0 0 0 90 30 0 SLAGR008 ECOLOGIA 40 4 16 0 0 0 0 0 60 0 0 SLAGR035 PRINC\u00cdPIOS DE AGROECOLOGIA E COMPLEXIDADE 40 0 50 0 0 0 [&hellip;]<\/p>\n","protected":false},"author":3,"featured_media":0,"parent":215,"menu_order":0,"comment_status":"closed","ping_status":"closed","template":"","meta":{"_acf_changed":false,"footnotes":""},"class_list":["post-485","page","type-page","status-publish","hentry"],"acf":[],"_links":{"self":[{"href":"https:\/\/litoral.ufpr.br\/agroecologia\/wp-json\/wp\/v2\/pages\/485","targetHints":{"allow":["GET"]}}],"collection":[{"href":"https:\/\/litoral.ufpr.br\/agroecologia\/wp-json\/wp\/v2\/pages"}],"about":[{"href":"https:\/\/litoral.ufpr.br\/agroecologia\/wp-json\/wp\/v2\/types\/page"}],"author":[{"embeddable":true,"href":"https:\/\/litoral.ufpr.br\/agroecologia\/wp-json\/wp\/v2\/users\/3"}],"replies":[{"embeddable":true,"href":"https:\/\/litoral.ufpr.br\/agroecologia\/wp-json\/wp\/v2\/comments?post=485"}],"version-history":[{"count":54,"href":"https:\/\/litoral.ufpr.br\/agroecologia\/wp-json\/wp\/v2\/pages\/485\/revisions"}],"predecessor-version":[{"id":3979,"href":"https:\/\/litoral.ufpr.br\/agroecologia\/wp-json\/wp\/v2\/pages\/485\/revisions\/3979"}],"up":[{"embeddable":true,"href":"https:\/\/litoral.ufpr.br\/agroecologia\/wp-json\/wp\/v2\/pages\/215"}],"wp:attachment":[{"href":"https:\/\/litoral.ufpr.br\/agroecologia\/wp-json\/wp\/v2\/media?parent=485"}],"curies":[{"name":"wp","href":"https:\/\/api.w.org\/{rel}","templated":true}]}}