{"id":483,"date":"2018-11-21T11:44:58","date_gmt":"2018-11-21T13:44:58","guid":{"rendered":"https:\/\/litoral.ufpr.br\/agroecologia\/?page_id=483"},"modified":"2025-04-28T10:22:21","modified_gmt":"2025-04-28T13:22:21","slug":"extensao","status":"publish","type":"page","link":"https:\/\/litoral.ufpr.br\/agroecologia\/projetos\/extensao\/","title":{"rendered":"Extens\u00e3o"},"content":{"rendered":"\n<figure class=\"wp-block-table\"><table><tbody><tr><td>Projeto de Extens\u00e3o<\/td><td>Em Execu\u00e7\u00e3o<br>2025<\/td><td>MANOEL FLORES LESAMA<\/td><td>Sistemas Agroflorestais<\/td><td>manoel.lesama@ufpr.br<\/td><\/tr><tr><td>Projeto de Extens\u00e3o<\/td><td>Em Execu\u00e7\u00e3o<br>2023<\/td><td>LUIZ ROGERIO OLIVEIRA DA SILVA<\/td><td>A Agricultura Familiar \u00e9 Mais Saud\u00e1vel: fortalecendo circuitos curtos no eixo Paranagu\u00e1-Matinhos.<\/td><td>luizrogerio.ol@uol.com.br<\/td><\/tr><tr><td>Programa de Extens\u00e3o<\/td><td>Em Execu\u00e7\u00e3o<br>2023<\/td><td>GABRIELA SCHENATO BICA<\/td><td>Programa de Extens\u00e3o NEA Ju\u00e7ara<\/td><td>bica@ufpr.br<\/td><\/tr><tr><td>Projeto de Extens\u00e3o<\/td><td>Em Execu\u00e7\u00e3o<br>2025<\/td><td>ANA CHRISTINA DUARTE PIRES<\/td><td>Assist\u00eancia T\u00e9cnica Agroecol\u00f3gica<\/td><td>anachrisdp@gmail.com<\/td><\/tr><\/tbody><\/table><figcaption>Atualiza\u00e7\u00e3o 28.04.2025<\/figcaption><\/figure>\n\n\n\n<p><\/p>\n\n\n\n<h2 class=\"wp-block-heading\"><strong>Apresenta\u00e7\u00f5es do SIEPE 202<\/strong>5 (aguardando)<\/h2>\n\n\n\n<h2 class=\"has-text-align-center wp-block-heading\"> <\/h2>\n\n\n\n<p><\/p>\n","protected":false},"excerpt":{"rendered":"<p>Projeto de Extens\u00e3o Em Execu\u00e7\u00e3o2025 MANOEL FLORES LESAMA Sistemas Agroflorestais manoel.lesama@ufpr.br Projeto de Extens\u00e3o Em Execu\u00e7\u00e3o2023 LUIZ ROGERIO OLIVEIRA DA SILVA A Agricultura Familiar \u00e9 Mais Saud\u00e1vel: fortalecendo circuitos curtos no eixo Paranagu\u00e1-Matinhos. luizrogerio.ol@uol.com.br Programa de Extens\u00e3o Em Execu\u00e7\u00e3o2023 GABRIELA SCHENATO BICA Programa de Extens\u00e3o NEA Ju\u00e7ara bica@ufpr.br Projeto de Extens\u00e3o Em Execu\u00e7\u00e3o2025 ANA CHRISTINA [&hellip;]<\/p>\n","protected":false},"author":3,"featured_media":0,"parent":210,"menu_order":0,"comment_status":"closed","ping_status":"closed","template":"","meta":{"_acf_changed":false,"footnotes":""},"class_list":["post-483","page","type-page","status-publish","hentry"],"acf":[],"_links":{"self":[{"href":"https:\/\/litoral.ufpr.br\/agroecologia\/wp-json\/wp\/v2\/pages\/483","targetHints":{"allow":["GET"]}}],"collection":[{"href":"https:\/\/litoral.ufpr.br\/agroecologia\/wp-json\/wp\/v2\/pages"}],"about":[{"href":"https:\/\/litoral.ufpr.br\/agroecologia\/wp-json\/wp\/v2\/types\/page"}],"author":[{"embeddable":true,"href":"https:\/\/litoral.ufpr.br\/agroecologia\/wp-json\/wp\/v2\/users\/3"}],"replies":[{"embeddable":true,"href":"https:\/\/litoral.ufpr.br\/agroecologia\/wp-json\/wp\/v2\/comments?post=483"}],"version-history":[{"count":78,"href":"https:\/\/litoral.ufpr.br\/agroecologia\/wp-json\/wp\/v2\/pages\/483\/revisions"}],"predecessor-version":[{"id":3262,"href":"https:\/\/litoral.ufpr.br\/agroecologia\/wp-json\/wp\/v2\/pages\/483\/revisions\/3262"}],"up":[{"embeddable":true,"href":"https:\/\/litoral.ufpr.br\/agroecologia\/wp-json\/wp\/v2\/pages\/210"}],"wp:attachment":[{"href":"https:\/\/litoral.ufpr.br\/agroecologia\/wp-json\/wp\/v2\/media?parent=483"}],"curies":[{"name":"wp","href":"https:\/\/api.w.org\/{rel}","templated":true}]}}