{"id":479,"date":"2018-11-21T11:44:27","date_gmt":"2018-11-21T13:44:27","guid":{"rendered":"https:\/\/litoral.ufpr.br\/agroecologia\/?page_id=479"},"modified":"2022-05-19T12:04:51","modified_gmt":"2022-05-19T15:04:51","slug":"ensino","status":"publish","type":"page","link":"https:\/\/litoral.ufpr.br\/agroecologia\/ensino\/","title":{"rendered":"Ensino"},"content":{"rendered":"\n<p>Fundamentos Te\u00f3rico Pr\u00e1ticos \u2013 FTP<\/p>\n\n\n\n<p><blockquote class=\"wp-embedded-content\" data-secret=\"EcpRW5Pu1c\"><a href=\"https:\/\/litoral.ufpr.br\/agroecologia\/ensino\/fundamentos-teorico-praticos-ftp\/\">Fundamentos Te\u00f3rico Pr\u00e1ticos \u2013 FTP<\/a><\/blockquote><iframe loading=\"lazy\" class=\"wp-embedded-content\" sandbox=\"allow-scripts\" security=\"restricted\" style=\"position: absolute; visibility: hidden;\" title=\"&#8220;Fundamentos Te\u00f3rico Pr\u00e1ticos \u2013 FTP&#8221; &#8212; Tecnologia em Agroecologia\" src=\"https:\/\/litoral.ufpr.br\/agroecologia\/ensino\/fundamentos-teorico-praticos-ftp\/embed\/#?secret=p5Fm316lQH#?secret=EcpRW5Pu1c\" data-secret=\"EcpRW5Pu1c\" width=\"500\" height=\"282\" frameborder=\"0\" marginwidth=\"0\" marginheight=\"0\" scrolling=\"no\"><\/iframe><\/p>\n\n\n\n<p>Intera\u00e7\u00f5es Culturais e Human\u00edsticas \u2013 ICH<\/p>\n\n\n\n<p><blockquote class=\"wp-embedded-content\" data-secret=\"LAGaizFYoe\"><a href=\"https:\/\/litoral.ufpr.br\/agroecologia\/ensino\/interacoes-culturais-e-humanisticas-ich\/\">Intera\u00e7\u00f5es Culturais e Human\u00edsticas \u2013 ICH<\/a><\/blockquote><iframe loading=\"lazy\" class=\"wp-embedded-content\" sandbox=\"allow-scripts\" security=\"restricted\" style=\"position: absolute; visibility: hidden;\" title=\"&#8220;Intera\u00e7\u00f5es Culturais e Human\u00edsticas \u2013 ICH&#8221; &#8212; Tecnologia em Agroecologia\" src=\"https:\/\/litoral.ufpr.br\/agroecologia\/ensino\/interacoes-culturais-e-humanisticas-ich\/embed\/#?secret=nzETYFnIws#?secret=LAGaizFYoe\" data-secret=\"LAGaizFYoe\" width=\"500\" height=\"282\" frameborder=\"0\" marginwidth=\"0\" marginheight=\"0\" scrolling=\"no\"><\/iframe><\/p>\n\n\n\n<p>Projetos de Aprendizagem \u2013 PA<\/p>\n\n\n\n<p><blockquote class=\"wp-embedded-content\" data-secret=\"zXu41yKvrC\"><a href=\"https:\/\/litoral.ufpr.br\/agroecologia\/ensino\/projetos-de-aprendizagem-pa\/\">Projetos de Aprendizagem \u2013 PA<\/a><\/blockquote><iframe loading=\"lazy\" class=\"wp-embedded-content\" sandbox=\"allow-scripts\" security=\"restricted\" style=\"position: absolute; visibility: hidden;\" title=\"&#8220;Projetos de Aprendizagem \u2013 PA&#8221; &#8212; Tecnologia em Agroecologia\" src=\"https:\/\/litoral.ufpr.br\/agroecologia\/ensino\/projetos-de-aprendizagem-pa\/embed\/#?secret=ZoTnj3mcy0#?secret=zXu41yKvrC\" data-secret=\"zXu41yKvrC\" width=\"500\" height=\"282\" frameborder=\"0\" marginwidth=\"0\" marginheight=\"0\" scrolling=\"no\"><\/iframe><\/p>\n","protected":false},"excerpt":{"rendered":"<p>Fundamentos Te\u00f3rico Pr\u00e1ticos \u2013 FTP Fundamentos Te\u00f3rico Pr\u00e1ticos \u2013 FTP Intera\u00e7\u00f5es Culturais e Human\u00edsticas \u2013 ICH Intera\u00e7\u00f5es Culturais e Human\u00edsticas \u2013 ICH Projetos de Aprendizagem \u2013 PA Projetos de Aprendizagem \u2013 PA<\/p>\n","protected":false},"author":3,"featured_media":0,"parent":0,"menu_order":0,"comment_status":"closed","ping_status":"closed","template":"","meta":{"_acf_changed":false,"footnotes":""},"class_list":["post-479","page","type-page","status-publish","hentry"],"acf":[],"_links":{"self":[{"href":"https:\/\/litoral.ufpr.br\/agroecologia\/wp-json\/wp\/v2\/pages\/479","targetHints":{"allow":["GET"]}}],"collection":[{"href":"https:\/\/litoral.ufpr.br\/agroecologia\/wp-json\/wp\/v2\/pages"}],"about":[{"href":"https:\/\/litoral.ufpr.br\/agroecologia\/wp-json\/wp\/v2\/types\/page"}],"author":[{"embeddable":true,"href":"https:\/\/litoral.ufpr.br\/agroecologia\/wp-json\/wp\/v2\/users\/3"}],"replies":[{"embeddable":true,"href":"https:\/\/litoral.ufpr.br\/agroecologia\/wp-json\/wp\/v2\/comments?post=479"}],"version-history":[{"count":40,"href":"https:\/\/litoral.ufpr.br\/agroecologia\/wp-json\/wp\/v2\/pages\/479\/revisions"}],"predecessor-version":[{"id":2413,"href":"https:\/\/litoral.ufpr.br\/agroecologia\/wp-json\/wp\/v2\/pages\/479\/revisions\/2413"}],"wp:attachment":[{"href":"https:\/\/litoral.ufpr.br\/agroecologia\/wp-json\/wp\/v2\/media?parent=479"}],"curies":[{"name":"wp","href":"https:\/\/api.w.org\/{rel}","templated":true}]}}