{"id":477,"date":"2018-11-21T11:43:49","date_gmt":"2018-11-21T13:43:49","guid":{"rendered":"https:\/\/litoral.ufpr.br\/agroecologia\/?page_id=477"},"modified":"2025-11-13T11:53:39","modified_gmt":"2025-11-13T14:53:39","slug":"grade-e-corpo-docente","status":"publish","type":"page","link":"https:\/\/litoral.ufpr.br\/agroecologia\/grade-e-corpo-docente\/","title":{"rendered":"Grade Hor\u00e1ria"},"content":{"rendered":"\n<figure class=\"wp-block-image size-large\"><img loading=\"lazy\" decoding=\"async\" width=\"1024\" height=\"512\" src=\"https:\/\/litoral.ufpr.br\/agroecologia\/wp-content\/uploads\/sites\/7\/2025\/11\/image-1024x512.png\" alt=\"\" class=\"wp-image-4082\" srcset=\"https:\/\/litoral.ufpr.br\/agroecologia\/wp-content\/uploads\/sites\/7\/2025\/11\/image-1024x512.png 1024w, https:\/\/litoral.ufpr.br\/agroecologia\/wp-content\/uploads\/sites\/7\/2025\/11\/image-300x150.png 300w, https:\/\/litoral.ufpr.br\/agroecologia\/wp-content\/uploads\/sites\/7\/2025\/11\/image-768x384.png 768w, https:\/\/litoral.ufpr.br\/agroecologia\/wp-content\/uploads\/sites\/7\/2025\/11\/image-400x200.png 400w, https:\/\/litoral.ufpr.br\/agroecologia\/wp-content\/uploads\/sites\/7\/2025\/11\/image.png 1226w\" sizes=\"auto, (max-width: 1024px) 100vw, 1024px\" \/><\/figure>\n\n\n\n<h2 class=\"wp-block-heading\">Grades dos semestres anteriores<\/h2>\n\n\n\n<figure class=\"wp-block-table is-style-regular has-small-font-size\"><table><tbody><tr><td class=\"has-text-align-center\" data-align=\"center\"><a href=\"https:\/\/litoral.ufpr.br\/agroecologia\/2025\/07\/07\/matriculas-do-semestre-2025-2\/\"><strong>SEMESTRE 2025-2<\/strong><\/a><\/td><\/tr><tr><td class=\"has-text-align-center\" data-align=\"center\"><a href=\"https:\/\/litoral.ufpr.br\/agroecologia\/2024\/11\/18\/matriculas-2025-1-em-elaboracao\/\"><strong>SEMESTRE 2025-1<\/strong><\/a><\/td><\/tr><tr><td class=\"has-text-align-center\" data-align=\"center\"><a href=\"https:\/\/litoral.ufpr.br\/agroecologia\/wp-admin\/post.php?post=2900&amp;action=edit\"><strong>SEMESTRE 2024-2<\/strong><\/a><\/td><\/tr><tr><td class=\"has-text-align-center\" data-align=\"center\"><a href=\"https:\/\/litoral.ufpr.br\/agroecologia\/2024\/01\/04\/matriculas-2024-1-periodo-para-solicitacao-de-matriculas-de-29-jan-a-03-fev-pelo-siga\/\"><strong>SEMESTRE 2024-1<\/strong><\/a><\/td><\/tr><tr><td class=\"has-text-align-center\" data-align=\"center\"><a href=\"https:\/\/litoral.ufpr.br\/agroecologia\/2023\/06\/16\/matriculas-2023-2-periodo-para-solicitacao-de-matriculas-de-15-a-18-de-julho-de-2023-pelo-siga\/\"><strong>SEMESTRE 2023-2<\/strong><\/a><\/td><\/tr><tr><td class=\"has-text-align-center\" data-align=\"center\"><a href=\"https:\/\/litoral.ufpr.br\/agroecologia\/2023\/02\/27\/matriculas-2023-1-periodo-para-solicitacao-de-matriculas-de-11-03-2023-a-14-03-2023-pelo-siga\/\"><strong>SEMESTRE 2023-1<\/strong><\/a><\/td><\/tr><tr><td class=\"has-text-align-center\" data-align=\"center\"><a href=\"https:\/\/litoral.ufpr.br\/agroecologia\/2022\/09\/19\/matriculas-2022-2-periodo-para-solicitacao-de-matriculas-de-01-10-2022-a-05-10-2022-pelo-siga\/\"><strong>SEMESTRE 2022-2<\/strong><\/a><\/td><\/tr><tr><td class=\"has-text-align-center\" data-align=\"center\"><a href=\"https:\/\/litoral.ufpr.br\/agroecologia\/2022\/05\/03\/matriculas-2022-1-periodo-para-solicitacao-de-matriculas-de-21-05-2022-a-25-05-2022-pelo-siga\/\"><strong>SEMESTRE 2022-1<\/strong><\/a><\/td><\/tr><tr><td class=\"has-text-align-center\" data-align=\"center\"><a href=\"https:\/\/litoral.ufpr.br\/agroecologia\/2022\/01\/07\/matriculas-2021-2\/\"><strong>SEMESTRE 2021-2<\/strong><\/a><\/td><\/tr><tr><td class=\"has-text-align-center\" data-align=\"center\"><a href=\"https:\/\/litoral.ufpr.br\/agroecologia\/2021\/08\/23\/encargos-didaticos-2021-1\/\"><strong>SEMESTRE 2021-1<\/strong><\/a><\/td><\/tr><tr><td class=\"has-text-align-center\" data-align=\"center\"><a href=\"https:\/\/litoral.ufpr.br\/agroecologia\/2021\/04\/14\/retomada-do-calendario-academico-2020-ofertas-do-periodo-de-transicao\/\"><strong>SEMESTRE 2020-2<\/strong><\/a><\/td><\/tr><tr><td class=\"has-text-align-center\" data-align=\"center\"><a href=\"https:\/\/litoral.ufpr.br\/agroecologia\/2020\/10\/23\/ofertas-ii-periodo-especial\/\"><strong>PER\u00cdODO ESPECIAL II<\/strong><\/a><\/td><\/tr><tr><td class=\"has-text-align-center\" data-align=\"center\"><a href=\"https:\/\/litoral.ufpr.br\/agroecologia\/2020\/07\/06\/oferta-de-turmas-em-periodo-especial\/\"><strong>PER\u00cdODO ESPECIAL I<\/strong><\/a><\/td><\/tr><tr><td class=\"has-text-align-center\" data-align=\"center\"><a href=\"https:\/\/litoral.ufpr.br\/agroecologia\/wp-content\/uploads\/sites\/7\/2019\/10\/CRONOGRAMA-2020-1.pdf\"><strong>SEMESTRE 2020-1<\/strong><\/a><\/td><\/tr><tr><td class=\"has-text-align-center\" data-align=\"center\"><strong><a href=\"https:\/\/litoral.ufpr.br\/agroecologia\/wp-content\/uploads\/sites\/7\/2019\/09\/CRONOGRAMA-2019-2-_02.08_2019-1.pdf\">SEMESTRE 2019-2<\/a><\/strong><\/td><\/tr><tr><td class=\"has-text-align-center\" data-align=\"center\"><a href=\"https:\/\/litoral.ufpr.br\/agroecologia\/wp-content\/uploads\/sites\/7\/2018\/11\/CRONOGRAMA-2019-1-1-Vers%C3%A3o-site.pdf\"><strong>SEMESTRE 2019-1<\/strong><\/a><\/td><\/tr><tr><td class=\"has-text-align-center\" data-align=\"center\"><strong><a href=\"https:\/\/litoral.ufpr.br\/wp-content\/uploads\/2014\/12\/CRONOGRAMA-2018-2.pdf\">SEMESTRE 2018-2<\/a><\/strong><\/td><\/tr><tr><td class=\"has-text-align-center\" data-align=\"center\"><a href=\"https:\/\/litoral.ufpr.br\/wp-content\/uploads\/2014\/12\/Cronograma-2018-1.pdf\"><strong>SEMESTRE 2018-1<\/strong><\/a><\/td><\/tr><tr><td class=\"has-text-align-center\" data-align=\"center\"><a href=\"https:\/\/litoral.ufpr.br\/agroecologia\/wp-content\/uploads\/sites\/7\/2021\/11\/Cronograma-2017-2-v-1-reuniao-020517.pdf\"><strong>SEMESTRE 2017-2<\/strong><\/a><\/td><\/tr><tr><td class=\"has-text-align-center\" data-align=\"center\"><a href=\"https:\/\/litoral.ufpr.br\/agroecologia\/wp-content\/uploads\/sites\/7\/2021\/11\/CRONOGRAMA-2017-1.pdf\"><strong>SEMESTRE 2017-1<\/strong><\/a><\/td><\/tr><tr><td class=\"has-text-align-center\" data-align=\"center\"><a href=\"https:\/\/litoral.ufpr.br\/agroecologia\/wp-content\/uploads\/sites\/7\/2021\/11\/Cronograma-2016-2.pdf\"><strong>SEMESTRE 2016-2<\/strong><\/a><\/td><\/tr><tr><td class=\"has-text-align-center\" data-align=\"center\"><a href=\"https:\/\/litoral.ufpr.br\/agroecologia\/wp-content\/uploads\/sites\/7\/2021\/11\/Cronograma-2016-1.pdf\"><strong>SEMESTRE 2016-1<\/strong><\/a><\/td><\/tr><tr><td class=\"has-text-align-center\" data-align=\"center\"><a href=\"https:\/\/litoral.ufpr.br\/agroecologia\/wp-content\/uploads\/sites\/7\/2021\/11\/cronograma-em-2015-2.pdf\"><strong>SEMESTRE 2015-2<\/strong><\/a><\/td><\/tr><tr><td class=\"has-text-align-center\" data-align=\"center\"><a href=\"https:\/\/litoral.ufpr.br\/agroecologia\/wp-content\/uploads\/sites\/7\/2021\/11\/cronograma-2015-1.pdf\"><strong>SEMESTRE 2015-1<\/strong><\/a><\/td><\/tr><\/tbody><\/table><\/figure>\n\n\n\n<h2 class=\"wp-block-heading\">Documentos<\/h2>\n\n\n\n<div class=\"wp-block-file\"><a id=\"wp-block-file--media-54190365-7513-407b-8e66-ce48a214ca0b\" href=\"https:\/\/litoral.ufpr.br\/agroecologia\/wp-content\/uploads\/sites\/7\/2025\/02\/Matriz-curricular-site.pdf\">Matriz-curricular <\/a><a href=\"https:\/\/litoral.ufpr.br\/agroecologia\/wp-content\/uploads\/sites\/7\/2025\/02\/Matriz-curricular-site.pdf\" class=\"wp-block-file__button wp-element-button\" download aria-describedby=\"wp-block-file--media-54190365-7513-407b-8e66-ce48a214ca0b\">Baixar<\/a><\/div>\n\n\n\n<div class=\"wp-block-file\"><a id=\"wp-block-file--media-10913392-9053-49a6-9ea1-512ee0c9cecf\" href=\"https:\/\/litoral.ufpr.br\/agroecologia\/wp-content\/uploads\/sites\/7\/2023\/03\/Ajuste-curricular-2023-matriz-curricular-ementas.pdf\">Ementas 2023<\/a><a href=\"https:\/\/litoral.ufpr.br\/agroecologia\/wp-content\/uploads\/sites\/7\/2023\/03\/Ajuste-curricular-2023-matriz-curricular-ementas.pdf\" class=\"wp-block-file__button wp-element-button\" download aria-describedby=\"wp-block-file--media-10913392-9053-49a6-9ea1-512ee0c9cecf\">Baixar<\/a><\/div>\n\n\n\n<div class=\"wp-block-file\"><a id=\"wp-block-file--media-cf88e457-324e-4ebd-a68c-2c8c7bc90e23\" href=\"https:\/\/litoral.ufpr.br\/agroecologia\/wp-content\/uploads\/sites\/7\/2024\/01\/SEI_6261829_Portaria_690_SPROGRAD_COPAC.pdf\">Portaria_690_SPROGRAD_COPAC<\/a><a href=\"https:\/\/litoral.ufpr.br\/agroecologia\/wp-content\/uploads\/sites\/7\/2024\/01\/SEI_6261829_Portaria_690_SPROGRAD_COPAC.pdf\" class=\"wp-block-file__button wp-element-button\" download aria-describedby=\"wp-block-file--media-cf88e457-324e-4ebd-a68c-2c8c7bc90e23\">Baixar<\/a><\/div>\n\n\n\n<div class=\"wp-block-file\"><a id=\"wp-block-file--media-e785ab0d-002d-43c1-a2a7-3fab82116d96\" href=\"https:\/\/litoral.ufpr.br\/agroecologia\/wp-content\/uploads\/sites\/7\/2024\/02\/SEI_5250603_Portaria_454_PROGRAD_COPAC.pdf\">Portaria_454_PROGRAD_COPAC<\/a><a href=\"https:\/\/litoral.ufpr.br\/agroecologia\/wp-content\/uploads\/sites\/7\/2024\/02\/SEI_5250603_Portaria_454_PROGRAD_COPAC.pdf\" class=\"wp-block-file__button wp-element-button\" download aria-describedby=\"wp-block-file--media-e785ab0d-002d-43c1-a2a7-3fab82116d96\">Baixar<\/a><\/div>\n\n\n\n<div class=\"wp-block-file\"><a id=\"wp-block-file--media-fb856fc2-2880-4954-ac7e-32a475fa915d\" href=\"https:\/\/litoral.ufpr.br\/agroecologia\/wp-content\/uploads\/sites\/7\/2023\/07\/PPC-SIGA.pdf\">PPC 2023<\/a><a href=\"https:\/\/litoral.ufpr.br\/agroecologia\/wp-content\/uploads\/sites\/7\/2023\/07\/PPC-SIGA.pdf\" class=\"wp-block-file__button wp-element-button\" download aria-describedby=\"wp-block-file--media-fb856fc2-2880-4954-ac7e-32a475fa915d\">Baixar<\/a><\/div>\n\n\n\n<p><a href=\"https:\/\/drive.google.com\/file\/d\/1PJ9VEoUrn7Viz9wXf6tnYTmjjPauHEap\/view?usp=sharing\">PPC 2015<\/a><\/p>\n\n\n\n<p><a href=\"https:\/\/litoral.ufpr.br\/agroecologia\/wp-content\/uploads\/sites\/7\/2019\/02\/Portaria-028-ajuste-curricular.pdf\">Portaria PROGRAD 028-19 ajuste curricular<\/a><\/p>\n\n\n\n<p><a href=\"https:\/\/litoral.ufpr.br\/agroecologia\/wp-content\/uploads\/sites\/7\/2018\/08\/Portaria-008-16-Ajuste-Curricular-Res-0915.pdf\">Portaria PROGRAD 008-16 Ajuste Curricular Res 09-15<\/a><\/p>\n\n\n\n<p><strong>RESOLU\u00c7\u00d5ES<\/strong><\/p>\n\n\n\n<p><strong>COUN<\/strong><\/p>\n\n\n\n<ul class=\"wp-block-list\">\n<li>Aprova\u00e7\u00e3o da cria\u00e7\u00e3o do Curso Superior de Tecnologia em Agroecologia<\/li>\n<\/ul>\n\n\n\n<p><a href=\"https:\/\/litoral.ufpr.br\/agroecologia\/wp-content\/uploads\/sites\/7\/2018\/08\/Res.-COUN-15-07.pdf\">Res. COUN 15-07<\/a><\/p>\n\n\n\n<p><strong>CEPE<\/strong><\/p>\n\n\n\n<ul class=\"wp-block-list\">\n<li>Resolu\u00e7\u00e3o que fixa os curr\u00edculos do Curso Superior de Tecnologia em Agroecologia<\/li>\n<\/ul>\n\n\n\n<p><a href=\"https:\/\/litoral.ufpr.br\/agroecologia\/wp-content\/uploads\/sites\/7\/2018\/08\/Resolu%C3%A7%C3%A3o-0915.pdf\">Resolu\u00e7\u00e3o n\u00ba 09-15 CEPE \u2013 Agroecologia 2015<\/a><\/p>\n\n\n\n<h6 class=\"wp-block-heading\">(atualizada em 13 de agosto de  2025<\/h6>\n","protected":false},"excerpt":{"rendered":"<p>Grades dos semestres anteriores SEMESTRE 2025-2 SEMESTRE 2025-1 SEMESTRE 2024-2 SEMESTRE 2024-1 SEMESTRE 2023-2 SEMESTRE 2023-1 SEMESTRE 2022-2 SEMESTRE 2022-1 SEMESTRE 2021-2 SEMESTRE 2021-1 SEMESTRE 2020-2 PER\u00cdODO ESPECIAL II PER\u00cdODO ESPECIAL I SEMESTRE 2020-1 SEMESTRE 2019-2 SEMESTRE 2019-1 SEMESTRE 2018-2 SEMESTRE 2018-1 SEMESTRE 2017-2 SEMESTRE 2017-1 SEMESTRE 2016-2 SEMESTRE 2016-1 SEMESTRE 2015-2 SEMESTRE 2015-1 Documentos [&hellip;]<\/p>\n","protected":false},"author":3,"featured_media":0,"parent":0,"menu_order":0,"comment_status":"closed","ping_status":"closed","template":"","meta":{"_acf_changed":false,"footnotes":""},"class_list":["post-477","page","type-page","status-publish","hentry"],"acf":[],"_links":{"self":[{"href":"https:\/\/litoral.ufpr.br\/agroecologia\/wp-json\/wp\/v2\/pages\/477","targetHints":{"allow":["GET"]}}],"collection":[{"href":"https:\/\/litoral.ufpr.br\/agroecologia\/wp-json\/wp\/v2\/pages"}],"about":[{"href":"https:\/\/litoral.ufpr.br\/agroecologia\/wp-json\/wp\/v2\/types\/page"}],"author":[{"embeddable":true,"href":"https:\/\/litoral.ufpr.br\/agroecologia\/wp-json\/wp\/v2\/users\/3"}],"replies":[{"embeddable":true,"href":"https:\/\/litoral.ufpr.br\/agroecologia\/wp-json\/wp\/v2\/comments?post=477"}],"version-history":[{"count":144,"href":"https:\/\/litoral.ufpr.br\/agroecologia\/wp-json\/wp\/v2\/pages\/477\/revisions"}],"predecessor-version":[{"id":4085,"href":"https:\/\/litoral.ufpr.br\/agroecologia\/wp-json\/wp\/v2\/pages\/477\/revisions\/4085"}],"wp:attachment":[{"href":"https:\/\/litoral.ufpr.br\/agroecologia\/wp-json\/wp\/v2\/media?parent=477"}],"curies":[{"name":"wp","href":"https:\/\/api.w.org\/{rel}","templated":true}]}}