{"id":4046,"date":"2025-11-13T11:03:26","date_gmt":"2025-11-13T14:03:26","guid":{"rendered":"https:\/\/litoral.ufpr.br\/agroecologia\/?page_id=4046"},"modified":"2025-11-26T12:56:36","modified_gmt":"2025-11-26T15:56:36","slug":"estagios","status":"publish","type":"page","link":"https:\/\/litoral.ufpr.br\/agroecologia\/estagios\/","title":{"rendered":"Est\u00e1gios"},"content":{"rendered":"\n<p>O Projeto Pedag\u00f3gico do Curso de Tecnologia em Agroecologia prev\u00ea a realiza\u00e7\u00e3o de\u00a0<strong>est\u00e1gio n\u00e3o obrigat\u00f3rio<\/strong>, ou seja \u00e9 aquele desenvolvido como atividade opcional, acrescida \u00e0 carga hor\u00e1ria regular e obrigat\u00f3ria.<\/p>\n\n\n\n<p>A carga hor\u00e1ria cumprida pelo estudante no est\u00e1gio n\u00e3o obrigat\u00f3rio poder\u00e1 ser utilizada, mediante an\u00e1lise e deferimento da Comiss\u00e3o das Atividades Formativas Complementares, como horas de atividades formativas complementares conforme o Regulamento de Est\u00e1gio do curso.<\/p>\n\n\n\n<div class=\"wp-block-file\"><a id=\"wp-block-file--media-9556cd96-ef8a-4e40-aab9-3b1843d11db5\" href=\"https:\/\/litoral.ufpr.br\/agroecologia\/wp-content\/uploads\/sites\/7\/2025\/11\/resolucao_46_10_cepe_disposicao_sobre_os_estagios.pdf\">Resolucao_46_10_cepe_disposicao_sobre_os_estagios<\/a><a href=\"https:\/\/litoral.ufpr.br\/agroecologia\/wp-content\/uploads\/sites\/7\/2025\/11\/resolucao_46_10_cepe_disposicao_sobre_os_estagios.pdf\" class=\"wp-block-file__button wp-element-button\" download aria-describedby=\"wp-block-file--media-9556cd96-ef8a-4e40-aab9-3b1843d11db5\">Baixar<\/a><\/div>\n\n\n\n<div class=\"wp-block-file\"><a id=\"wp-block-file--media-089b7a13-2af5-4d19-9c3e-04bc59a1706d\" href=\"https:\/\/litoral.ufpr.br\/agroecologia\/wp-content\/uploads\/sites\/7\/2025\/11\/Manual-de-Estagios-Versao-Final.pdf\">Manual-de-Est\u00e1gios<\/a><a href=\"https:\/\/litoral.ufpr.br\/agroecologia\/wp-content\/uploads\/sites\/7\/2025\/11\/Manual-de-Estagios-Versao-Final.pdf\" class=\"wp-block-file__button wp-element-button\" download aria-describedby=\"wp-block-file--media-089b7a13-2af5-4d19-9c3e-04bc59a1706d\">Baixar<\/a><\/div>\n\n\n\n<div class=\"wp-block-file\"><a id=\"wp-block-file--media-336a8667-1acc-456c-ab9e-bb2667f4bbea\" href=\"https:\/\/litoral.ufpr.br\/agroecologia\/wp-content\/uploads\/sites\/7\/2025\/11\/Regulamento-de-Estagio-Agroecologia.pdf\">Regulamento-de-Estagio-Agroecologia<\/a><a href=\"https:\/\/litoral.ufpr.br\/agroecologia\/wp-content\/uploads\/sites\/7\/2025\/11\/Regulamento-de-Estagio-Agroecologia.pdf\" class=\"wp-block-file__button wp-element-button\" download aria-describedby=\"wp-block-file--media-336a8667-1acc-456c-ab9e-bb2667f4bbea\">Baixar<\/a><\/div>\n\n\n\n<p class=\"has-small-font-size\"><a href=\"https:\/\/litoral.ufpr.br\/agroecologia\/comissoes\/\">Link para a comiss\u00e3o<\/a><\/p>\n\n\n\n<p class=\"has-small-font-size\"><a href=\"https:\/\/prograp.ufpr.br\/coafe\/ue\/perguntas-frequentes\/\">Perguntas Frequentes<\/a><\/p>\n\n\n\n<p class=\"has-small-font-size\">Atualizado em 26 de novembro de 2025.<\/p>\n","protected":false},"excerpt":{"rendered":"<p>O Projeto Pedag\u00f3gico do Curso de Tecnologia em Agroecologia prev\u00ea a realiza\u00e7\u00e3o de\u00a0est\u00e1gio n\u00e3o obrigat\u00f3rio, ou seja \u00e9 aquele desenvolvido como atividade opcional, acrescida \u00e0 carga hor\u00e1ria regular e obrigat\u00f3ria. A carga hor\u00e1ria cumprida pelo estudante no est\u00e1gio n\u00e3o obrigat\u00f3rio poder\u00e1 ser utilizada, mediante an\u00e1lise e deferimento da Comiss\u00e3o das Atividades Formativas Complementares, como horas [&hellip;]<\/p>\n","protected":false},"author":1624,"featured_media":0,"parent":0,"menu_order":0,"comment_status":"closed","ping_status":"closed","template":"","meta":{"_acf_changed":false,"footnotes":""},"class_list":["post-4046","page","type-page","status-publish","hentry"],"acf":[],"_links":{"self":[{"href":"https:\/\/litoral.ufpr.br\/agroecologia\/wp-json\/wp\/v2\/pages\/4046","targetHints":{"allow":["GET"]}}],"collection":[{"href":"https:\/\/litoral.ufpr.br\/agroecologia\/wp-json\/wp\/v2\/pages"}],"about":[{"href":"https:\/\/litoral.ufpr.br\/agroecologia\/wp-json\/wp\/v2\/types\/page"}],"author":[{"embeddable":true,"href":"https:\/\/litoral.ufpr.br\/agroecologia\/wp-json\/wp\/v2\/users\/1624"}],"replies":[{"embeddable":true,"href":"https:\/\/litoral.ufpr.br\/agroecologia\/wp-json\/wp\/v2\/comments?post=4046"}],"version-history":[{"count":11,"href":"https:\/\/litoral.ufpr.br\/agroecologia\/wp-json\/wp\/v2\/pages\/4046\/revisions"}],"predecessor-version":[{"id":4112,"href":"https:\/\/litoral.ufpr.br\/agroecologia\/wp-json\/wp\/v2\/pages\/4046\/revisions\/4112"}],"wp:attachment":[{"href":"https:\/\/litoral.ufpr.br\/agroecologia\/wp-json\/wp\/v2\/media?parent=4046"}],"curies":[{"name":"wp","href":"https:\/\/api.w.org\/{rel}","templated":true}]}}