{"id":3884,"date":"2025-09-19T13:56:19","date_gmt":"2025-09-19T16:56:19","guid":{"rendered":"https:\/\/litoral.ufpr.br\/agroecologia\/?page_id=3884"},"modified":"2025-09-26T11:57:28","modified_gmt":"2025-09-26T14:57:28","slug":"comissoes","status":"publish","type":"page","link":"https:\/\/litoral.ufpr.br\/agroecologia\/comissoes\/","title":{"rendered":"Comiss\u00f5es"},"content":{"rendered":"\n<p><strong>COMISS\u00c3O ORIENTA\u00c7\u00c3O ACAD\u00caMICA \u2013 COA<\/strong><br>A comiss\u00e3o \u00e9 respons\u00e1vel por acompanhar o desempenho acad\u00eamico das estudantes e dos estudantes sob sua responsabilidade, verificando a cada per\u00edodo letivo as notas ou conceitos obtidos e eventuais reprova\u00e7\u00f5es, destacando a import\u00e2ncia do rendimento na sua forma\u00e7\u00e3o acad\u00eamica; Propor a\u00e7\u00f5es resolutivas para as dificuldades encontradas pela estudante e pelo estudante sugerindo alternativas, tais como: cancelamento de disciplina, aproveitamento de conhecimento, trancamento de curso, aulas de refor\u00e7o, entre outras; Elaborar plano de estudos em comum acordo com a estudante ou o estudante e a coordena\u00e7\u00e3o, visando reorganizar a sua trajet\u00f3ria acad\u00eamica.<\/p>\n\n\n\n<div class=\"wp-block-file\"><a id=\"wp-block-file--media-682a5b72-6c3b-4685-a3a6-12710b8dbaef\" href=\"https:\/\/litoral.ufpr.br\/agroecologia\/wp-content\/uploads\/sites\/7\/2025\/09\/SEI_8023670_Portaria_1955_2025_SETOR_LITORAL-2.pdf\">Portaria_1955_2025_Setor Litoral<\/a><a href=\"https:\/\/litoral.ufpr.br\/agroecologia\/wp-content\/uploads\/sites\/7\/2025\/09\/SEI_8023670_Portaria_1955_2025_SETOR_LITORAL-2.pdf\" class=\"wp-block-file__button\" download aria-describedby=\"wp-block-file--media-682a5b72-6c3b-4685-a3a6-12710b8dbaef\">Baixar<\/a><\/div>\n\n\n\n<p><strong>COMISS\u00c3O PERMANENTE DE ACOMPANHAMENTO DAS ATIVIDADES FORMATIVAS COMPLEMENTARES \u2013 CPAAF<\/strong><br>A Comiss\u00e3o tem a responsabilidade de analisar e validar as atividades formativas complementares que os estudantes protocolarem, conforme Resolu\u00e7\u00e3o n\u00ba 70\/04 \u2013 CEPE.<\/p>\n\n\n\n<div class=\"wp-block-file\"><a id=\"wp-block-file--media-a68ca894-7995-447d-ba5f-9e57fafb710d\" href=\"https:\/\/litoral.ufpr.br\/agroecologia\/wp-content\/uploads\/sites\/7\/2025\/09\/Portaria-CAFC-atual.pdf\">Portaria_1895_2025_ Setor Litoral<\/a><a href=\"https:\/\/litoral.ufpr.br\/agroecologia\/wp-content\/uploads\/sites\/7\/2025\/09\/Portaria-CAFC-atual.pdf\" class=\"wp-block-file__button\" download aria-describedby=\"wp-block-file--media-a68ca894-7995-447d-ba5f-9e57fafb710d\">Baixar<\/a><\/div>\n\n\n\n<p><strong>COMISS\u00c3O ORIENTADORA DE EST\u00c1GIOS \u2013 COE<\/strong><br>A Comiss\u00e3o \u00e9 respons\u00e1vel por planejar e avaliar as atividades referentes aos est\u00e1gios de forma a garantir o cumprimento das diretrizes gerais do est\u00e1gio na UFPR; representar-se junto ao colegiado de curso a fim de articular a defini\u00e7\u00e3o de pol\u00edticas de desenvolvimento, acompanhamento e avalia\u00e7\u00e3o do est\u00e1gio junto ao curso; contatar as institui\u00e7\u00f5es concedentes de est\u00e1gio para an\u00e1lise de condi\u00e7\u00f5es do campo e das informa\u00e7\u00f5es quanto \u00e0 celebra\u00e7\u00e3o de conv\u00eanios, quando necess\u00e1rios, e\/ou celebra\u00e7\u00e3o de acordos de coopera\u00e7\u00e3o espec\u00edficos ao curso que lhe seja afeto; e manter fluxo de informa\u00e7\u00f5es relativas ao acompanhamento e desenvolvimento dos est\u00e1gios em processo, bem como assegurar a socializa\u00e7\u00e3o de informa\u00e7\u00f5es junto \u00e0s coordena\u00e7\u00f5es de curso e ao campo de est\u00e1gio.<\/p>\n\n\n\n<div class=\"wp-block-file\"><a id=\"wp-block-file--media-94ba3866-173e-436b-8804-c5b8ab031154\" href=\"https:\/\/litoral.ufpr.br\/agroecologia\/wp-content\/uploads\/sites\/7\/2025\/09\/Portaria-COE_1908_2025_SETOR_LITORAL.pdf\">Portaria_1908_2025_Setor Litoral<\/a><a href=\"https:\/\/litoral.ufpr.br\/agroecologia\/wp-content\/uploads\/sites\/7\/2025\/09\/Portaria-COE_1908_2025_SETOR_LITORAL.pdf\" class=\"wp-block-file__button\" download aria-describedby=\"wp-block-file--media-94ba3866-173e-436b-8804-c5b8ab031154\">Baixar<\/a><\/div>\n\n\n\n<h4 class=\"wp-block-heading\"><strong>NDE<\/strong><\/h4>\n\n\n\n<p>O NDE possui atribui\u00e7\u00f5es consultivas, propositivas e de assessoria sobre mat\u00e9ria de natureza acad\u00eamica, e \u00e9 correspons\u00e1vel pela elabora\u00e7\u00e3o, implementa\u00e7\u00e3o e consolida\u00e7\u00e3o do Projeto Pedag\u00f3gico de Curso.<\/p>\n\n\n\n<div class=\"wp-block-file\"><a id=\"wp-block-file--media-92cd2697-7ea4-4f64-8c32-c3698d6e5900\" href=\"https:\/\/litoral.ufpr.br\/agroecologia\/wp-content\/uploads\/sites\/7\/2025\/09\/SEI_7688656_Portaria_1896_2025_SETOR_LITORAL-1.pdf\">Portaria_1896_2025_Setor Litoral<\/a><a href=\"https:\/\/litoral.ufpr.br\/agroecologia\/wp-content\/uploads\/sites\/7\/2025\/09\/SEI_7688656_Portaria_1896_2025_SETOR_LITORAL-1.pdf\" class=\"wp-block-file__button\" download aria-describedby=\"wp-block-file--media-92cd2697-7ea4-4f64-8c32-c3698d6e5900\">Baixar<\/a><\/div>\n\n\n\n<p class=\"has-small-font-size\"><\/p>\n\n\n\n<p class=\"has-small-font-size\">Atualiza\u00e7\u00e3o da p\u00e1gina em 25 de setembro de 2025.<\/p>\n","protected":false},"excerpt":{"rendered":"<p>COMISS\u00c3O ORIENTA\u00c7\u00c3O ACAD\u00caMICA \u2013 COAA comiss\u00e3o \u00e9 respons\u00e1vel por acompanhar o desempenho acad\u00eamico das estudantes e dos estudantes sob sua responsabilidade, verificando a cada per\u00edodo letivo as notas ou conceitos obtidos e eventuais reprova\u00e7\u00f5es, destacando a import\u00e2ncia do rendimento na sua forma\u00e7\u00e3o acad\u00eamica; Propor a\u00e7\u00f5es resolutivas para as dificuldades encontradas pela estudante e pelo estudante [&hellip;]<\/p>\n","protected":false},"author":1624,"featured_media":0,"parent":0,"menu_order":0,"comment_status":"closed","ping_status":"closed","template":"","meta":{"_acf_changed":false,"footnotes":""},"class_list":["post-3884","page","type-page","status-publish","hentry"],"acf":[],"_links":{"self":[{"href":"https:\/\/litoral.ufpr.br\/agroecologia\/wp-json\/wp\/v2\/pages\/3884","targetHints":{"allow":["GET"]}}],"collection":[{"href":"https:\/\/litoral.ufpr.br\/agroecologia\/wp-json\/wp\/v2\/pages"}],"about":[{"href":"https:\/\/litoral.ufpr.br\/agroecologia\/wp-json\/wp\/v2\/types\/page"}],"author":[{"embeddable":true,"href":"https:\/\/litoral.ufpr.br\/agroecologia\/wp-json\/wp\/v2\/users\/1624"}],"replies":[{"embeddable":true,"href":"https:\/\/litoral.ufpr.br\/agroecologia\/wp-json\/wp\/v2\/comments?post=3884"}],"version-history":[{"count":7,"href":"https:\/\/litoral.ufpr.br\/agroecologia\/wp-json\/wp\/v2\/pages\/3884\/revisions"}],"predecessor-version":[{"id":3989,"href":"https:\/\/litoral.ufpr.br\/agroecologia\/wp-json\/wp\/v2\/pages\/3884\/revisions\/3989"}],"wp:attachment":[{"href":"https:\/\/litoral.ufpr.br\/agroecologia\/wp-json\/wp\/v2\/media?parent=3884"}],"curies":[{"name":"wp","href":"https:\/\/api.w.org\/{rel}","templated":true}]}}