{"id":3883,"date":"2025-09-19T13:56:19","date_gmt":"2025-09-19T16:56:19","guid":{"rendered":"https:\/\/litoral.ufpr.br\/agroecologia\/?page_id=3883"},"modified":"2025-09-26T12:07:25","modified_gmt":"2025-09-26T15:07:25","slug":"corpo-docente","status":"publish","type":"page","link":"https:\/\/litoral.ufpr.br\/agroecologia\/corpo-docente\/","title":{"rendered":"Corpo Docente"},"content":{"rendered":"\n<h2 class=\"wp-block-heading\">N\u00facleo Docente Estruturante<\/h2>\n\n\n\n<p class=\"has-black-color has-text-color has-small-font-size\"><strong>N\u00daCLEO DOCENTE ESTRUTURANTE &#8211; NDE &#8211; RESOLU\u00c7\u00c3O N\u00ba 75\/09-CEPE<\/strong><br>O NDE possui atribui\u00e7\u00f5es consultivas, propositivas e de assessoria sobre mat\u00e9ria de natureza acad\u00eamica, e \u00e9 co-respons\u00e1vel pela elabora\u00e7\u00e3o, implementa\u00e7\u00e3o e consolida\u00e7\u00e3o do Projeto Pedag\u00f3gico de Curso.<\/p>\n\n\n\n<p class=\"has-black-color has-text-color has-small-font-size\"><a href=\"https:\/\/litoral.ufpr.br\/agroecologia\/wp-content\/uploads\/sites\/7\/2025\/04\/SEI_7688656_Portaria_1896_2025_SETOR_LITORAL-1.pdf\">Portaria_1896_2025_SETOR_LITORAL<\/a><\/p>\n\n\n\n<p class=\"has-black-color has-text-color has-small-font-size\"><strong>Presidente<\/strong>:<\/p>\n\n\n\n<p class=\"has-black-color has-text-color has-small-font-size\" id=\"block-56c6855b-b686-45bf-a878-7d9a6326e77a\">ANA CHRISTINA DUARTE PIRES&nbsp; &nbsp;<\/p>\n\n\n\n<p class=\"has-black-color has-text-color has-small-font-size\" id=\"block-6a90e2ab-f0eb-4a89-b581-3b02155c4147\"><strong>Membros:<\/strong><\/p>\n\n\n\n<p class=\"has-black-color has-text-color has-small-font-size\" id=\"block-c8876347-b7a9-4db0-8ee9-1f3aa0296ab0\">DIOMAR AUGUSTO DE QUADROS<\/p>\n\n\n\n<p class=\"has-black-color has-text-color has-small-font-size\" id=\"block-b4521973-1bfd-42bb-8046-18a42455daf4\">GILSON WALMOR DAHMER<\/p>\n\n\n\n<p class=\"has-black-color has-text-color has-small-font-size\" id=\"block-6a4eaa9c-f201-4717-a2b7-f2160cfd9fa8\">MANOEL FLORES LESAMA<\/p>\n\n\n\n<p class=\"has-black-color has-text-color has-small-font-size\" id=\"block-3ad1b384-b36d-4afb-abf8-f49aa85951e6\">SILVANA C\u00c1SSIA HOELLER<\/p>\n\n\n\n<p class=\"has-black-color has-text-color has-small-font-size\" id=\"block-ae31d507-cf1a-4983-93ed-67188c68c845\">E-mail: agroecologia.ufpr@ufpr.br<\/p>\n\n\n\n<div class=\"wp-block-columns is-layout-flex wp-container-core-columns-is-layout-9d6595d7 wp-block-columns-is-layout-flex\">\n<div class=\"wp-block-column is-layout-flow wp-block-column-is-layout-flow\" style=\"flex-basis:100%\">\n<figure class=\"wp-block-table is-style-regular has-small-font-size\"><table><tbody><tr><td><strong>Docente<\/strong>&nbsp;<\/td><td><strong>Titula\u00e7\u00e3o<\/strong><\/td><td><strong>Data do v\u00ednculo<\/strong><\/td><td><strong>Contato<\/strong>&nbsp;<\/td><td><strong>Curr\u00edculo lattes<\/strong>&nbsp;<\/td><\/tr><tr><td>Ana Christina Duarte Pires&nbsp;<\/td><td>Doutorado<\/td><td>13\/12\/2011<\/td><td>anachristina@ufpr.br&nbsp;<\/td><td><a href=\"http:\/\/lattes.cnpq.br\/3467806096165652\" target=\"_blank\" rel=\"noreferrer noopener\">Curr\u00edculo Lattes<\/a>&nbsp;<\/td><\/tr><tr><td>Cristiane Rocha Silva&nbsp;<\/td><td>Mestrado<\/td><td>13\/12\/2011<\/td><td>cristianerocha@ufpr.br&nbsp;<\/td><td><a href=\"http:\/\/lattes.cnpq.br\/8123773835497197\" target=\"_blank\" rel=\"noreferrer noopener\">Curr\u00edculo Lattes<\/a>&nbsp;<\/td><\/tr><tr><td>Diomar Augusto de Quadros&nbsp;<\/td><td>Doutorado<\/td><td>06\/12\/2005<\/td><td>diomar@ufpr.br&nbsp;<\/td><td><a href=\"http:\/\/lattes.cnpq.br\/7835112618739825\" target=\"_blank\" rel=\"noreferrer noopener\">Curr\u00edculo Lattes<\/a>&nbsp;<\/td><\/tr><tr><td>Gabriela Schenato Bica (afastada)&nbsp;<\/td><td>Doutorado<\/td><td>06\/12\/2005<\/td><td>bica@ufpr.br&nbsp;<\/td><td><a href=\"http:\/\/lattes.cnpq.br\/5876422716236618\" target=\"_blank\" rel=\"noreferrer noopener\">Curr\u00edculo<\/a><a href=\"http:\/\/lattes.cnpq.br\/5876422716236618\" target=\"_blank\" rel=\"noreferrer noopener\">Lattes<\/a>&nbsp;<\/td><\/tr><tr><td>Gilson Walmor Dahmer&nbsp;<\/td><td>Doutorado<\/td><td>01\/08\/2016<\/td><td>gilsondahmer@ufpr.br&nbsp;<\/td><td><a href=\"http:\/\/lattes.cnpq.br\/0451129786528253\" target=\"_blank\" rel=\"noreferrer noopener\">Curr\u00edculo Lattes<\/a>&nbsp;<\/td><\/tr><tr><td>Jessica Puhl Croda (substituta)&nbsp;<\/td><td>Doutorado<\/td><td>24\/06\/2025<\/td><td>jessicacroda@ufpr.br&nbsp;<\/td><td><a href=\"http:\/\/lattes.cnpq.br\/7241033319999127\" target=\"_blank\" rel=\"noreferrer noopener\">Curr\u00edculo Lattes<\/a>&nbsp;<\/td><\/tr><tr><td>Luiz Rog\u00e9rio Oliveira da Silva&nbsp;<\/td><td>Doutodrado<\/td><td>01\/08\/2008<\/td><td>&nbsp;luizrogerio@ufpr.br&nbsp;<\/td><td><a href=\"http:\/\/lattes.cnpq.br\/5639624362226840\" target=\"_blank\" rel=\"noreferrer noopener\">Curr\u00edculo Lattes<\/a>&nbsp;<\/td><\/tr><tr><td>Manoel Flores Lesama&nbsp;<\/td><td>Doutorado<\/td><td>01\/08\/2016<\/td><td>manoel.lesama@ufpr.br&nbsp;<\/td><td><a href=\"http:\/\/lattes.cnpq.br\/0614085380210994\" target=\"_blank\" rel=\"noreferrer noopener\">Curr\u00edculo Lattes<\/a>&nbsp;<\/td><\/tr><tr><td>Silvana C\u00e1ssia Hoeller&nbsp;<\/td><td>Doudotorado<\/td><td>24\/06\/2025<\/td><td>silvanano@ufpr.br&nbsp;<\/td><td><a href=\"http:\/\/lattes.cnpq.br\/6414422304310028\" target=\"_blank\" rel=\"noreferrer noopener\">Curr\u00edculo Lattes<\/a>&nbsp;<\/td><\/tr><\/tbody><\/table><\/figure>\n<\/div>\n<\/div>\n\n\n\n<h2 class=\"wp-block-heading\">M\u00f3dulos Ministrados<\/h2>\n\n\n\n<figure class=\"wp-block-table is-style-regular has-small-font-size\"><table class=\"has-black-color has-text-color\"><tbody><tr><td><strong>SEMESTRE<\/strong><\/td><td><strong>DISCIPLINA<\/strong><\/td><td><br><strong>DOCENTE 1<\/strong><br><\/td><td><br><strong>DOCENTE 2<\/strong><br><\/td><td><strong>DOCENTE 3<\/strong><\/td><\/tr><tr><td>1\u00ba<\/td><td>SL52 &#8211; Intera\u00e7\u00f5es Culturais e Human\u00edsticas <\/td><td>Todos os docentes do Setor<\/td><td>qualquer docente do Setor<\/td><td><\/td><\/tr><tr><td>1\u00ba<\/td><td>SL60- Introdu\u00e7\u00e3o aos Projetos de Aprendizagem<\/td><td>Diomar Augusto de Quadros<\/td><td>qualquer docente do curso<\/td><td><\/td><\/tr><tr><td>1\u00ba<\/td><td>SLAGR001 &#8211; RURALIDADES: VIVENCIAS 1<\/td><td>Luiz Rog\u00e9rio Oliveira da Silva<\/td><td><\/td><td><\/td><\/tr><tr><td>1\u00ba<\/td><td>SLAGR008 &#8211; ECOLOGIA<\/td><td>Silvana C\u00e1ssia Hoeller<\/td><td>Ana Chistina Duarte Pires<\/td><td><\/td><\/tr><tr><td>1\u00ba<\/td><td>SLAGR035 &#8211; PRINCIPIOS DE AGROECOLOGIA E COMPLEXIDADE<\/td><td>Gilson Walmor Dahmer<\/td><td>Ana Chistina Duarte Pires<\/td><td>Manoel Flores Lesama<\/td><\/tr><tr><td>2\u00ba<\/td><td>SL53 &#8211; INTERA\u00c7\u00d5ES CULTURAIS E HUMAN\u00cdSTICAS <\/td><td>Todos os docentes do Setor<\/td><td>qualquer docente do Setor<\/td><td><\/td><\/tr><tr><td>2\u00ba<\/td><td>SL61 &#8211; PROJETO DE APRENDIZAGEM <\/td><td>Todos os docentes do Setor<\/td><td><\/td><td><\/td><\/tr><tr><td><\/td><td>SLAGR024 &#8211; CI\u00caNCIAS DO SOLO<\/td><td>Ana Christina Duarte Pires<\/td><td><\/td><td><\/td><\/tr><tr><td>2\u00ba<\/td><td>SLAGR025 &#8211; ESTUDO DAS PLANTAS NOS ECOSSISTEMAS<\/td><td>Silvana C\u00e1ssia Hoeller<\/td><td><\/td><td><\/td><\/tr><tr><td><\/td><td>SLAGR030 &#8211; INSTRUMENTOS DE INTERA\u00c7\u00c3O COM COMUNIDADES: VIV\u00caNCIAS 2<\/td><td>Luiz Rog\u00e9rio Oliveira da Silva<\/td><td><\/td><td><\/td><\/tr><tr><td>2\u00ba<\/td><td>SL54 &#8211; INTERA\u00c7\u00d5ES CULTURAIS E HUMAN\u00cdSTICAS <\/td><td>Todos os docentes do Setor<\/td><td>qualquer docente do Setor<\/td><td><\/td><\/tr><tr><td>3\u00ba<\/td><td>SL62 &#8211; PROJETO DE APRENDIZAGEM <\/td><td>Todos os docentes do Setor<\/td><td><\/td><td><\/td><\/tr><tr><td>3\u00ba<\/td><td>SLAGR006 &#8211; RELA\u00c7\u00d5ES NOS AGROECOSSISTEMAS<\/td><td>Manoel Flores Lesama<\/td><td>Ana Chistina Duarte Pires<\/td><td><\/td><\/tr><tr><td>3\u00ba<\/td><td>SLAGR026 &#8211; CRIA\u00c7\u00c3O ANIMAL I<\/td><td>Gabriela Schenato Bica<\/td><td>Jessica Puhl Croda<\/td><td><\/td><\/tr><tr><td>3\u00ba<\/td><td>SLAGR037 &#8211; EDUCA\u00c7\u00c3O DO CAMPO E AGROECOLOGIA<\/td><td>Silvana C\u00e1ssia Hoeller<\/td><td>Gilson Walmor Dhamer<\/td><td><\/td><\/tr><tr><td>4\u00ba<\/td><td>SL55 &#8211; INTERA\u00c7\u00d5ES CULTURAIS E HUMAN\u00cdSTICAS <\/td><td>Todos os docentes do Setor<\/td><td>qualquer docente do Setor<\/td><td><\/td><\/tr><tr><td>4\u00ba<\/td><td>SL63 &#8211; PROJETO DE APRENDIZAGEM <\/td><td>Todos os docentes do Setor<\/td><td><\/td><td><\/td><\/tr><tr><td>4\u00ba<\/td><td>SLAGR010 &#8211; MANEJO DE FAUNA E FLORA I<\/td><td>Paulo Rog\u00e9rio Lopes<\/td><td>Ana Chistina Duarte Pires<\/td><td><\/td><\/tr><tr><td>4\u00ba<\/td><td>SLAGR027 &#8211; CRIA\u00c7\u00c3O ANIMAL II<\/td><td>Gabriela Schenato Bica<\/td><td>Jessica Puhl Croda<\/td><td><\/td><\/tr><tr><td>4\u00ba<\/td><td>SLAGR036 &#8211; COMUNICA\u00c7\u00c3O COM COMUNIDADES<\/td><td>Silvana C\u00e1ssia Hoeller<\/td><td><\/td><td><\/td><\/tr><tr><td>5\u00ba<\/td><td>SL56 &#8211; INTERA\u00c7\u00d5ES CULTURAIS E HUMAN\u00cdSTICAS <\/td><td>Todos os docentes do Setor<\/td><td>qualquer docente do Setor<\/td><td><\/td><\/tr><tr><td>5\u00ba<\/td><td>SL64 &#8211; PROJETO DE APRENDIZAGEM <\/td><td>Todos os docentes do Setor<\/td><td><\/td><td><\/td><\/tr><tr><td>5\u00ba<\/td><td>SLAGR013 &#8211; MANEJO DE FAUNA E FLORA II<\/td><td>Ana Christina Duarte Pires<\/td><td><\/td><td><\/td><\/tr><tr><td>5\u00ba<\/td><td>SLAGR014 &#8211; SEGURAN\u00c7A ALIMENTAR E PROCESSAMENTO DE ALIMENTOS<\/td><td>Diomar Augusto de Quadros<\/td><td><\/td><td><\/td><\/tr><tr><td>5\u00ba<\/td><td>SLAGR019 &#8211; ECONOMIA E MERCADO<\/td><td>Cristiane Rocha Silva<\/td><td><\/td><td><\/td><\/tr><tr><td>6\u00ba<\/td><td>SL57 &#8211; INTERA\u00c7\u00d5ES CULTURAIS E HUMAN\u00cdSTICAS <\/td><td>Todos os docentes do Setor<\/td><td>qualquer docente do Setor<\/td><td><\/td><\/tr><tr><td>6\u00ba<\/td><td>SL65 &#8211; PROJETO DE APRENDIZAGEM <\/td><td>Todos os docentes do Setor<\/td><td><\/td><td><\/td><\/tr><tr><td>6\u00ba<\/td><td>SLAGR012 &#8211; SISTEMAS AGROFLORESTAIS<\/td><td>Manoel Flores Lesama<\/td><td><\/td><td><\/td><\/tr><tr><td>6\u00ba<\/td><td>SLAGR028 &#8211; DESENVOLVIMENTO LOCAL: VIV\u00caNCIAS 3<\/td><td>Diomar Augusto de Quadros<\/td><td><\/td><td><\/td><\/tr><tr><td>6\u00ba<\/td><td>&nbsp;SLAGR029 &#8211; PLANEJAMENTO E GEST\u00c3O<\/td><td>Cristiane Rocha Silva<\/td><td><\/td><td><\/td><\/tr><tr><td><\/td><td>Optativas<\/td><td>Qualquer docente do curso<\/td><td><\/td><td><\/td><\/tr><\/tbody><\/table><\/figure>\n\n\n\n<p class=\"has-small-font-size\">Atualiza\u00e7\u00e3o da p\u00e1gina em 26 de setembro de 2025.<\/p>\n","protected":false},"excerpt":{"rendered":"<p>N\u00facleo Docente Estruturante N\u00daCLEO DOCENTE ESTRUTURANTE &#8211; NDE &#8211; RESOLU\u00c7\u00c3O N\u00ba 75\/09-CEPEO NDE possui atribui\u00e7\u00f5es consultivas, propositivas e de assessoria sobre mat\u00e9ria de natureza acad\u00eamica, e \u00e9 co-respons\u00e1vel pela elabora\u00e7\u00e3o, implementa\u00e7\u00e3o e consolida\u00e7\u00e3o do Projeto Pedag\u00f3gico de Curso. Portaria_1896_2025_SETOR_LITORAL Presidente: ANA CHRISTINA DUARTE PIRES&nbsp; &nbsp; Membros: DIOMAR AUGUSTO DE QUADROS GILSON WALMOR DAHMER MANOEL FLORES [&hellip;]<\/p>\n","protected":false},"author":1624,"featured_media":0,"parent":0,"menu_order":0,"comment_status":"closed","ping_status":"closed","template":"","meta":{"_acf_changed":false,"footnotes":""},"class_list":["post-3883","page","type-page","status-publish","hentry"],"acf":[],"_links":{"self":[{"href":"https:\/\/litoral.ufpr.br\/agroecologia\/wp-json\/wp\/v2\/pages\/3883","targetHints":{"allow":["GET"]}}],"collection":[{"href":"https:\/\/litoral.ufpr.br\/agroecologia\/wp-json\/wp\/v2\/pages"}],"about":[{"href":"https:\/\/litoral.ufpr.br\/agroecologia\/wp-json\/wp\/v2\/types\/page"}],"author":[{"embeddable":true,"href":"https:\/\/litoral.ufpr.br\/agroecologia\/wp-json\/wp\/v2\/users\/1624"}],"replies":[{"embeddable":true,"href":"https:\/\/litoral.ufpr.br\/agroecologia\/wp-json\/wp\/v2\/comments?post=3883"}],"version-history":[{"count":15,"href":"https:\/\/litoral.ufpr.br\/agroecologia\/wp-json\/wp\/v2\/pages\/3883\/revisions"}],"predecessor-version":[{"id":3998,"href":"https:\/\/litoral.ufpr.br\/agroecologia\/wp-json\/wp\/v2\/pages\/3883\/revisions\/3998"}],"wp:attachment":[{"href":"https:\/\/litoral.ufpr.br\/agroecologia\/wp-json\/wp\/v2\/media?parent=3883"}],"curies":[{"name":"wp","href":"https:\/\/api.w.org\/{rel}","templated":true}]}}