{"id":3833,"date":"2025-09-19T11:13:36","date_gmt":"2025-09-19T14:13:36","guid":{"rendered":"https:\/\/litoral.ufpr.br\/agroecologia\/?page_id=3833"},"modified":"2025-09-22T12:26:08","modified_gmt":"2025-09-22T15:26:08","slug":"centro-academico-2","status":"publish","type":"page","link":"https:\/\/litoral.ufpr.br\/agroecologia\/centro-academico-2\/","title":{"rendered":"Centro Acad\u00eamico"},"content":{"rendered":"\n<figure class=\"wp-block-image size-full\"><img loading=\"lazy\" decoding=\"async\" width=\"869\" height=\"208\" src=\"https:\/\/litoral.ufpr.br\/agroecologia\/wp-content\/uploads\/sites\/7\/2025\/09\/image.png\" alt=\"\" class=\"wp-image-3877\" srcset=\"https:\/\/litoral.ufpr.br\/agroecologia\/wp-content\/uploads\/sites\/7\/2025\/09\/image.png 869w, https:\/\/litoral.ufpr.br\/agroecologia\/wp-content\/uploads\/sites\/7\/2025\/09\/image-300x72.png 300w, https:\/\/litoral.ufpr.br\/agroecologia\/wp-content\/uploads\/sites\/7\/2025\/09\/image-768x184.png 768w\" sizes=\"auto, (max-width: 869px) 100vw, 869px\" \/><\/figure>\n\n\n\n<h2 class=\"wp-block-heading\">A\u00e7\u00f5es do Centro Acad\u00eamico<\/h2>\n\n\n\n<div class=\"wp-block-file\"><a id=\"wp-block-file--media-0d9745cf-926d-4e2b-882e-ab988cbe82b2\" href=\"https:\/\/litoral.ufpr.br\/agroecologia\/wp-content\/uploads\/sites\/7\/2025\/09\/Projeto-de-Revitalizacao-dos-Jardins-da-UFPR-Litoral-e-Construcao-de-um-Viveiro-Agroecologico.pdf\">Projeto-de-Revitalizacao-dos-Jardins-da-UFPR-Litoral-e-Construcao-de-um-Viveiro-Agroecologico<\/a><a href=\"https:\/\/litoral.ufpr.br\/agroecologia\/wp-content\/uploads\/sites\/7\/2025\/09\/Projeto-de-Revitalizacao-dos-Jardins-da-UFPR-Litoral-e-Construcao-de-um-Viveiro-Agroecologico.pdf\" class=\"wp-block-file__button\" download aria-describedby=\"wp-block-file--media-0d9745cf-926d-4e2b-882e-ab988cbe82b2\">Baixar<\/a><\/div>\n","protected":false},"excerpt":{"rendered":"<p>A\u00e7\u00f5es do Centro Acad\u00eamico<\/p>\n","protected":false},"author":1624,"featured_media":0,"parent":0,"menu_order":0,"comment_status":"closed","ping_status":"closed","template":"","meta":{"_acf_changed":false,"footnotes":""},"class_list":["post-3833","page","type-page","status-publish","hentry"],"acf":[],"_links":{"self":[{"href":"https:\/\/litoral.ufpr.br\/agroecologia\/wp-json\/wp\/v2\/pages\/3833","targetHints":{"allow":["GET"]}}],"collection":[{"href":"https:\/\/litoral.ufpr.br\/agroecologia\/wp-json\/wp\/v2\/pages"}],"about":[{"href":"https:\/\/litoral.ufpr.br\/agroecologia\/wp-json\/wp\/v2\/types\/page"}],"author":[{"embeddable":true,"href":"https:\/\/litoral.ufpr.br\/agroecologia\/wp-json\/wp\/v2\/users\/1624"}],"replies":[{"embeddable":true,"href":"https:\/\/litoral.ufpr.br\/agroecologia\/wp-json\/wp\/v2\/comments?post=3833"}],"version-history":[{"count":10,"href":"https:\/\/litoral.ufpr.br\/agroecologia\/wp-json\/wp\/v2\/pages\/3833\/revisions"}],"predecessor-version":[{"id":3917,"href":"https:\/\/litoral.ufpr.br\/agroecologia\/wp-json\/wp\/v2\/pages\/3833\/revisions\/3917"}],"wp:attachment":[{"href":"https:\/\/litoral.ufpr.br\/agroecologia\/wp-json\/wp\/v2\/media?parent=3833"}],"curies":[{"name":"wp","href":"https:\/\/api.w.org\/{rel}","templated":true}]}}