{"id":3263,"date":"2025-04-28T10:24:57","date_gmt":"2025-04-28T13:24:57","guid":{"rendered":"https:\/\/litoral.ufpr.br\/agroecologia\/?page_id=3263"},"modified":"2025-08-27T11:18:52","modified_gmt":"2025-08-27T14:18:52","slug":"informacoes-gerais","status":"publish","type":"page","link":"https:\/\/litoral.ufpr.br\/agroecologia\/informacoes-gerais\/","title":{"rendered":"Informa\u00e7\u00f5es Gerais"},"content":{"rendered":"\n<p><a href=\"https:\/\/litoral.ufpr.br\/agroecologia\/wp-admin\/post.php?post=491&amp;action=edit\">Se precisar de Orienta\u00e7\u00e3o Acad\u00eamica entre em contato com a COA<\/a><\/p>\n\n\n\n<p><a href=\"https:\/\/bit.ly\/3x1M3Zg\">Manual do Estudante<\/a><\/p>\n\n\n\n<p><a href=\"https:\/\/litoral.ufpr.br\/agroecologia\/curriculo__trashed\/grade-e-corpo-docente\/\">Grade e Corpo Docente<\/a><\/p>\n\n\n\n<p><a href=\"https:\/\/litoral.ufpr.br\/agroecologia\/wp-content\/uploads\/sites\/7\/2023\/03\/SEI_5250603_Portaria_454_PROGRAD_COPAC.pdf\">Periodiza\u00e7\u00e3o Recomendada Curr\u00edculo 2023<\/a><\/p>\n\n\n\n<p><a href=\"https:\/\/litoral.ufpr.br\/agroecologia\/wp-content\/uploads\/sites\/7\/2019\/02\/Portaria-028-ajuste-curricular.pdf\">Periodiza\u00e7\u00e3o Recomendada Curr\u00edculo 2015<\/a><\/p>\n\n\n\n<p><a href=\"https:\/\/litoral.ufpr.br\/agroecologia\/equipe\/comissoes\/\">Comiss\u00f5es do Curso<\/a><\/p>\n\n\n\n<p><a href=\"https:\/\/pra.ufpr.br\/ru\/cardapio-ru-matinhos\/\">RU \u2013 Restaurante Universit\u00e1rio<\/a><\/p>\n\n\n\n<h2 class=\"wp-block-heading\">SAPS<\/h2>\n\n\n\n<p>A Se\u00e7\u00e3o de Aten\u00e7\u00e3o e Promo\u00e7\u00e3o \u00e0 Sa\u00fade (SAPS) \u00e9 respons\u00e1vel por ofertar atendimento m\u00e9dico e de enfermagem \u00e0 Comunidade Universit\u00e1ria do Setor Litoral, bem como desenvolver projetos em conjunto com os cursos de gradua\u00e7\u00e3o e p\u00f3s-gradua\u00e7\u00e3o.&nbsp;&nbsp;<\/p>\n\n\n\n<p><strong>Atendimentos especialidades<\/strong><\/p>\n\n\n\n<p>Al\u00e9m dos atendimentos pr\u00f3prios da SAPS, temos parceria com o CASA 3 e CASA 4 e Unidade Escola de Curitiba com atendimentos Odontol\u00f3gicos, Cl\u00ednicos, Ginecol\u00f3gicos, Fisioter\u00e1picos, Nutri\u00e7\u00e3o, Psiqui\u00e1tricos e Psicol\u00f3gicos. Para esses atendimentos \u00e9 necess\u00e1rio entrar em contato com a SAPS para orienta\u00e7\u00f5es de como agendar consulta, bem como o transporte at\u00e9 Curitiba (o formul\u00e1rio deve ser enviado at\u00e9 12h do dia anterior ao da consulta).&nbsp;<\/p>\n\n\n\n<p><strong>Hor\u00e1rio de atendimento:<\/strong>&nbsp;de segunda \u00e0 sexta, das&nbsp;8h \u00e0s 12h e das 13h \u00e0s 19h<\/p>\n\n\n\n<p><strong>Contatos<\/strong><\/p>\n\n\n\n<p>Whatsapp:<strong>&nbsp;<\/strong><a href=\"http:\/\/wa.me\/41988627888\">(<\/a><a href=\"http:\/\/wa.me\/41988627888\">41) 98862-7888<\/a><\/p>\n\n\n\n<p>E-mail:&nbsp;<a rel=\"noreferrer noopener\" href=\"mailto:sapslitoral@ufpr.br\" target=\"_blank\">sapslitoral@ufpr.br<\/a><\/p>\n\n\n\n<p><strong>Outras informa\u00e7\u00f5es importantes<\/strong><\/p>\n\n\n\n<p><strong><\/strong>&nbsp;<a href=\"https:\/\/litoral.ufpr.br\/wp-content\/uploads\/2024\/02\/CADERNO-DE-ATRIBUICOES-DA-SAPS-2023.pdf\" target=\"_blank\" rel=\"noreferrer noopener\">Caderno de atribui\u00e7\u00f5es SAPS<\/a><\/p>\n\n\n\n<p><strong><\/strong>&nbsp;<a href=\"https:\/\/litoral.ufpr.br\/blog\/noticia\/procedimentos-sobre-infeccao-confirmada\/\" target=\"_blank\" rel=\"noreferrer noopener\">COVID-19: Procedimentos sobre infec\u00e7\u00e3o confirmada<\/a><\/p>\n\n\n\n<p><strong><\/strong>&nbsp;<a href=\"https:\/\/litoral.ufpr.br\/wp-content\/uploads\/2022\/07\/Agendamentos-de-transporte-para-saudeconsultas.pdf\" target=\"_blank\" rel=\"noreferrer noopener\">Orienta\u00e7\u00f5es sobre transporte<\/a><\/p>\n\n\n\n<h2 class=\"wp-block-heading\">Transporte Interpraias<\/h2>\n\n\n\n<p>O Interpraias \u00e9 um servi\u00e7o ofertado pela UFPR, por meio da Central de Transportes, de uso exclusivo de estudantes e servidores da institui\u00e7\u00e3o.&nbsp;A linha Litoral visa atender principalmente a comunidade acad\u00eamica do Setor Litoral e do Centro de Estudos do Mar (Pontal do Paran\u00e1).<\/p>\n\n\n\n<p>O trajeto realizado \u00e9: CEM (Pontal do Paran\u00e1) &lt;\u2013&gt; Setor Litoral (Matinhos).<\/p>\n\n\n\n<p>Confira os pontos e hor\u00e1rios das paradas:<\/p>\n\n\n\n<figure class=\"wp-block-image\"><img decoding=\"async\" src=\"https:\/\/litoral.ufpr.br\/lecampo\/wp-content\/uploads\/sites\/10\/2025\/04\/45113a58-7a29-4427-96f4-fb799d5e4e5e.jpg\" alt=\"\" class=\"wp-image-2027\" \/><\/figure>\n\n\n\n<figure class=\"wp-block-image\"><img decoding=\"async\" src=\"https:\/\/litoral.ufpr.br\/lecampo\/wp-content\/uploads\/sites\/10\/2025\/04\/8ef368d6-6b25-42f7-9554-8e6f4aa5990f.jpg\" alt=\"\" class=\"wp-image-2028\" \/><\/figure>\n","protected":false},"excerpt":{"rendered":"<p>Se precisar de Orienta\u00e7\u00e3o Acad\u00eamica entre em contato com a COA Manual do Estudante Grade e Corpo Docente Periodiza\u00e7\u00e3o Recomendada Curr\u00edculo 2023 Periodiza\u00e7\u00e3o Recomendada Curr\u00edculo 2015 Comiss\u00f5es do Curso RU \u2013 Restaurante Universit\u00e1rio SAPS A Se\u00e7\u00e3o de Aten\u00e7\u00e3o e Promo\u00e7\u00e3o \u00e0 Sa\u00fade (SAPS) \u00e9 respons\u00e1vel por ofertar atendimento m\u00e9dico e de enfermagem \u00e0 Comunidade Universit\u00e1ria [&hellip;]<\/p>\n","protected":false},"author":1624,"featured_media":0,"parent":0,"menu_order":0,"comment_status":"closed","ping_status":"closed","template":"","meta":{"_acf_changed":false,"footnotes":""},"class_list":["post-3263","page","type-page","status-publish","hentry"],"acf":[],"_links":{"self":[{"href":"https:\/\/litoral.ufpr.br\/agroecologia\/wp-json\/wp\/v2\/pages\/3263","targetHints":{"allow":["GET"]}}],"collection":[{"href":"https:\/\/litoral.ufpr.br\/agroecologia\/wp-json\/wp\/v2\/pages"}],"about":[{"href":"https:\/\/litoral.ufpr.br\/agroecologia\/wp-json\/wp\/v2\/types\/page"}],"author":[{"embeddable":true,"href":"https:\/\/litoral.ufpr.br\/agroecologia\/wp-json\/wp\/v2\/users\/1624"}],"replies":[{"embeddable":true,"href":"https:\/\/litoral.ufpr.br\/agroecologia\/wp-json\/wp\/v2\/comments?post=3263"}],"version-history":[{"count":6,"href":"https:\/\/litoral.ufpr.br\/agroecologia\/wp-json\/wp\/v2\/pages\/3263\/revisions"}],"predecessor-version":[{"id":3649,"href":"https:\/\/litoral.ufpr.br\/agroecologia\/wp-json\/wp\/v2\/pages\/3263\/revisions\/3649"}],"wp:attachment":[{"href":"https:\/\/litoral.ufpr.br\/agroecologia\/wp-json\/wp\/v2\/media?parent=3263"}],"curies":[{"name":"wp","href":"https:\/\/api.w.org\/{rel}","templated":true}]}}