{"id":3241,"date":"2025-04-25T13:14:53","date_gmt":"2025-04-25T16:14:53","guid":{"rendered":"https:\/\/litoral.ufpr.br\/agroecologia\/?page_id=3241"},"modified":"2025-09-17T13:11:34","modified_gmt":"2025-09-17T16:11:34","slug":"conheca-o-curso","status":"publish","type":"page","link":"https:\/\/litoral.ufpr.br\/agroecologia\/conheca-o-curso\/","title":{"rendered":"Conhe\u00e7a o Curso"},"content":{"rendered":"\n<p><strong><a href=\"http:\/\/www.feiradecursos.ufpr.br\/cursos\/agroecologia-matinhos\/\">TECNOLOGIA EM AGROECOLOGIA<\/a><\/strong><\/p>\n\n\n\n<p>Modalidade: Presencial<br>Regime: Semestral<br>N\u00famero total de vagas\/ano: 35 vagas<br>Carga hor\u00e1ria total: 2400 horas<br>Turno de funcionamento: Manh\u00e3<br>Prazo de integraliza\u00e7\u00e3o curricular: m\u00ednimo de 6 e m\u00e1ximo de 9 semestres<br>Diploma concedido: Tecn\u00f3logo em Agroecologia<\/p>\n\n\n\n<p><strong>APRESENTA\u00c7\u00c3O<\/strong><\/p>\n\n\n\n<p>O Curso Superior de Tecnologia em Agroecologia tem como objetivo formar profissionais para atua\u00e7\u00e3o em espa\u00e7os que promovam a sustentabilidade em suas diferentes dimens\u00f5es: ambiental, cultural, pol\u00edtica, \u00e9tica, econ\u00f4mica e social. Leva em conta a observa\u00e7\u00e3o atenta da natureza, o respeito \u00e0s culturas locais, saberes populares e a integra\u00e7\u00e3o harmoniosa entre seres humanos e o ambiente.&nbsp;<\/p>\n\n\n\n<p><strong>OBJETIVO GERAL<\/strong><br>Formar profissionais da agroecologia que contribuam para a promo\u00e7\u00e3o do desenvolvimento local e regional, buscando a emancipa\u00e7\u00e3o dos sujeitos vinculados aos processos da agricultura, fundamentada na democratiza\u00e7\u00e3o da ci\u00eancia agroecol\u00f3gica.<\/p>\n\n\n\n<h3 class=\"wp-block-heading\">Perfil do Egresso<\/h3>\n\n\n\n<p>A\/O profissional egresso do Curso Superior em Agroecologia estar\u00e1 habilitado para:<\/p>\n\n\n\n<ul class=\"wp-block-list\"><li>Interagir em equipes interdisciplinares, visando o desenvolvimento sustent\u00e1vel, a emancipa\u00e7\u00e3o e autonomia dos sujeitos envolvidos, respeitando as diversidades e os saberes populares do campo;<\/li><li>Planejar, monitorar e manejar sistemas agroecol\u00f3gicos;<\/li><li>Projetar e executar atividades de educa\u00e7\u00e3o baseadas nos princ\u00edpios da agroecologia, da educa\u00e7\u00e3o do campo e emancipa\u00e7\u00e3o humana;<\/li><li>Planejar, propor, gerenciar e avaliar atividades na \u00e1rea de gest\u00e3o em agroecologia;<\/li><li>Atuar com autonomia na constru\u00e7\u00e3o de novos conhecimentos e pr\u00e1ticas inovadoras no \u00e2mbito da agroecologia;<\/li><li>Elaborar projetos agroecol\u00f3gicos;<\/li><li>Contribuir para o planejamento ambiental no meio urbano, por meio de espa\u00e7os sustent\u00e1veis;<\/li><li>Articular o processo de aprendizagem formal com espa\u00e7os educativos informais, que visem o desenvolvimento da agroecologia;<\/li><li>Substanciar interdisciplinarmente sua forma\u00e7\u00e3o continuada e do meio onde est\u00e1 baseando-a em leituras\/planifica\u00e7\u00f5es\/interven\u00e7\u00f5es e avalia\u00e7\u00f5es processuais como um modo de viver a fun\u00e7\u00e3o educativa de si e com os outros;<\/li><li>Empreender alternativas inerentes \u00e0 sociedade civil organizada e que impactem no desenvolvimento de manejos agroecol\u00f3gicos com base na agricultura familiar campesina;<\/li><li>Contribuir com a valoriza\u00e7\u00e3o das especificidades das popula\u00e7\u00f5es do campo do na perspectiva emancipat\u00f3ria, zelando pelo papel das organiza\u00e7\u00f5es sociais da comunidade e respeitando os espa\u00e7os e tempos da vida dos sujeitos do campo;<\/li><li>Posicionar-se como sujeito capaz de refletir sobre suas atividades, capaz de reconhecer erros e de corrigir de forma \u00e9tica.<\/li><li>Estabelecer di\u00e1logos permanentes com a comunidade e de reconhecer os saberes locais e de integr\u00e1-los aos conhecimentos cient\u00edficos.<\/li><li>Ter posi\u00e7\u00e3o cr\u00edtica frente \u00e0 realidade de forma a contribuir no processo de constru\u00e7\u00e3o social consciente e criativamente.<\/li><li>Participar da constru\u00e7\u00e3o de projetos pol\u00edticos pedag\u00f3gicos das escolas do campo, buscando integrar os conhecimentos agroecol\u00f3gicos.<\/li><\/ul>\n\n\n\n<p><strong>FLEXIBILIDADE CURRICULAR E FORMA\u00c7\u00c3O COMPLEMENTAR&nbsp;<\/strong><\/p>\n\n\n\n<p>As atividades formativas fazem parte do PPC do curso e integram uma carga hor\u00e1ria de 390 horas e est\u00e3o previstas na IN\/2008 \u2013 CT\/AGRO, elas possibilitam que o estudante possa buscar conhecimentos em espa\u00e7os diversos da academia, tamb\u00e9m abrem espa\u00e7o para que outras viv\u00eancias possam completar a forma\u00e7\u00e3o profissional.<\/p>\n\n\n\n<p><strong>FUNDAMENTOS TE\u00d3RICO-PR\u00c1TICOS \u2013 FTP\u2019s\/INTERA\u00c7\u00c3O CULTURAL E HUMAN\u00cdSTICA \u2013 ICH\/PROJETO DE APRENDIZAGEM \u2013 PA<\/strong><\/p>\n\n\n\n<p>A organiza\u00e7\u00e3o da estrutura curricular do curso de Agroecologia articula-se explicitamente com o Projeto Pol\u00edtico Pedag\u00f3gico (PPP) do Setor Litoral da UFPR. Os<br>espa\u00e7os curriculares de aprendizagem est\u00e3o constitu\u00eddos pelos seguintes eixos pedag\u00f3gicos: Projetos de Aprendizagem (PA), Intera\u00e7\u00f5es Culturais e Human\u00edsticas<br>(ICH) e Fundamentos Te\u00f3ricos Pr\u00e1ticos (FTP). Cada espa\u00e7o curricular insere-se em uma das tr\u00eas fases do curr\u00edculo determinadas pelo PPP do Setor Litoral, a saber:<br>\u2022&nbsp;Conhecer e compreender;<br>\u2022&nbsp;Compreender e Propor;<br>\u2022&nbsp;Propor e Agir.<br>Tal desenho curricular, que preconiza a organiza\u00e7\u00e3o das atividades did\u00e1ticas a partir da metodologia do trabalho por projetos, permite que o educando construa o<br>seu aprendizado integrando diversas \u00e1reas do conhecimento afetas aos conte\u00fados program\u00e1ticos necess\u00e1rios \u00e0 forma\u00e7\u00e3o do agroec\u00f3logo, o que implica na defini\u00e7\u00e3o de um&nbsp;curr\u00edculo flex\u00edvel&nbsp;e, sobretudo, din\u00e2mico.<\/p>\n\n\n\n<p><a href=\"https:\/\/emec.mec.gov.br\/emec\/consulta-cadastro\/detalhamento\/d96957f455f6405d14c6542552b0f6eb\/NTcx\/9f1aa921d96ca1df24a34474cc171f61\/MjM1\">Emec.mec.gov.br\/emec\/consulta<\/a><\/p>\n\n\n\n<p><a href=\"https:\/\/litoral.ufpr.br\/agroecologia\/wp-content\/uploads\/sites\/7\/2025\/04\/Renovacao-Portaria-1186-de-24.11.17.pdf\">Renovacao-Portaria-1186-de-24.11.17<\/a><a href=\"https:\/\/litoral.ufpr.br\/agroecologia\/wp-content\/uploads\/sites\/7\/2025\/04\/Renovacao-Portaria-1186-de-24.11.17.pdf\">Baixar<\/a><\/p>\n\n\n\n<h2 class=\"wp-block-heading\">PPC Agroecologia 2023<\/h2>\n\n\n\n<p><object data=\"https:\/\/litoral.ufpr.br\/agroecologia\/wp-content\/uploads\/sites\/7\/2025\/04\/PPC-Agroecologia-2023.pdf\" type=\"application\/pdf\"><a href=\"https:\/\/litoral.ufpr.br\/agroecologia\/wp-content\/uploads\/sites\/7\/2025\/04\/PPC-Agroecologia-2023.pdf\">PPC-Agroecologia-2023Baixar<\/a><\/object><\/p>\n\n\n\n<div class=\"wp-block-file\"><a id=\"wp-block-file--media-6cfeff8e-688e-4f41-a4b7-f200e13dea1a\" href=\"https:\/\/litoral.ufpr.br\/agroecologia\/wp-content\/uploads\/sites\/7\/2025\/05\/PPC-Agroecologia-2023.pdf\">PPC-Agroecologia-2023<\/a><a href=\"https:\/\/litoral.ufpr.br\/agroecologia\/wp-content\/uploads\/sites\/7\/2025\/05\/PPC-Agroecologia-2023.pdf\" class=\"wp-block-file__button\" download aria-describedby=\"wp-block-file--media-6cfeff8e-688e-4f41-a4b7-f200e13dea1a\">Baixar<\/a><\/div>\n\n\n\n<p>Representa\u00e7\u00e3o Gr\u00e1fica do Perfil de Forma\u00e7\u00e3o<\/p>\n\n\n\n<figure class=\"wp-block-image size-full\"><img loading=\"lazy\" decoding=\"async\" width=\"891\" height=\"581\" src=\"https:\/\/litoral.ufpr.br\/agroecologia\/wp-content\/uploads\/sites\/7\/2025\/06\/image-1.png\" alt=\"\" class=\"wp-image-3446\" srcset=\"https:\/\/litoral.ufpr.br\/agroecologia\/wp-content\/uploads\/sites\/7\/2025\/06\/image-1.png 891w, https:\/\/litoral.ufpr.br\/agroecologia\/wp-content\/uploads\/sites\/7\/2025\/06\/image-1-300x196.png 300w, https:\/\/litoral.ufpr.br\/agroecologia\/wp-content\/uploads\/sites\/7\/2025\/06\/image-1-768x501.png 768w\" sizes=\"auto, (max-width: 891px) 100vw, 891px\" \/><\/figure>\n\n\n\n<div class=\"wp-block-file\"><a id=\"wp-block-file--media-03fe8e87-d5ce-4f5e-be56-a3b554d24dd1\" href=\"https:\/\/litoral.ufpr.br\/agroecologia\/wp-content\/uploads\/sites\/7\/2025\/08\/PLANEJAMENTO-ESTRATEGICO-DO-CURSO-DE-TECNOLOGIA-EM-AGROECOLOGIA.pdf\">PLANEJAMENTO-ESTRATEGICO-DO-CURSO-DE-TECNOLOGIA-EM-AGROECOLOGIA<\/a><a href=\"https:\/\/litoral.ufpr.br\/agroecologia\/wp-content\/uploads\/sites\/7\/2025\/08\/PLANEJAMENTO-ESTRATEGICO-DO-CURSO-DE-TECNOLOGIA-EM-AGROECOLOGIA.pdf\" class=\"wp-block-file__button\" download aria-describedby=\"wp-block-file--media-03fe8e87-d5ce-4f5e-be56-a3b554d24dd1\">Baixar<\/a><\/div>\n\n\n\n<p>Projeto Pol\u00edtico-Pedag\u00f3gico do Setor Litoral (PPP):&nbsp;<a rel=\"noreferrer noopener\" href=\"https:\/\/litoral.ufpr.br\/wp-content\/uploads\/2015\/02\/PPP-UFPR-LITORAL_Set-2008_Alteracao_Dez-2008.pdf\" target=\"_blank\">clique aqui<\/a><\/p>\n\n\n\n<div class=\"wp-block-file\"><a id=\"wp-block-file--media-f622aa1f-5663-4018-9084-ca19e5a3ea8d\" href=\"https:\/\/litoral.ufpr.br\/agroecologia\/wp-content\/uploads\/sites\/7\/2025\/05\/Regimento-Setorial.pdf\">Regimento-Setorial<\/a><a href=\"https:\/\/litoral.ufpr.br\/agroecologia\/wp-content\/uploads\/sites\/7\/2025\/05\/Regimento-Setorial.pdf\" class=\"wp-block-file__button\" download aria-describedby=\"wp-block-file--media-f622aa1f-5663-4018-9084-ca19e5a3ea8d\">Baixar<\/a><\/div>\n\n\n\n<p>Projeto de Desenvolvimento Institucional (PDI) 2022 \u2013 2026:&nbsp;<a href=\"https:\/\/ufpr.br\/wp-content\/uploads\/2022\/11\/Plano-de-Desenvolvimento-Institucional-UFPR-2022-2026.pdf\" target=\"_blank\" rel=\"noreferrer noopener\">clique aqui<\/a><\/p>\n\n\n\n<p>Plano de Autoavalia\u00e7\u00e3o Institucional (PAI) 2022 \u2013 2026:&nbsp;<a rel=\"noreferrer noopener\" href=\"https:\/\/cpa.ufpr.br\/wp-content\/uploads\/2024\/05\/plano-cpa-2022-2026-2a-ed.pdf\" target=\"_blank\">clique aqui<\/a><\/p>\n\n\n\n<h2 class=\"wp-block-heading\">Siga nosso Instagram <\/h2>\n\n\n\n<figure class=\"wp-block-image size-full\"><a href=\"https:\/\/www.instagram.com\/agroecologiaufprlitoral\/\"><img loading=\"lazy\" decoding=\"async\" width=\"121\" height=\"126\" src=\"https:\/\/litoral.ufpr.br\/agroecologia\/wp-content\/uploads\/sites\/7\/2025\/04\/image-1.png\" alt=\"\" class=\"wp-image-3269\" \/><\/a><\/figure>\n","protected":false},"excerpt":{"rendered":"<p>TECNOLOGIA EM AGROECOLOGIA Modalidade: PresencialRegime: SemestralN\u00famero total de vagas\/ano: 35 vagasCarga hor\u00e1ria total: 2400 horasTurno de funcionamento: Manh\u00e3Prazo de integraliza\u00e7\u00e3o curricular: m\u00ednimo de 6 e m\u00e1ximo de 9 semestresDiploma concedido: Tecn\u00f3logo em Agroecologia APRESENTA\u00c7\u00c3O O Curso Superior de Tecnologia em Agroecologia tem como objetivo formar profissionais para atua\u00e7\u00e3o em espa\u00e7os que promovam a sustentabilidade em [&hellip;]<\/p>\n","protected":false},"author":1624,"featured_media":0,"parent":0,"menu_order":0,"comment_status":"closed","ping_status":"closed","template":"","meta":{"_acf_changed":false,"footnotes":""},"class_list":["post-3241","page","type-page","status-publish","hentry"],"acf":[],"_links":{"self":[{"href":"https:\/\/litoral.ufpr.br\/agroecologia\/wp-json\/wp\/v2\/pages\/3241","targetHints":{"allow":["GET"]}}],"collection":[{"href":"https:\/\/litoral.ufpr.br\/agroecologia\/wp-json\/wp\/v2\/pages"}],"about":[{"href":"https:\/\/litoral.ufpr.br\/agroecologia\/wp-json\/wp\/v2\/types\/page"}],"author":[{"embeddable":true,"href":"https:\/\/litoral.ufpr.br\/agroecologia\/wp-json\/wp\/v2\/users\/1624"}],"replies":[{"embeddable":true,"href":"https:\/\/litoral.ufpr.br\/agroecologia\/wp-json\/wp\/v2\/comments?post=3241"}],"version-history":[{"count":17,"href":"https:\/\/litoral.ufpr.br\/agroecologia\/wp-json\/wp\/v2\/pages\/3241\/revisions"}],"predecessor-version":[{"id":3684,"href":"https:\/\/litoral.ufpr.br\/agroecologia\/wp-json\/wp\/v2\/pages\/3241\/revisions\/3684"}],"wp:attachment":[{"href":"https:\/\/litoral.ufpr.br\/agroecologia\/wp-json\/wp\/v2\/media?parent=3241"}],"curies":[{"name":"wp","href":"https:\/\/api.w.org\/{rel}","templated":true}]}}