{"id":3236,"date":"2025-04-25T13:09:32","date_gmt":"2025-04-25T16:09:32","guid":{"rendered":"https:\/\/litoral.ufpr.br\/agroecologia\/?page_id=3236"},"modified":"2025-04-25T13:10:06","modified_gmt":"2025-04-25T16:10:06","slug":"perguntas-frequentes","status":"publish","type":"page","link":"https:\/\/litoral.ufpr.br\/agroecologia\/perguntas-frequentes\/","title":{"rendered":"PERGUNTAS FREQUENTES"},"content":{"rendered":"\n<p><strong>1. Tenho atestado para os dias que faltei. Consigo abonar faltas?&nbsp;<\/strong><\/p>\n\n\n\n<p>N\u00e3o. Segundo a&nbsp;<a href=\"http:\/\/www.soc.ufpr.br\/portal\/wp-content\/uploads\/2016\/07\/Res-37-97-CEPE-atividades-acad%C3%AAmicas-alterada-pela-Res.-10-19-CEPE.pdf\" target=\"_blank\" rel=\"noreferrer noopener\">Resolu\u00e7\u00e3o n\u00ba 37\/97-CEPE<\/a>, art. 80, n\u00e3o h\u00e1 abono de faltas. O atestado s\u00f3 \u00e9 aproveit\u00e1vel para solicita\u00e7\u00e3o de exerc\u00edcios domiciliares e\/ou de segunda chamada para avalia\u00e7\u00f5es.&nbsp;<\/p>\n\n\n\n<p><strong>2. Engravidei, e agora?&nbsp;<\/strong><\/p>\n\n\n\n<p>\u00c9 de direito de pu\u00e9rperas a solicita\u00e7\u00e3o de exerc\u00edcios domiciliares, segundo art. 84 da&nbsp;<a rel=\"noreferrer noopener\" href=\"http:\/\/www.soc.ufpr.br\/portal\/wp-content\/uploads\/2016\/07\/Res-37-97-CEPE-atividades-acad%C3%AAmicas-alterada-pela-Res.-10-19-CEPE.pdf\" target=\"_blank\">Resolu\u00e7\u00e3o n\u00ba 37\/97-CEPE<\/a>. Para solicitar, envie a solicita\u00e7\u00e3o para a assessoria por meio do endere\u00e7o eletr\u00f4nico&nbsp;agroecologia.ufpr.br. &nbsp;<\/p>\n\n\n\n<p><strong>3. N\u00e3o estou conseguindo fazer matr\u00edcula. Como proceder?&nbsp;<\/strong><\/p>\n\n\n\n<p>Primeiramente, consulte no&nbsp;<a href=\"https:\/\/litoral.ufpr.br\/agroecologia\/wp-content\/uploads\/sites\/7\/2024\/12\/RESOLUCAO-No-21-24-CEPE-1.pdf-calendario-academico-setor-litoral.pdf\">calend\u00e1rio acad\u00eamico<\/a>&nbsp;se o per\u00edodo de solicita\u00e7\u00e3o de matr\u00edculas est\u00e1 aberto. Se estiver, verifique no SIGA se suas matr\u00edculas est\u00e3o cumprindo a carga hor\u00e1ria m\u00ednima exigida por semestre, que \u00e9 240h, ou se n\u00e3o h\u00e1 nenhum conflito de hor\u00e1rio. Se o problema n\u00e3o for resolvido, contate a assessoria. &nbsp;<\/p>\n\n\n\n<p><strong>4. Quero trocar de ICH. \u00c9 poss\u00edvel?&nbsp;<\/strong><\/p>\n\n\n\n<p>Sim, \u00e9 poss\u00edvel, desde que esteja no per\u00edodo de ajuste de matr\u00edculas previsto em calend\u00e1rio acad\u00eamico.&nbsp;<\/p>\n\n\n\n<p><strong>5. D\u00e1 pra cancelar m\u00f3dulos?&nbsp;<\/strong><\/p>\n\n\n\n<p>Sim, existe um prazo para solicita\u00e7\u00e3o de cancelamento de m\u00f3dulos tamb\u00e9m previsto em calend\u00e1rio acad\u00eamico.&nbsp;<\/p>\n\n\n\n<p><strong>6. Como arranjo certificado dos eventos que participei?&nbsp;<\/strong><\/p>\n\n\n\n<p>O certificado de participa\u00e7\u00e3o \u00e9 respons\u00e1vel pela organiza\u00e7\u00e3o de cada evento. Quando for participar de algum, atente-se a quem o organiza. &nbsp;<\/p>\n\n\n\n<p><strong>7. O que s\u00e3o Atividades Formativas Complementares?&nbsp;<\/strong><\/p>\n\n\n\n<p>As Atividades Formativas Complementares (AFCs) s\u00e3o constitu\u00eddas de atividades adicionais em rela\u00e7\u00e3o ao eixo fundamental do curr\u00edculo, objetivando sua flexibiliza\u00e7\u00e3o. Ou seja, s\u00e3o atua\u00e7\u00f5es fora do curso, podendo ser participa\u00e7\u00f5es em eventos, projetos de extens\u00e3o e\/ou de pesquisa, atividades volunt\u00e1rias, entre outros. Voc\u00ea deve cumprir 390h de AFCs. Essas horas devem ser cumpridas preferencialmente at\u00e9 o 5\u00ba semestre do curso.&nbsp;<\/p>\n\n\n\n<p><strong>8. O que s\u00e3o os documentos comprobat\u00f3rios das horas de Atividades Formativas Complementares e como devo entreg\u00e1-los?&nbsp;<\/strong><\/p>\n\n\n\n<p>Esses documentos s\u00e3o certificados de participa\u00e7\u00e3o nas modalidades previstas no Regulamento das Atividades Formativas do seu PPC, que voc\u00ea pode consultar aqui:&nbsp;<a href=\"https:\/\/drive.google.com\/file\/d\/1PJ9VEoUrn7Viz9wXf6tnYTmjjPauHEap\/view\">Curr\u00edculo 2015<\/a>&nbsp;e&nbsp;<a href=\"https:\/\/litoral.ufpr.br\/agroecologia\/wp-content\/uploads\/sites\/7\/2023\/07\/PPC-SIGA.pdf\">Curr\u00edculo 2023<\/a>&nbsp;. Voc\u00ea dever\u00e1 entregar sua documenta\u00e7\u00e3o preferencialmente at\u00e9 o 5\u00ba semestre. Atente-se ao edital que ser\u00e1 publicado todo o semestre. &nbsp;&nbsp;<\/p>\n\n\n\n<p><strong>9. Onde encontro meu hist\u00f3rico escolar, declara\u00e7\u00e3o de matr\u00edcula e declara\u00e7\u00e3o de cota?&nbsp;<\/strong><\/p>\n\n\n\n<p>Toda a sua documenta\u00e7\u00e3o deve constar no SIGA, na aba \u201cDocumentos\u201d.&nbsp;<\/p>\n\n\n\n<p><strong>10. Estou com problemas de acesso ao meu e-mail e\/ou aos sistemas da universidade. O que eu devo fazer?<\/strong><\/p>\n\n\n\n<p>Todos os problemas de acesso devem ser resolvidos com a Ag\u00eancia de Tecnologia da Informa\u00e7\u00e3o e Comunica\u00e7\u00e3o (AGTIC), pelo e-mail suporte suporte@ufpr.br. Se seu problema for na UFPR Virtual, entre em contato com suporte_ufprvirtual@ufpr.br.<\/p>\n","protected":false},"excerpt":{"rendered":"<p>1. Tenho atestado para os dias que faltei. Consigo abonar faltas?&nbsp; N\u00e3o. Segundo a&nbsp;Resolu\u00e7\u00e3o n\u00ba 37\/97-CEPE, art. 80, n\u00e3o h\u00e1 abono de faltas. O atestado s\u00f3 \u00e9 aproveit\u00e1vel para solicita\u00e7\u00e3o de exerc\u00edcios domiciliares e\/ou de segunda chamada para avalia\u00e7\u00f5es.&nbsp; 2. Engravidei, e agora?&nbsp; \u00c9 de direito de pu\u00e9rperas a solicita\u00e7\u00e3o de exerc\u00edcios domiciliares, segundo art. [&hellip;]<\/p>\n","protected":false},"author":1624,"featured_media":0,"parent":0,"menu_order":0,"comment_status":"closed","ping_status":"closed","template":"","meta":{"_acf_changed":false,"footnotes":""},"class_list":["post-3236","page","type-page","status-publish","hentry"],"acf":[],"_links":{"self":[{"href":"https:\/\/litoral.ufpr.br\/agroecologia\/wp-json\/wp\/v2\/pages\/3236","targetHints":{"allow":["GET"]}}],"collection":[{"href":"https:\/\/litoral.ufpr.br\/agroecologia\/wp-json\/wp\/v2\/pages"}],"about":[{"href":"https:\/\/litoral.ufpr.br\/agroecologia\/wp-json\/wp\/v2\/types\/page"}],"author":[{"embeddable":true,"href":"https:\/\/litoral.ufpr.br\/agroecologia\/wp-json\/wp\/v2\/users\/1624"}],"replies":[{"embeddable":true,"href":"https:\/\/litoral.ufpr.br\/agroecologia\/wp-json\/wp\/v2\/comments?post=3236"}],"version-history":[{"count":2,"href":"https:\/\/litoral.ufpr.br\/agroecologia\/wp-json\/wp\/v2\/pages\/3236\/revisions"}],"predecessor-version":[{"id":3240,"href":"https:\/\/litoral.ufpr.br\/agroecologia\/wp-json\/wp\/v2\/pages\/3236\/revisions\/3240"}],"wp:attachment":[{"href":"https:\/\/litoral.ufpr.br\/agroecologia\/wp-json\/wp\/v2\/media?parent=3236"}],"curies":[{"name":"wp","href":"https:\/\/api.w.org\/{rel}","templated":true}]}}