{"id":212,"date":"2018-08-17T07:21:32","date_gmt":"2018-08-17T10:21:32","guid":{"rendered":"https:\/\/litoral.ufpr.br\/agroecologia\/?page_id=212"},"modified":"2025-06-02T13:36:13","modified_gmt":"2025-06-02T16:36:13","slug":"documentos","status":"publish","type":"page","link":"https:\/\/litoral.ufpr.br\/agroecologia\/documentos\/","title":{"rendered":"Documentos e Links Importantes"},"content":{"rendered":"\n<p class=\"has-medium-font-size\"><strong>Documentos<\/strong><\/p>\n\n\n<ul style=\"text-align: left\">\n<li>Projeto Pol\u00edtico-Pedag\u00f3gico do Setor Litoral (PPP):&nbsp;<a href=\"https:\/\/litoral.ufpr.br\/wp-content\/uploads\/2015\/02\/PPP-UFPR-LITORAL_Set-2008_Alteracao_Dez-2008.pdf\" target=\"_blank\" rel=\"noreferrer noopener\">clique aqui<\/a><\/li>\n<li>Projeto de Desenvolvimento Institucional (PDI) 2022 \u2013 2026:&nbsp;<a href=\"https:\/\/ufpr.br\/wp-content\/uploads\/2022\/11\/Plano-de-Desenvolvimento-Institucional-UFPR-2022-2026.pdf\" target=\"_blank\" rel=\"noreferrer noopener\">clique aqui<\/a><\/li>\n<li>Plano de Autoavalia\u00e7\u00e3o Institucional (PAI) 2022 \u2013 2026:&nbsp;<a href=\"https:\/\/cpa.ufpr.br\/wp-content\/uploads\/2024\/05\/plano-cpa-2022-2026-2a-ed.pdf\" target=\"_blank\" rel=\"noreferrer noopener\">clique aqui<\/a><\/li>\n<li><span style=\"color: initial\">Resolu\u00e7\u00e3o que Aprova normas b\u00e1sicas de controle e registro da atividade acad\u00eamica dos cursos de gradua\u00e7\u00e3o da Universidade. <\/span><a style=\"font-size: revert\" href=\"https:\/\/litoral.ufpr.br\/wp-content\/uploads\/2014\/12\/cepe3797.pdf\">Resolu\u00e7\u00e3o n\u00ba 37\/97 CEPE<\/a><\/li>\n<li>Resolu\u00e7\u00e3o que aprova normas de dispensa de Disciplinas, de Equival\u00eancia de Disciplinas, de Exames de Adiantamento e Aproveitamento de Conhecimento nos cursos de gradua\u00e7\u00e3o da Universidade Federal do Paran\u00e1. <a style=\"font-size: revert\" href=\"https:\/\/litoral.ufpr.br\/wp-content\/uploads\/2016\/08\/Resolu\u00e7\u00e3o-92-13-CEPE.pdf\">Resolu\u00e7\u00e3o n\u00ba 92\/13 CEPE <\/a>&nbsp;<a style=\"font-size: revert\" href=\"https:\/\/engprod.ufpr.br\/wp-content\/uploads\/2023\/02\/instrucao-normativa-prograd-no-01-14.pdf\">Instru\u00e7\u00e3o Normativa n\u00ba 01\/2014<\/a><\/li>\n<\/ul>\n\n\n<p><strong>Links<\/strong><\/p>\n\n\n\n<p>UFPR \u2013&nbsp;<a href=\"http:\/\/www.ufpr.br\/portalufpr\/\">http:\/\/www.ufpr.br\/portalufpr\/<\/a><\/p>\n\n\n\n<p>UFPR LITORAL \u2013&nbsp;<a href=\"https:\/\/litoral.ufpr.br\/\">https:\/\/litoral.ufpr.br\/<\/a><\/p>\n\n\n\n<p>RU &#8211; Restaurante Universit\u00e1rio <a href=\"https:\/\/pra.ufpr.br\/ru\/cardapio-ru-matinhos\/\">https:\/\/pra.ufpr.br\/ru\/cardapio-ru-matinhos\/<\/a><\/p>\n\n\n\n<p>PROGRAD \u2013 Pr\u00f3-Reitoria de Gradua\u00e7\u00e3o e Educa\u00e7\u00e3o Profissional \u2013&nbsp;<a href=\"http:\/\/www.prograd.ufpr.br\/\">http:\/\/www.prograd.ufpr.br\/<\/a><\/p>\n\n\n\n<p>P4E \u2013 Pr\u00f3-Reitoria de Assuntos Estudantis \u2013&nbsp;<a href=\"http:\/\/www.prae.ufpr.br\/prae\/\">http:\/\/www.prae.ufpr.br\/prae\/<\/a><\/p>\n\n\n\n<p>SIGA \u2013 Sistema Integrado de Gest\u00e3o Acad\u00eamica \u2013&nbsp;<a href=\"http:\/\/www.siga.ufpr.br\/\">www.siga.ufpr.br<\/a><\/p>\n\n\n\n<p>Intercampi Litoral \u2013&nbsp;<a href=\"https:\/\/litoral.ufpr.br\/intercampi-litoral\/\">https:\/\/litoral.ufpr.br\/intercampi-litoral\/<\/a><\/p>\n\n\n\n<p>Bibliotecas UFPR \u2013&nbsp;<a href=\"http:\/\/www.portal.ufpr.br\/\">http:\/\/www.portal.ufpr.br\/<\/a><\/p>\n\n\n\n<p>SEPOL \u2013 Se\u00e7\u00e3o de Pol\u00edticas Afirmativas, Assuntos Estudantis e Comunit\u00e1rios \u2013&nbsp;<a href=\"https:\/\/litoral.ufpr.br\/ufpr-litoral\/estrutura-administrativa\/coordenadoria-de-gestao-academica\/sepol\/\">https:\/\/litoral.ufpr.br\/ufpr-litoral\/estrutura-administrativa\/coordenadoria-de-gestao-academica\/sepol\/<\/a><\/p>\n\n\n\n<p>SIPAD \u2013 Superintend\u00eancia de Inclus\u00e3o, Pol\u00edticas Afirmativas e Diversidade \u2013&nbsp;<a href=\"http:\/\/www.sipad.ufpr.br\/\">http:\/\/www.sipad.ufpr.br\/<\/a><\/p>\n\n\n\n<p>ERI &#8211; Escrit\u00f3rio de Rela\u00e7\u00f5es Internacionais &#8211; <a href=\"https:\/\/internacional.ufpr.br\/portal\/\">https:\/\/internacional.ufpr.br\/portal\/<\/a><\/p>\n","protected":false},"excerpt":{"rendered":"<p>Documentos Projeto Pol\u00edtico-Pedag\u00f3gico do Setor Litoral (PPP):&nbsp;clique aqui Projeto de Desenvolvimento Institucional (PDI) 2022 \u2013 2026:&nbsp;clique aqui Plano de Autoavalia\u00e7\u00e3o Institucional (PAI) 2022 \u2013 2026:&nbsp;clique aqui Resolu\u00e7\u00e3o que Aprova normas b\u00e1sicas de controle e registro da atividade acad\u00eamica dos cursos de gradua\u00e7\u00e3o da Universidade. Resolu\u00e7\u00e3o n\u00ba 37\/97 CEPE Resolu\u00e7\u00e3o que aprova normas de dispensa de [&hellip;]<\/p>\n","protected":false},"author":3,"featured_media":0,"parent":0,"menu_order":0,"comment_status":"closed","ping_status":"closed","template":"","meta":{"_acf_changed":false,"footnotes":""},"class_list":["post-212","page","type-page","status-publish","hentry"],"acf":[],"_links":{"self":[{"href":"https:\/\/litoral.ufpr.br\/agroecologia\/wp-json\/wp\/v2\/pages\/212","targetHints":{"allow":["GET"]}}],"collection":[{"href":"https:\/\/litoral.ufpr.br\/agroecologia\/wp-json\/wp\/v2\/pages"}],"about":[{"href":"https:\/\/litoral.ufpr.br\/agroecologia\/wp-json\/wp\/v2\/types\/page"}],"author":[{"embeddable":true,"href":"https:\/\/litoral.ufpr.br\/agroecologia\/wp-json\/wp\/v2\/users\/3"}],"replies":[{"embeddable":true,"href":"https:\/\/litoral.ufpr.br\/agroecologia\/wp-json\/wp\/v2\/comments?post=212"}],"version-history":[{"count":66,"href":"https:\/\/litoral.ufpr.br\/agroecologia\/wp-json\/wp\/v2\/pages\/212\/revisions"}],"predecessor-version":[{"id":3451,"href":"https:\/\/litoral.ufpr.br\/agroecologia\/wp-json\/wp\/v2\/pages\/212\/revisions\/3451"}],"wp:attachment":[{"href":"https:\/\/litoral.ufpr.br\/agroecologia\/wp-json\/wp\/v2\/media?parent=212"}],"curies":[{"name":"wp","href":"https:\/\/api.w.org\/{rel}","templated":true}]}}