{"id":164,"date":"2018-06-25T10:25:47","date_gmt":"2018-06-25T13:25:47","guid":{"rendered":"https:\/\/litoral.ufpr.br\/agroecologia\/?page_id=164"},"modified":"2025-03-20T10:12:17","modified_gmt":"2025-03-20T13:12:17","slug":"informativos","status":"publish","type":"page","link":"https:\/\/litoral.ufpr.br\/agroecologia\/informativos\/","title":{"rendered":"Informativos"},"content":{"rendered":"<h2>Links Importantes<\/h2>\n<div>\n<p>UFPR \u2013\u00a0<a href=\"http:\/\/www.ufpr.br\/portalufpr\/\">http:\/\/www.ufpr.br\/portalufpr\/<\/a><\/p>\n<p>UFPR LITORAL \u2013\u00a0<a href=\"https:\/\/litoral.ufpr.br\/\">https:\/\/litoral.ufpr.br\/<\/a><\/p>\n<p>PROGRAP \u2013 Pr\u00f3-Reitoria de Gradua\u00e7\u00e3o e Educa\u00e7\u00e3o Profissional \u2013 <a href=\"http:\/\/www.prograd.ufpr.br\/\">http:\/\/www.prograd.ufpr.br\/<\/a><\/p>\n<p>P4E \u2013 Pr\u00f3-Reitoria de Assuntos Estudantis \u2013 <a href=\"http:\/\/www.prae.ufpr.br\/prae\/\">http:\/\/www.prae.ufpr.br\/prae\/<\/a><\/p>\n<p>SIGA \u2013 Sistema Integrado de Gest\u00e3o Acad\u00eamica \u2013\u00a0<a href=\"http:\/\/www.siga.ufpr.br\/\">www.siga.ufpr.br<\/a><\/p>\n<p>Intercampi Litoral \u2013\u00a0<a href=\"https:\/\/litoral.ufpr.br\/intercampi-litoral\/\">https:\/\/litoral.ufpr.br\/intercampi-litoral\/<\/a><\/p>\n<p>Bibliotecas UFPR \u2013\u00a0<a href=\"http:\/\/www.portal.ufpr.br\/\">http:\/\/www.portal.ufpr.br\/<\/a><\/p>\n<p>SEPOL \u2013 Se\u00e7\u00e3o de Pol\u00edticas Afirmativas, Assuntos Estudantis e Comunit\u00e1rios \u2013\u00a0<a href=\"https:\/\/litoral.ufpr.br\/ufpr-litoral\/estrutura-administrativa\/coordenadoria-de-gestao-academica\/sepol\/\">https:\/\/litoral.ufpr.br\/ufpr-litoral\/estrutura-administrativa\/coordenadoria-de-gestao-academica\/sepol\/<\/a><\/p>\n<p>PROAFE \u2013 Superintend\u00eancia de Inclus\u00e3o, Pol\u00edticas Afirmativas e Diversidade \u2013 <a href=\"http:\/\/www.sipad.ufpr.br\/\">http:\/\/www.sipad.ufpr.br\/<\/a><\/p>\n<\/div>\n\n\n<p><\/p>\n","protected":false},"excerpt":{"rendered":"<p>Links Importantes UFPR \u2013\u00a0http:\/\/www.ufpr.br\/portalufpr\/ UFPR LITORAL \u2013\u00a0https:\/\/litoral.ufpr.br\/ PROGRAP \u2013 Pr\u00f3-Reitoria de Gradua\u00e7\u00e3o e Educa\u00e7\u00e3o Profissional \u2013 http:\/\/www.prograd.ufpr.br\/ P4E \u2013 Pr\u00f3-Reitoria de Assuntos Estudantis \u2013 http:\/\/www.prae.ufpr.br\/prae\/ SIGA \u2013 Sistema Integrado de Gest\u00e3o Acad\u00eamica \u2013\u00a0www.siga.ufpr.br Intercampi Litoral \u2013\u00a0https:\/\/litoral.ufpr.br\/intercampi-litoral\/ Bibliotecas UFPR \u2013\u00a0http:\/\/www.portal.ufpr.br\/ SEPOL \u2013 Se\u00e7\u00e3o de Pol\u00edticas Afirmativas, Assuntos Estudantis e Comunit\u00e1rios \u2013\u00a0https:\/\/litoral.ufpr.br\/ufpr-litoral\/estrutura-administrativa\/coordenadoria-de-gestao-academica\/sepol\/ PROAFE \u2013 Superintend\u00eancia de Inclus\u00e3o, [&hellip;]<\/p>\n","protected":false},"author":3,"featured_media":0,"parent":0,"menu_order":0,"comment_status":"closed","ping_status":"closed","template":"informativos.php","meta":{"_acf_changed":false,"footnotes":""},"class_list":["post-164","page","type-page","status-publish","hentry"],"acf":[],"_links":{"self":[{"href":"https:\/\/litoral.ufpr.br\/agroecologia\/wp-json\/wp\/v2\/pages\/164","targetHints":{"allow":["GET"]}}],"collection":[{"href":"https:\/\/litoral.ufpr.br\/agroecologia\/wp-json\/wp\/v2\/pages"}],"about":[{"href":"https:\/\/litoral.ufpr.br\/agroecologia\/wp-json\/wp\/v2\/types\/page"}],"author":[{"embeddable":true,"href":"https:\/\/litoral.ufpr.br\/agroecologia\/wp-json\/wp\/v2\/users\/3"}],"replies":[{"embeddable":true,"href":"https:\/\/litoral.ufpr.br\/agroecologia\/wp-json\/wp\/v2\/comments?post=164"}],"version-history":[{"count":7,"href":"https:\/\/litoral.ufpr.br\/agroecologia\/wp-json\/wp\/v2\/pages\/164\/revisions"}],"predecessor-version":[{"id":3070,"href":"https:\/\/litoral.ufpr.br\/agroecologia\/wp-json\/wp\/v2\/pages\/164\/revisions\/3070"}],"wp:attachment":[{"href":"https:\/\/litoral.ufpr.br\/agroecologia\/wp-json\/wp\/v2\/media?parent=164"}],"curies":[{"name":"wp","href":"https:\/\/api.w.org\/{rel}","templated":true}]}}