{"id":692,"date":"2019-09-18T09:45:09","date_gmt":"2019-09-18T12:45:09","guid":{"rendered":"https:\/\/litoral.ufpr.br\/admpublica\/?page_id=692"},"modified":"2025-12-22T11:29:48","modified_gmt":"2025-12-22T14:29:48","slug":"calendario-ufpr","status":"publish","type":"page","link":"https:\/\/litoral.ufpr.br\/admpublica\/calendario\/calendario-ufpr\/","title":{"rendered":"Calend\u00e1rio &#8211; UFPR"},"content":{"rendered":"\n<p><\/p>\n\n\n<p><strong>CALEND\u00c1RIO ACAD\u00caMICO &#8211; 2026<\/strong><br \/><a href=\"https:\/\/litoral.ufpr.br\/admpublica\/wp-content\/uploads\/sites\/6\/2025\/12\/Calendario-academico-2026.pdf\">Calend\u00e1rio acad\u00eamico &#8211; 2026<\/a><\/p>\n<h4>CALEND\u00c1RIO ACAD\u00caMICO &#8211; 2024-2025<\/h4>\n<p><a href=\"https:\/\/litoral.ufpr.br\/admpublica\/wp-content\/uploads\/sites\/6\/2024\/12\/Calendario-2025-15-a-18-semanas-RESOLUCAO-No-19-24-CEPE.pdf\">Calend\u00e1rio 2025 &#8211; 15 a 18 semanas RESOLUCAO-No-19-24-CEPE<\/a><\/p>\n<p><a href=\"http:\/\/Resolucao_12_24_CEPE-Calendario-2024-Pos-greve-Litoral.pdf\"><strong>Resolucao_12_24_CEPE-Calendario-2024-Pos-greve-Litoral.pdf<\/strong><\/a><\/p>\n<h4>CALEND\u00c1RIO ACAD\u00caMICO &#8211; 2021-2022<\/h4>\n<p><a href=\"https:\/\/litoral.ufpr.br\/admpublica\/wp-content\/uploads\/sites\/6\/2022\/05\/RESOLUC\u0327A\u0303O-No-31-22-CEPE.pdf\"><strong>RESOLU\u00c7\u00c3O N\u00ba 31-22 &#8211; CEPE Calend\u00e1rio 2022-1 e 2022-2<\/strong><\/a><br \/><strong><a href=\"https:\/\/litoral.ufpr.br\/admpublica\/wp-content\/uploads\/sites\/6\/2022\/05\/Calenda\u0301rio-Acade\u0302mico-20221.pdf\">Calend\u00e1rio Acad\u00eamico 2022-1<\/a><\/strong><\/p>\n<h4>CALEND\u00c1RIO ACAD\u00caMICO ANTERIORES<\/h4>\n<p><strong><a href=\"https:\/\/litoral.ufpr.br\/admpublica\/wp-content\/uploads\/sites\/6\/2022\/01\/Calendario-UFPR-2021-1.pdf\">RESOLU\u00c7\u00c3O N\u00ba 52-2021 &#8211; CEPE Calend\u00e1rio 2021-1 e 2021-2<\/a><\/strong><\/p>\n<p><a href=\"https:\/\/litoral.ufpr.br\/admpublica\/wp-content\/uploads\/sites\/6\/2021\/11\/RESOLUC\u0327A\u0303O-No-65-21-CEPE.pdf\">RESOLUC\u0327A\u0303O N\u00ba-65-21- CEPE<\/a><\/p>\n<p><a href=\"https:\/\/litoral.ufpr.br\/admpublica\/wp-content\/uploads\/sites\/6\/2021\/11\/RESOLUCAO-No-22-21-CEPE.pdf\">RESOLU\u00c7\u00c3O N\u00ba-22-21-CEPE<\/a><\/p>\n<p><a href=\"https:\/\/litoral.ufpr.br\/admpublica\/wp-content\/uploads\/sites\/6\/2021\/04\/RESOLUCAO-No-23-21-CEPE.pdf\">Resolu\u00e7\u00e3o N\u00ba-23-21- CEPE<\/a><\/p>\n<p><a href=\"https:\/\/litoral.ufpr.br\/admpublica\/wp-content\/uploads\/sites\/6\/2021\/04\/RESOLUCAO-No-65-2020-CEPE_Periodo-Especial-2.pdf\">Resolu\u00e7\u00e3o-N\u00ba-65-2020-CEPE_Per\u00edodo Especial 2<\/a><\/p>\n<p><a href=\"https:\/\/litoral.ufpr.br\/admpublica\/wp-content\/uploads\/sites\/6\/2021\/04\/Resolucao-No-59-2020-CEPE_Periodo-Especial-1.pdf\">Resolu\u00e7\u00e3o-N\u00ba-59-2020-CEPE_Per\u00edodo Especial 1<\/a><\/p>\n<p><a href=\"https:\/\/litoral.ufpr.br\/admpublica\/wp-content\/uploads\/sites\/6\/2021\/04\/RESOLUCAO-No-44-2020-CEPE-regulamenta-atividades-durante-suspensao-do-calendario.pdf\">Resolu\u00e7\u00e3o-N\u00ba-44-2020-CEPE-regulamenta atividades durante suspens\u00e3o do calend\u00e1rio<\/a><\/p>\n<p><a href=\"https:\/\/litoral.ufpr.br\/admpublica\/wp-content\/uploads\/sites\/6\/2021\/04\/RESOLUCAO-42-2020-CEPE_suspensao-calendario-prazo-indeterminado.pdf\">Resolu\u00e7\u00e3o-N\u00ba-42-2020-CEPE_suspens\u00e3o calend\u00e1rio prazo indeterminado<\/a><\/p>\n<p><a href=\"https:\/\/litoral.ufpr.br\/admpublica\/wp-content\/uploads\/sites\/6\/2021\/04\/CEPE-Prorrogacao-da-suspensao-dos-Calendarios-Academicos-da-UFPR.pdf-2.pdf\">CEPE-Prorroga\u00e7\u00e3o-da-suspens\u00e3o-dos-Calend\u00e1rios-Acad\u00eamicos-da-UFPR.pdf-2<\/a><\/p>\n<p><a href=\"https:\/\/litoral.ufpr.br\/admpublica\/wp-content\/uploads\/sites\/6\/2021\/04\/Res.-26-2020-CEPE-suspensao-calendario-por-14-dias.pdf\">Resolu\u00e7\u00e3o-N\u00ba-26-2020-CEPE-suspens\u00e3o-calend\u00e1rio por 14 dias<\/a><\/p>\n<p><a href=\"https:\/\/litoral.ufpr.br\/admpublica\/wp-content\/uploads\/sites\/6\/2020\/03\/Novos-prazos-calend\u00e1rio-acad\u00eamico.pdf\">Novos prazos Calend\u00e1rio Acad\u00eamico 2020<\/a><\/p>\n<p><a href=\"https:\/\/litoral.ufpr.br\/admpublica\/wp-content\/uploads\/sites\/6\/2019\/11\/Res.25-19-CEPE-Calendario_2020_SL.pdf\">Resolu\u00e7\u00e3o-N\u00ba-.25-19-CEPE &#8211; Calend\u00e1rio Acad\u00eamico_2020_SL<\/a><\/p>\n<p><a href=\"https:\/\/litoral.ufpr.br\/admpublica\/wp-content\/uploads\/sites\/6\/2019\/02\/Res.66-18-CEPE_Calendario_Academico_SL_2019.pdf\">Resolu\u00e7\u00e3o-N\u00ba-66-18-CEPE_Calendario_Academico_SL_2019.pdf<\/a><\/p>\n<p>P\u00e1gina atualizada em: <strong>22<\/strong><strong> de dez. de 2025.<\/strong><\/p>","protected":false},"excerpt":{"rendered":"<p>CALEND\u00c1RIO ACAD\u00caMICO &#8211; 2026Calend\u00e1rio acad\u00eamico &#8211; 2026 CALEND\u00c1RIO ACAD\u00caMICO &#8211; 2024-2025 Calend\u00e1rio 2025 &#8211; 15 a 18 semanas RESOLUCAO-No-19-24-CEPE Resolucao_12_24_CEPE-Calendario-2024-Pos-greve-Litoral.pdf CALEND\u00c1RIO ACAD\u00caMICO &#8211; 2021-2022 RESOLU\u00c7\u00c3O N\u00ba 31-22 &#8211; CEPE Calend\u00e1rio 2022-1 e 2022-2Calend\u00e1rio Acad\u00eamico 2022-1 CALEND\u00c1RIO ACAD\u00caMICO ANTERIORES RESOLU\u00c7\u00c3O N\u00ba 52-2021 &#8211; CEPE Calend\u00e1rio 2021-1 e 2021-2 RESOLUC\u0327A\u0303O N\u00ba-65-21- CEPE RESOLU\u00c7\u00c3O N\u00ba-22-21-CEPE Resolu\u00e7\u00e3o N\u00ba-23-21- CEPE [&hellip;]<\/p>\n","protected":false},"author":3,"featured_media":0,"parent":180,"menu_order":0,"comment_status":"closed","ping_status":"closed","template":"","meta":{"_acf_changed":false,"footnotes":""},"class_list":["post-692","page","type-page","status-publish","hentry"],"acf":[],"_links":{"self":[{"href":"https:\/\/litoral.ufpr.br\/admpublica\/wp-json\/wp\/v2\/pages\/692","targetHints":{"allow":["GET"]}}],"collection":[{"href":"https:\/\/litoral.ufpr.br\/admpublica\/wp-json\/wp\/v2\/pages"}],"about":[{"href":"https:\/\/litoral.ufpr.br\/admpublica\/wp-json\/wp\/v2\/types\/page"}],"author":[{"embeddable":true,"href":"https:\/\/litoral.ufpr.br\/admpublica\/wp-json\/wp\/v2\/users\/3"}],"replies":[{"embeddable":true,"href":"https:\/\/litoral.ufpr.br\/admpublica\/wp-json\/wp\/v2\/comments?post=692"}],"version-history":[{"count":31,"href":"https:\/\/litoral.ufpr.br\/admpublica\/wp-json\/wp\/v2\/pages\/692\/revisions"}],"predecessor-version":[{"id":4240,"href":"https:\/\/litoral.ufpr.br\/admpublica\/wp-json\/wp\/v2\/pages\/692\/revisions\/4240"}],"up":[{"embeddable":true,"href":"https:\/\/litoral.ufpr.br\/admpublica\/wp-json\/wp\/v2\/pages\/180"}],"wp:attachment":[{"href":"https:\/\/litoral.ufpr.br\/admpublica\/wp-json\/wp\/v2\/media?parent=692"}],"curies":[{"name":"wp","href":"https:\/\/api.w.org\/{rel}","templated":true}]}}