{"id":666,"date":"2019-08-27T16:21:49","date_gmt":"2019-08-27T19:21:49","guid":{"rendered":"https:\/\/litoral.ufpr.br\/admpublica\/?page_id=666"},"modified":"2025-08-18T18:51:29","modified_gmt":"2025-08-18T21:51:29","slug":"trabalho-de-conclusao-de-curso","status":"publish","type":"page","link":"https:\/\/litoral.ufpr.br\/admpublica\/trabalho-de-conclusao-de-curso\/","title":{"rendered":"Trabalho de Conclus\u00e3o de Curso"},"content":{"rendered":"\n<p class=\"has-text-align-left\">A realiza\u00e7\u00e3o e aprova\u00e7\u00e3o por banca examinadora do Trabalho de Conclus\u00e3o do Curso (TCC) \u00e9<br>parte integrante do curr\u00edculo do curso de Bacharelado em Administra\u00e7\u00e3o P\u00fablica do Setor Litoral da UFPR,sendo requisito obrigat\u00f3rio para a obten\u00e7\u00e3o do diploma. O TCC no curso de Administra\u00e7\u00e3o P\u00fablica consiste em um trabalho individual de pesquisa, expressa na forma escrita nos moldes de monografia ou, preferencialmente, artigo cient\u00edfico. <\/p>\n\n\n\n<p><strong>O desenvolvimento do TCC<\/strong> no curso de Administra\u00e7\u00e3o P\u00fablica ocorre em <strong>tr\u00eas m\u00f3dulos obrigat\u00f3rios<\/strong>:<\/p>\n\n\n\n<ol class=\"wp-block-list\"><li><strong>Elabora\u00e7\u00e3o de Projeto de TCC (SLAP603):<\/strong> realizado em sala de aula, resulta na elabora\u00e7\u00e3o do projeto individual e defini\u00e7\u00e3o do orientador.<\/li><li><strong>TCC I (SLAP702):<\/strong> envolve encontros de orienta\u00e7\u00e3o, com avan\u00e7o parcial da pesquisa.<\/li><li><strong>TCC II (SLAP801):<\/strong> consiste na finaliza\u00e7\u00e3o do trabalho e defesa p\u00fablica.<\/li><\/ol>\n\n\n\n<p>A avalia\u00e7\u00e3o final \u00e9 atribu\u00edda no primeiro m\u00f3dulo pelo professor da disciplina, no segundo pelo orientador e, no terceiro, pela banca de defesa.<\/p>\n\n\n\n<p><strong>Abaixo seguem documentos \u00fateis:<\/strong><\/p>\n\n\n\n<p><a href=\"https:\/\/litoral.ufpr.br\/admpublica\/wp-content\/uploads\/sites\/6\/2025\/08\/TCCs.pdf\" data-type=\"URL\" data-id=\"https:\/\/litoral.ufpr.br\/admpublica\/wp-content\/uploads\/sites\/6\/2025\/08\/TCCs.pdf\">Regulamento de TCC (PPC)<\/a>;<br>Temas orientados por cada docente;<br><a href=\"https:\/\/bibliotecas.ufpr.br\/\" data-type=\"URL\" data-id=\"https:\/\/bibliotecas.ufpr.br\/\"><em>Link <\/em>das bibliotecas da UFPR;<br><\/a><a href=\"https:\/\/acervo.ufpr.br\/\" data-type=\"URL\" data-id=\"https:\/\/acervo.ufpr.br\/\">Consulta ao acervo das biblioteca da UFPR<\/a><br><a href=\"https:\/\/litoral.ufpr.br\/admpublica\/trabalho-de-conclusao-de-curso\/regulamento-do-tcc\/\" data-type=\"URL\" data-id=\"https:\/\/litoral.ufpr.br\/admpublica\/trabalho-de-conclusao-de-curso\/regulamento-do-tcc\/\">Modelos <\/a><br><a href=\"https:\/\/litoral.ufpr.br\/admpublica\/trabalho-de-conclusao-de-curso\/tccs-aprovados\/\" data-type=\"URL\" data-id=\"https:\/\/litoral.ufpr.br\/admpublica\/trabalho-de-conclusao-de-curso\/tccs-aprovados\/\">TCCs do curso<\/a><\/p>\n\n\n\n<p>P\u00e1gina atualizada em:&nbsp;<strong>18 de ago. de 2025.<\/strong><a><\/a><\/p>\n","protected":false},"excerpt":{"rendered":"<p>A realiza\u00e7\u00e3o e aprova\u00e7\u00e3o por banca examinadora do Trabalho de Conclus\u00e3o do Curso (TCC) \u00e9parte integrante do curr\u00edculo do curso de Bacharelado em Administra\u00e7\u00e3o P\u00fablica do Setor Litoral da UFPR,sendo requisito obrigat\u00f3rio para a obten\u00e7\u00e3o do diploma. O TCC no curso de Administra\u00e7\u00e3o P\u00fablica consiste em um trabalho individual de pesquisa, expressa na forma escrita [&hellip;]<\/p>\n","protected":false},"author":3,"featured_media":0,"parent":0,"menu_order":0,"comment_status":"closed","ping_status":"closed","template":"","meta":{"_acf_changed":false,"footnotes":""},"class_list":["post-666","page","type-page","status-publish","hentry"],"acf":[],"_links":{"self":[{"href":"https:\/\/litoral.ufpr.br\/admpublica\/wp-json\/wp\/v2\/pages\/666","targetHints":{"allow":["GET"]}}],"collection":[{"href":"https:\/\/litoral.ufpr.br\/admpublica\/wp-json\/wp\/v2\/pages"}],"about":[{"href":"https:\/\/litoral.ufpr.br\/admpublica\/wp-json\/wp\/v2\/types\/page"}],"author":[{"embeddable":true,"href":"https:\/\/litoral.ufpr.br\/admpublica\/wp-json\/wp\/v2\/users\/3"}],"replies":[{"embeddable":true,"href":"https:\/\/litoral.ufpr.br\/admpublica\/wp-json\/wp\/v2\/comments?post=666"}],"version-history":[{"count":6,"href":"https:\/\/litoral.ufpr.br\/admpublica\/wp-json\/wp\/v2\/pages\/666\/revisions"}],"predecessor-version":[{"id":4113,"href":"https:\/\/litoral.ufpr.br\/admpublica\/wp-json\/wp\/v2\/pages\/666\/revisions\/4113"}],"wp:attachment":[{"href":"https:\/\/litoral.ufpr.br\/admpublica\/wp-json\/wp\/v2\/media?parent=666"}],"curies":[{"name":"wp","href":"https:\/\/api.w.org\/{rel}","templated":true}]}}