{"id":4250,"date":"2026-01-26T16:17:17","date_gmt":"2026-01-26T19:17:17","guid":{"rendered":"https:\/\/litoral.ufpr.br\/admpublica\/?page_id=4250"},"modified":"2026-01-26T16:22:10","modified_gmt":"2026-01-26T19:22:10","slug":"editais-de-convocacao-de-jubilamento","status":"publish","type":"page","link":"https:\/\/litoral.ufpr.br\/admpublica\/editais-de-convocacao-de-jubilamento\/","title":{"rendered":"Editais de convoca\u00e7\u00e3o de jubilamento"},"content":{"rendered":"\n<p>Tornam-se p\u00fablicos os editais de convoca\u00e7\u00e3o para o processo de jubilamento.<\/p>\n\n\n\n<div data-wp-interactive=\"core\/file\" class=\"wp-block-file\"><object data-wp-bind--hidden=\"!state.hasPdfPreview\" hidden class=\"wp-block-file__embed\" data=\"https:\/\/litoral.ufpr.br\/admpublica\/wp-content\/uploads\/sites\/6\/2026\/01\/SEI_8540381_Edital_2_2026.pdf\" type=\"application\/pdf\" style=\"width:100%;height:600px\" aria-label=\"Incorporado de SEI_8540381_Edital_2_2026.\"><\/object><a id=\"wp-block-file--media-39233cbe-9651-4a0c-934b-400968027383\" href=\"https:\/\/litoral.ufpr.br\/admpublica\/wp-content\/uploads\/sites\/6\/2026\/01\/SEI_8540381_Edital_2_2026.pdf\">SEI_8540381_Edital_2_2026<\/a><a href=\"https:\/\/litoral.ufpr.br\/admpublica\/wp-content\/uploads\/sites\/6\/2026\/01\/SEI_8540381_Edital_2_2026.pdf\" class=\"wp-block-file__button wp-element-button\" download aria-describedby=\"wp-block-file--media-39233cbe-9651-4a0c-934b-400968027383\">Baixar<\/a><\/div>\n\n\n\n<p><\/p>\n\n\n\n<div data-wp-interactive=\"core\/file\" class=\"wp-block-file\"><object data-wp-bind--hidden=\"!state.hasPdfPreview\" hidden class=\"wp-block-file__embed\" data=\"https:\/\/litoral.ufpr.br\/admpublica\/wp-content\/uploads\/sites\/6\/2026\/01\/SEI_8540359_Edital_1_2026.pdf\" type=\"application\/pdf\" style=\"width:100%;height:600px\" aria-label=\"Incorporado de SEI_8540359_Edital_1_2026.\"><\/object><a id=\"wp-block-file--media-622d5aec-e959-4def-af5a-cc1ddca0233e\" href=\"https:\/\/litoral.ufpr.br\/admpublica\/wp-content\/uploads\/sites\/6\/2026\/01\/SEI_8540359_Edital_1_2026.pdf\">SEI_8540359_Edital_1_2026<\/a><a href=\"https:\/\/litoral.ufpr.br\/admpublica\/wp-content\/uploads\/sites\/6\/2026\/01\/SEI_8540359_Edital_1_2026.pdf\" class=\"wp-block-file__button wp-element-button\" download aria-describedby=\"wp-block-file--media-622d5aec-e959-4def-af5a-cc1ddca0233e\">Baixar<\/a><\/div>\n\n\n\n<p>Atualizado em <strong>26 de jan. de 2026<\/strong><\/p>\n\n\n\n<p><\/p>\n","protected":false},"excerpt":{"rendered":"<p>Tornam-se p\u00fablicos os editais de convoca\u00e7\u00e3o para o processo de jubilamento. Atualizado em 26 de jan. de 2026<\/p>\n","protected":false},"author":1670,"featured_media":0,"parent":0,"menu_order":0,"comment_status":"closed","ping_status":"closed","template":"","meta":{"_acf_changed":false,"footnotes":""},"class_list":["post-4250","page","type-page","status-publish","hentry"],"acf":[],"_links":{"self":[{"href":"https:\/\/litoral.ufpr.br\/admpublica\/wp-json\/wp\/v2\/pages\/4250","targetHints":{"allow":["GET"]}}],"collection":[{"href":"https:\/\/litoral.ufpr.br\/admpublica\/wp-json\/wp\/v2\/pages"}],"about":[{"href":"https:\/\/litoral.ufpr.br\/admpublica\/wp-json\/wp\/v2\/types\/page"}],"author":[{"embeddable":true,"href":"https:\/\/litoral.ufpr.br\/admpublica\/wp-json\/wp\/v2\/users\/1670"}],"replies":[{"embeddable":true,"href":"https:\/\/litoral.ufpr.br\/admpublica\/wp-json\/wp\/v2\/comments?post=4250"}],"version-history":[{"count":2,"href":"https:\/\/litoral.ufpr.br\/admpublica\/wp-json\/wp\/v2\/pages\/4250\/revisions"}],"predecessor-version":[{"id":4262,"href":"https:\/\/litoral.ufpr.br\/admpublica\/wp-json\/wp\/v2\/pages\/4250\/revisions\/4262"}],"wp:attachment":[{"href":"https:\/\/litoral.ufpr.br\/admpublica\/wp-json\/wp\/v2\/media?parent=4250"}],"curies":[{"name":"wp","href":"https:\/\/api.w.org\/{rel}","templated":true}]}}