{"id":4169,"date":"2025-08-18T19:37:26","date_gmt":"2025-08-18T22:37:26","guid":{"rendered":"https:\/\/litoral.ufpr.br\/admpublica\/?page_id=4169"},"modified":"2025-08-18T19:54:44","modified_gmt":"2025-08-18T22:54:44","slug":"ufpr-aberta","status":"publish","type":"page","link":"https:\/\/litoral.ufpr.br\/admpublica\/ufpr-aberta\/","title":{"rendered":"UFPR Aberta"},"content":{"rendered":"\n<p>A UFPR Aberta \u00e9 uma plataforma com os mais diversos cursos livres para todas as pessoas e de forma on-line e gratuita. <a href=\"https:\/\/ufpraberta.ufpr.br\/\">Acesse aqui<\/a> e conhe\u00e7a dezenas de cursos.<\/p>\n\n\n\n<p>No site, voc\u00ea tamb\u00e9m pode aprender mais como utilizar o SIGA (Sistema Integrado de Gest\u00e3o Acad\u00eamica). Para conhecer mais sobre o SIGA, <a href=\"https:\/\/ufpraberta.ufpr.br\/course\/view.php?id=9\">clique aqui<\/a>.<\/p>\n\n\n<div class=\"wp-block-image\">\n<figure class=\"aligncenter size-full is-resized\"><img loading=\"lazy\" decoding=\"async\" src=\"https:\/\/litoral.ufpr.br\/admpublica\/wp-content\/uploads\/sites\/6\/2025\/08\/image-1.png\" alt=\"\" class=\"wp-image-4170\" width=\"601\" height=\"277\" srcset=\"https:\/\/litoral.ufpr.br\/admpublica\/wp-content\/uploads\/sites\/6\/2025\/08\/image-1.png 601w, https:\/\/litoral.ufpr.br\/admpublica\/wp-content\/uploads\/sites\/6\/2025\/08\/image-1-300x138.png 300w\" sizes=\"auto, (max-width: 601px) 100vw, 601px\" \/><figcaption>UFPR Aberta<\/figcaption><\/figure><\/div>\n\n\n<p>P\u00e1gina atualizada em:&nbsp;<strong>18 de ago. de 2025.<\/strong><a><\/a><a><\/a><\/p>\n","protected":false},"excerpt":{"rendered":"<p>A UFPR Aberta \u00e9 uma plataforma com os mais diversos cursos livres para todas as pessoas e de forma on-line e gratuita. Acesse aqui e conhe\u00e7a dezenas de cursos. No site, voc\u00ea tamb\u00e9m pode aprender mais como utilizar o SIGA (Sistema Integrado de Gest\u00e3o Acad\u00eamica). Para conhecer mais sobre o SIGA, clique aqui. P\u00e1gina atualizada [&hellip;]<\/p>\n","protected":false},"author":1670,"featured_media":0,"parent":0,"menu_order":0,"comment_status":"closed","ping_status":"closed","template":"","meta":{"_acf_changed":false,"footnotes":""},"class_list":["post-4169","page","type-page","status-publish","hentry"],"acf":[],"_links":{"self":[{"href":"https:\/\/litoral.ufpr.br\/admpublica\/wp-json\/wp\/v2\/pages\/4169","targetHints":{"allow":["GET"]}}],"collection":[{"href":"https:\/\/litoral.ufpr.br\/admpublica\/wp-json\/wp\/v2\/pages"}],"about":[{"href":"https:\/\/litoral.ufpr.br\/admpublica\/wp-json\/wp\/v2\/types\/page"}],"author":[{"embeddable":true,"href":"https:\/\/litoral.ufpr.br\/admpublica\/wp-json\/wp\/v2\/users\/1670"}],"replies":[{"embeddable":true,"href":"https:\/\/litoral.ufpr.br\/admpublica\/wp-json\/wp\/v2\/comments?post=4169"}],"version-history":[{"count":2,"href":"https:\/\/litoral.ufpr.br\/admpublica\/wp-json\/wp\/v2\/pages\/4169\/revisions"}],"predecessor-version":[{"id":4198,"href":"https:\/\/litoral.ufpr.br\/admpublica\/wp-json\/wp\/v2\/pages\/4169\/revisions\/4198"}],"wp:attachment":[{"href":"https:\/\/litoral.ufpr.br\/admpublica\/wp-json\/wp\/v2\/media?parent=4169"}],"curies":[{"name":"wp","href":"https:\/\/api.w.org\/{rel}","templated":true}]}}