{"id":4166,"date":"2025-08-18T19:35:51","date_gmt":"2025-08-18T22:35:51","guid":{"rendered":"https:\/\/litoral.ufpr.br\/admpublica\/?page_id=4166"},"modified":"2025-08-18T19:58:28","modified_gmt":"2025-08-18T22:58:28","slug":"ufpr-virtual","status":"publish","type":"page","link":"https:\/\/litoral.ufpr.br\/admpublica\/ufpr-virtual\/","title":{"rendered":"UFPR Virtual"},"content":{"rendered":"\n<p>A UFPR Virtual \u00e9 o Ambiente Virtual de Aprendizagem (AVA) oferecidos \u00e0 comunidade acad\u00eamica. Voc\u00ea, estudante, ter\u00e1 acesso \u00e0s disciplinas em que est\u00e1 matriculado ou matriculada. Para acessar, entre no seguinte link: <a href=\"https:\/\/ufprvirtual.ufpr.br\/\">https:\/\/ufprvirtual.ufpr.br\/<\/a> e clique no \u00edcone \u201cacesso\u201d, que est\u00e1 no canto superior direito. Para realizar o login, insira seu CPF na identifica\u00e7\u00e3o e sua data de nascimento (sem abreviatura do ano) na senha.<\/p>\n\n\n\n<figure class=\"wp-block-image size-full\"><img loading=\"lazy\" decoding=\"async\" width=\"939\" height=\"447\" src=\"https:\/\/litoral.ufpr.br\/admpublica\/wp-content\/uploads\/sites\/6\/2025\/08\/image-3.png\" alt=\"\" class=\"wp-image-4202\" srcset=\"https:\/\/litoral.ufpr.br\/admpublica\/wp-content\/uploads\/sites\/6\/2025\/08\/image-3.png 939w, https:\/\/litoral.ufpr.br\/admpublica\/wp-content\/uploads\/sites\/6\/2025\/08\/image-3-300x143.png 300w, https:\/\/litoral.ufpr.br\/admpublica\/wp-content\/uploads\/sites\/6\/2025\/08\/image-3-768x366.png 768w\" sizes=\"auto, (max-width: 939px) 100vw, 939px\" \/><\/figure>\n\n\n\n<p class=\"has-text-align-center has-small-font-size\"><br>P\u00e1gina da UFPR Virtual<br><\/p>\n\n\n\n<figure class=\"wp-block-image size-full\"><img loading=\"lazy\" decoding=\"async\" width=\"939\" height=\"464\" src=\"https:\/\/litoral.ufpr.br\/admpublica\/wp-content\/uploads\/sites\/6\/2025\/08\/image-4.png\" alt=\"\" class=\"wp-image-4203\" srcset=\"https:\/\/litoral.ufpr.br\/admpublica\/wp-content\/uploads\/sites\/6\/2025\/08\/image-4.png 939w, https:\/\/litoral.ufpr.br\/admpublica\/wp-content\/uploads\/sites\/6\/2025\/08\/image-4-300x148.png 300w, https:\/\/litoral.ufpr.br\/admpublica\/wp-content\/uploads\/sites\/6\/2025\/08\/image-4-768x380.png 768w\" sizes=\"auto, (max-width: 939px) 100vw, 939px\" \/><\/figure>\n\n\n\n<p class=\"has-text-align-center has-small-font-size\">P\u00e1gina de login<\/p>\n\n\n\n<p>P\u00e1gina atualizada em:&nbsp;<strong>18 de ago. de 2025.<\/strong><a><\/a><a><\/a><\/p>\n","protected":false},"excerpt":{"rendered":"<p>A UFPR Virtual \u00e9 o Ambiente Virtual de Aprendizagem (AVA) oferecidos \u00e0 comunidade acad\u00eamica. Voc\u00ea, estudante, ter\u00e1 acesso \u00e0s disciplinas em que est\u00e1 matriculado ou matriculada. Para acessar, entre no seguinte link: https:\/\/ufprvirtual.ufpr.br\/ e clique no \u00edcone \u201cacesso\u201d, que est\u00e1 no canto superior direito. Para realizar o login, insira seu CPF na identifica\u00e7\u00e3o e sua [&hellip;]<\/p>\n","protected":false},"author":1670,"featured_media":0,"parent":0,"menu_order":0,"comment_status":"closed","ping_status":"closed","template":"","meta":{"_acf_changed":false,"footnotes":""},"class_list":["post-4166","page","type-page","status-publish","hentry"],"acf":[],"_links":{"self":[{"href":"https:\/\/litoral.ufpr.br\/admpublica\/wp-json\/wp\/v2\/pages\/4166","targetHints":{"allow":["GET"]}}],"collection":[{"href":"https:\/\/litoral.ufpr.br\/admpublica\/wp-json\/wp\/v2\/pages"}],"about":[{"href":"https:\/\/litoral.ufpr.br\/admpublica\/wp-json\/wp\/v2\/types\/page"}],"author":[{"embeddable":true,"href":"https:\/\/litoral.ufpr.br\/admpublica\/wp-json\/wp\/v2\/users\/1670"}],"replies":[{"embeddable":true,"href":"https:\/\/litoral.ufpr.br\/admpublica\/wp-json\/wp\/v2\/comments?post=4166"}],"version-history":[{"count":3,"href":"https:\/\/litoral.ufpr.br\/admpublica\/wp-json\/wp\/v2\/pages\/4166\/revisions"}],"predecessor-version":[{"id":4204,"href":"https:\/\/litoral.ufpr.br\/admpublica\/wp-json\/wp\/v2\/pages\/4166\/revisions\/4204"}],"wp:attachment":[{"href":"https:\/\/litoral.ufpr.br\/admpublica\/wp-json\/wp\/v2\/media?parent=4166"}],"curies":[{"name":"wp","href":"https:\/\/api.w.org\/{rel}","templated":true}]}}