{"id":2462,"date":"2022-03-22T22:41:50","date_gmt":"2022-03-23T01:41:50","guid":{"rendered":"https:\/\/litoral.ufpr.br\/admpublica\/?page_id=2462"},"modified":"2025-08-18T18:10:40","modified_gmt":"2025-08-18T21:10:40","slug":"conheca-o-curso","status":"publish","type":"page","link":"https:\/\/litoral.ufpr.br\/admpublica\/conheca-o-curso\/","title":{"rendered":"Apresenta\u00e7\u00e3o geral"},"content":{"rendered":"\n<p><strong>INFORMA\u00c7\u00d5ES SOBRE O BACHARELADO EM ADMINISTRA\u00c7\u00c3O P\u00daBLICA<\/strong><\/p>\n\n\n\n<p>Modalidade: Presencial (Matinhos &#8211; PR)<br>Regime: Semestral<br>N\u00famero total de vagas \/ano : 40 vagas<br>Carga hor\u00e1ria total: 3000 horas<br>Turno de funcionamento: Noturno<br>Prazo de integraliza\u00e7\u00e3o curricular: m\u00ednimo de 8 m\u00e1ximo de 12 semestres<br>Diploma concedido: Bacharel em Administra\u00e7\u00e3o P\u00fablica<\/p>\n\n\n\n<p><strong>HIST\u00d3RICO<\/strong><\/p>\n\n\n\n<p>O curso de Administra\u00e7\u00e3o P\u00fablica, que iniciou suas atividades em 2017 e graduou &#8211; at\u00e9 2025 &#8211; 67 alunos, propicia ao estudante uma aprendizagem te\u00f3rica e pr\u00e1tica que permite compreender as tem\u00e1ticas da gest\u00e3o nas organiza\u00e7\u00f5es voltadas ao interesse p\u00fablico. <\/p>\n\n\n\n<p><strong>OBJETIVOS<\/strong><\/p>\n\n\n\n<p>O curso visa tamb\u00e9m a promo\u00e7\u00e3o do saber contextualizado sobre a gest\u00e3o de pol\u00edticas e programas governamentais, tais como as redes de organiza\u00e7\u00f5es p\u00fablicas e privadas, a participa\u00e7\u00e3o cidad\u00e3 e a intersetorialidade das pol\u00edticas p\u00fablicas. Ao longo de sua forma\u00e7\u00e3o, o estudante toma contato com tem\u00e1ticas relacionadas a aspectos pol\u00edticos, jur\u00eddicos, econ\u00f4micos e socioambientais. Durante sua perman\u00eancia na universidade, o estudante interage principalmente com pr\u00e1ticas de gest\u00e3o municipal e intermunicipal. O curso contribui, assim, para a forma\u00e7\u00e3o de cidad\u00e3os cr\u00edticos e conscientes.<\/p>\n\n\n\n<p><strong>PERFIL DO EGRESSO<\/strong><\/p>\n\n\n\n<p>O administrador p\u00fablico \u00e9 um profissional com habilidades e compet\u00eancias para an\u00e1lise de fatores socioecon\u00f4micos, pol\u00edticos, hist\u00f3ricos e ambientais, visando a formula\u00e7\u00e3o de estrat\u00e9gias para a melhoria da qualidade de vida das popula\u00e7\u00f5es e a efici\u00eancia nos processos de gest\u00e3o das institui\u00e7\u00f5es. Suas atividades incluem planejamento, implanta\u00e7\u00e3o, execu\u00e7\u00e3o e avalia\u00e7\u00e3o de pol\u00edticas p\u00fablicas em diversas \u00e1reas, como educa\u00e7\u00e3o, sa\u00fade, moradia, entre outras. Abaixo, <a href=\"https:\/\/litoral.ufpr.br\/admpublica\/historias-de-sucesso-de-alunos-as\/\" data-type=\"URL\" data-id=\"https:\/\/litoral.ufpr.br\/admpublica\/historias-de-sucesso-de-alunos-as\/\">seguem hist\u00f3rias de sucesso dos nossos egressos.<\/a><\/p>\n\n\n\n<p><strong>CAMPOS DE ATUA\u00c7\u00c3O<\/strong><\/p>\n\n\n\n<p>O administrador p\u00fablico \u00e9 um agente de desenvolvimento apto a atuar em diversas entidades p\u00fablicas nas esferas federal, estadual e municipal, autarquias, empresas p\u00fablicas, empresas de economia mista, conselhos gestores e ag\u00eancias de desenvolvimento.<\/p>\n\n\n\n<p>Al\u00e9m disso, pode atuar em organiza\u00e7\u00f5es n\u00e3o governamentais e cooperativas, bem como realizar assessorias e consultorias.<\/p>\n\n\n\n<p><strong>PROJETOS PEDAG\u00d3GICOS DO CURSO (PPCs)<\/strong><\/p>\n\n\n\n<p>O curso tem atualmente dois PPCs (2017 e 2024), os quais podem ser acessados por meio do <em>link<\/em> abaixo:<br><a href=\"https:\/\/litoral.ufpr.br\/admpublica\/ppc-administracao-publica\/\" data-type=\"URL\" data-id=\"https:\/\/litoral.ufpr.br\/admpublica\/ppc-administracao-publica\/\">PPC de Administra\u00e7\u00e3o P\u00fablica<\/a>.<\/p>\n\n\n\n<p><strong>PLANO DE DESENVOLVIMENTO INSTITUCIONAL DA UFPR<\/strong><\/p>\n\n\n\n<p><a href=\"https:\/\/litoral.ufpr.br\/admpublica\/wp-content\/uploads\/sites\/6\/2025\/08\/Plano-de-Desenvolvimento-Institucional-UFPR-2022-2026-1.pdf\" data-type=\"URL\" data-id=\"https:\/\/litoral.ufpr.br\/admpublica\/wp-content\/uploads\/sites\/6\/2025\/08\/Plano-de-Desenvolvimento-Institucional-UFPR-2022-2026-1.pdf\">Plano de Desenvolvimento Intitucional (2022-2026)<\/a><\/p>\n\n\n\n<p><strong>\u201cCompromisso com os interesses da sociedade\u201d.<\/strong><\/p>\n\n\n\n<p>P\u00e1gina atualizada em: <strong>18 de ago. de 2025.<\/strong><\/p>\n","protected":false},"excerpt":{"rendered":"<p>INFORMA\u00c7\u00d5ES SOBRE O BACHARELADO EM ADMINISTRA\u00c7\u00c3O P\u00daBLICA Modalidade: Presencial (Matinhos &#8211; PR)Regime: SemestralN\u00famero total de vagas \/ano : 40 vagasCarga hor\u00e1ria total: 3000 horasTurno de funcionamento: NoturnoPrazo de integraliza\u00e7\u00e3o curricular: m\u00ednimo de 8 m\u00e1ximo de 12 semestresDiploma concedido: Bacharel em Administra\u00e7\u00e3o P\u00fablica HIST\u00d3RICO O curso de Administra\u00e7\u00e3o P\u00fablica, que iniciou suas atividades em 2017 e [&hellip;]<\/p>\n","protected":false},"author":1590,"featured_media":0,"parent":0,"menu_order":0,"comment_status":"closed","ping_status":"closed","template":"","meta":{"_acf_changed":false,"footnotes":""},"class_list":["post-2462","page","type-page","status-publish","hentry"],"acf":[],"_links":{"self":[{"href":"https:\/\/litoral.ufpr.br\/admpublica\/wp-json\/wp\/v2\/pages\/2462","targetHints":{"allow":["GET"]}}],"collection":[{"href":"https:\/\/litoral.ufpr.br\/admpublica\/wp-json\/wp\/v2\/pages"}],"about":[{"href":"https:\/\/litoral.ufpr.br\/admpublica\/wp-json\/wp\/v2\/types\/page"}],"author":[{"embeddable":true,"href":"https:\/\/litoral.ufpr.br\/admpublica\/wp-json\/wp\/v2\/users\/1590"}],"replies":[{"embeddable":true,"href":"https:\/\/litoral.ufpr.br\/admpublica\/wp-json\/wp\/v2\/comments?post=2462"}],"version-history":[{"count":9,"href":"https:\/\/litoral.ufpr.br\/admpublica\/wp-json\/wp\/v2\/pages\/2462\/revisions"}],"predecessor-version":[{"id":4100,"href":"https:\/\/litoral.ufpr.br\/admpublica\/wp-json\/wp\/v2\/pages\/2462\/revisions\/4100"}],"wp:attachment":[{"href":"https:\/\/litoral.ufpr.br\/admpublica\/wp-json\/wp\/v2\/media?parent=2462"}],"curies":[{"name":"wp","href":"https:\/\/api.w.org\/{rel}","templated":true}]}}