{"id":237,"date":"2019-02-22T09:42:28","date_gmt":"2019-02-22T12:42:28","guid":{"rendered":"https:\/\/litoral.ufpr.br\/admpublica\/?page_id=237"},"modified":"2025-08-15T16:43:53","modified_gmt":"2025-08-15T19:43:53","slug":"comissoes","status":"publish","type":"page","link":"https:\/\/litoral.ufpr.br\/admpublica\/equipe\/comissoes\/","title":{"rendered":"Comiss\u00f5es"},"content":{"rendered":"<p style=\"text-align: left\"><strong>COMISS\u00c3O ORIENTA\u00c7\u00c3O ACAD\u00caMICA \u2013 COA<\/strong><br \/>A comiss\u00e3o \u00e9 respons\u00e1vel por acompanhar o desempenho acad\u00eamico das estudantes e dos estudantes sob sua responsabilidade, verificando a cada per\u00edodo letivo as notas ou conceitos obtidos e eventuais reprova\u00e7\u00f5es, destacando a import\u00e2ncia do rendimento na sua forma\u00e7\u00e3o acad\u00eamica; Propor a\u00e7\u00f5es resolutivas para as dificuldades encontradas pela estudante e pelo estudante sugerindo alternativas, tais como: cancelamento de disciplina, aproveitamento de conhecimento, trancamento de curso, aulas de refor\u00e7o, entre outras; Elaborar plano de estudos em comum acordo com a estudante ou o estudante e a coordena\u00e7\u00e3o, visando reorganizar a sua trajet\u00f3ria acad\u00eamica.<\/p>\n<p>&#8211; Daniela Resende Archanjo<br \/>&#8211; Iago de Oliveira Cunha<br \/>&#8211; Cl\u00f3vis Wanzinack<\/p>\n<p>II. A vig\u00eancia permanece de 2 (dois) anos, contados a partir de 14\/07\/2025, conforme estabelecido pela Portaria 1943\/2025 Setor Litoral<\/p>\n<p><a href=\"https:\/\/litoral.ufpr.br\/admpublica\/wp-content\/uploads\/sites\/6\/2025\/08\/SEI_7949526_Portaria_1943_2025_SETOR_LITORAL.pdf\">PORTARIA N\u00ba 1943\/2025 SETOR LITORAL, DE 14 DE JULHO DE 2025<\/a><\/p>\n<p><strong>COMISS\u00c3O PERMANENTE DE ACOMPANHAMENTO DAS ATIVIDADES FORMATIVAS COMPLEMENTARES &#8211; CPAAF<\/strong><br \/>A Comiss\u00e3o tem a responsabilidade de analisar e validar as atividades formativas complementares que os estudantes protocolarem, conforme Resolu\u00e7\u00e3o n\u00ba 70\/04 \u2013 CEPE.<\/p>\n<p>&#8211; M\u00e1rcio Cunha Carlomagno<br \/>&#8211; Mayra Taiza Sulzbach<\/p>\n<p>II. A vig\u00eancia permanece de 2 (dois) anos, contados a partir de 14\/08\/2025, conforme estabelecido pela Portaria 1962\/2025 Setor Litoral.<\/p>\n<p><a href=\"https:\/\/litoral.ufpr.br\/admpublica\/wp-content\/uploads\/sites\/6\/2025\/08\/SEI_8052745_Portaria_1962_2025_SETOR_LITORAL.pdf\">PORTARIA N\u00ba 1962\/2025 SETOR LITORAL, DE 14 DE AGOSTO DE 2025<\/a><\/p>\n<p><strong>COMISS\u00c3O ORIENTADORA DE EST\u00c1GIOS \u2013 COE<\/strong><br \/>A Comiss\u00e3o \u00e9 respons\u00e1vel por planejar e avaliar as atividades referentes aos est\u00e1gios de forma a garantir o cumprimento das diretrizes gerais do est\u00e1gio na UFPR; representar-se junto ao colegiado de curso a fim de articular a defini\u00e7\u00e3o de pol\u00edticas de desenvolvimento, acompanhamento e avalia\u00e7\u00e3o do est\u00e1gio junto ao curso; contatar as institui\u00e7\u00f5es concedentes de est\u00e1gio para an\u00e1lise de condi\u00e7\u00f5es do campo e das informa\u00e7\u00f5es quanto \u00e0 celebra\u00e7\u00e3o de conv\u00eanios, quando necess\u00e1rios, e\/ou celebra\u00e7\u00e3o de acordos de coopera\u00e7\u00e3o espec\u00edficos ao curso que lhe seja afeto; e manter fluxo de informa\u00e7\u00f5es relativas ao acompanhamento e desenvolvimento dos est\u00e1gios em processo, bem como assegurar a socializa\u00e7\u00e3o de informa\u00e7\u00f5es junto \u00e0s coordena\u00e7\u00f5es de curso e ao campo de est\u00e1gio.<\/p>\n<p>&#8211; Cl\u00f3vis Wanzinack<br \/>&#8211; Daniela Resende Archanjo<br \/>&#8211; Gustavo Nunes Mour\u00e3o<br \/>&#8211; Iago de Oliveira Cunha<\/p>\n<p>II. A vig\u00eancia permanece de 2 (dois) anos, contados a partir de 14\/08\/2025, conforme estabelecido pela Portaria 1963\/2025 Setor Litoral.<\/p>\n<p><a href=\"https:\/\/litoral.ufpr.br\/admpublica\/wp-content\/uploads\/sites\/6\/2025\/08\/SEI_8052762_Portaria_1963_2025_SETOR_LITORAL.pdf\">PORTARIA N\u00ba 1963\/2025 SETOR LITORAL, DE 14 DE AGOSTO DE 2025<\/a><\/p>\n<h4><strong>NDE<\/strong><\/h4>\n<p>O NDE possui atribui\u00e7\u00f5es consultivas, propositivas e de assessoria sobre mat\u00e9ria de natureza acad\u00eamica, e \u00e9 correspons\u00e1vel pela elabora\u00e7\u00e3o, implementa\u00e7\u00e3o e consolida\u00e7\u00e3o do Projeto Pedag\u00f3gico de Curso.<\/p>\n<p>N\u00facleo Docente Estruturante (NDE) do Curso de<br \/>Bacharelado em Administra\u00e7\u00e3o P\u00fablica:<br \/>Presidente: Cl\u00f3vis Wanzinack<br \/>Membros\/as:<br \/>&#8211; Daniela Resende Archanjo<br \/>&#8211; Gustavo Nunes Mour\u00e3o<br \/>&#8211; Ivan Jairo Junckes<br \/>&#8211; M\u00e1rcio Cunha Carlomagno<br \/>&#8211; Mayra Ta\u00edza Sulzbach<\/p>\n<p>II. A vig\u00eancia permanece de 3 (tr\u00eas) anos, contados a partir de 08\/07\/2025, conforme estabelecido pela Portaria 1944\/2025 Setor Litoral.<\/p>\n<p><a href=\"https:\/\/litoral.ufpr.br\/admpublica\/wp-content\/uploads\/sites\/6\/2025\/08\/SEI_7949742_Portaria_1944_2025_SETOR_LITORAL.pdf\">PORTARIA N\u00ba PORTARIA 1944\/2025 SETOR LITORAL, DE 14 DE JULHO DE 2025<\/a><\/p>\n<p>P\u00e1gina atualizada em: <strong>15 de ago. de 2025.<\/strong><\/p>\n\n\n<p><\/p>\n","protected":false},"excerpt":{"rendered":"<p>COMISS\u00c3O ORIENTA\u00c7\u00c3O ACAD\u00caMICA \u2013 COAA comiss\u00e3o \u00e9 respons\u00e1vel por acompanhar o desempenho acad\u00eamico das estudantes e dos estudantes sob sua responsabilidade, verificando a cada per\u00edodo letivo as notas ou conceitos obtidos e eventuais reprova\u00e7\u00f5es, destacando a import\u00e2ncia do rendimento na sua forma\u00e7\u00e3o acad\u00eamica; Propor a\u00e7\u00f5es resolutivas para as dificuldades encontradas pela estudante e pelo estudante [&hellip;]<\/p>\n","protected":false},"author":3,"featured_media":0,"parent":225,"menu_order":0,"comment_status":"closed","ping_status":"closed","template":"","meta":{"_acf_changed":false,"footnotes":""},"class_list":["post-237","page","type-page","status-publish","hentry"],"acf":[],"_links":{"self":[{"href":"https:\/\/litoral.ufpr.br\/admpublica\/wp-json\/wp\/v2\/pages\/237","targetHints":{"allow":["GET"]}}],"collection":[{"href":"https:\/\/litoral.ufpr.br\/admpublica\/wp-json\/wp\/v2\/pages"}],"about":[{"href":"https:\/\/litoral.ufpr.br\/admpublica\/wp-json\/wp\/v2\/types\/page"}],"author":[{"embeddable":true,"href":"https:\/\/litoral.ufpr.br\/admpublica\/wp-json\/wp\/v2\/users\/3"}],"replies":[{"embeddable":true,"href":"https:\/\/litoral.ufpr.br\/admpublica\/wp-json\/wp\/v2\/comments?post=237"}],"version-history":[{"count":45,"href":"https:\/\/litoral.ufpr.br\/admpublica\/wp-json\/wp\/v2\/pages\/237\/revisions"}],"predecessor-version":[{"id":4071,"href":"https:\/\/litoral.ufpr.br\/admpublica\/wp-json\/wp\/v2\/pages\/237\/revisions\/4071"}],"up":[{"embeddable":true,"href":"https:\/\/litoral.ufpr.br\/admpublica\/wp-json\/wp\/v2\/pages\/225"}],"wp:attachment":[{"href":"https:\/\/litoral.ufpr.br\/admpublica\/wp-json\/wp\/v2\/media?parent=237"}],"curies":[{"name":"wp","href":"https:\/\/api.w.org\/{rel}","templated":true}]}}