{"id":184,"date":"2018-06-21T12:32:50","date_gmt":"2018-06-21T15:32:50","guid":{"rendered":"https:\/\/litoral.ufpr.br\/admpublica\/?page_id=184"},"modified":"2025-08-18T18:35:33","modified_gmt":"2025-08-18T21:35:33","slug":"atividades-formativas","status":"publish","type":"page","link":"https:\/\/litoral.ufpr.br\/admpublica\/atividades-formativas\/","title":{"rendered":"Atividades Formativas Complementares (AFCs)"},"content":{"rendered":"\n<p>As <strong>Atividades Formativas Complementares<\/strong> t\u00eam como objetivo ampliar a forma\u00e7\u00e3o do Bacharel em Administra\u00e7\u00e3o P\u00fablica por meio de atividades escolhidas pelo estudante, conforme as op\u00e7\u00f5es previstas na tabela do curso. Para integralizar o curr\u00edculo, o aluno deve comprovar <strong>120 horas<\/strong> dessas atividades, que possuem regras espec\u00edficas de valida\u00e7\u00e3o quanto \u00e0 natureza, carga hor\u00e1ria e limite m\u00e1ximo por tipo. Recomenda-se que sejam realizadas ao longo dos quatro anos do curso, evitando a concentra\u00e7\u00e3o no \u00faltimo ano. N\u00e3o s\u00e3o aceitas como complementares as horas j\u00e1 contabilizadas em outras atividades obrigat\u00f3rias, como Est\u00e1gio e Atividades Curriculares de Extens\u00e3o (ACE).<\/p>\n\n\n\n<p><strong>Abaixo seguem documentos \u00fateis:<\/strong><\/p>\n\n\n\n<p><a href=\"https:\/\/litoral.ufpr.br\/admpublica\/wp-content\/uploads\/sites\/6\/2025\/08\/AFCs-1.pdf\">Regulamento de AFCs (PPC)<\/a><br><a href=\"https:\/\/litoral.ufpr.br\/admpublica\/wp-content\/uploads\/sites\/6\/2025\/08\/resolucao-no-70-04-cepe-1.pdf\" data-type=\"URL\" data-id=\"https:\/\/litoral.ufpr.br\/admpublica\/wp-content\/uploads\/sites\/6\/2025\/08\/resolucao-no-70-04-cepe-1.pdf\">Resolu\u00e7\u00e3o N\u00ba 70\/04 &#8211; CEPE<br><\/a><a href=\"https:\/\/litoral.ufpr.br\/admpublica\/wp-content\/uploads\/sites\/6\/2025\/08\/Fluxograma-Atividades-Formativas-Complementares-2023.pdf\" data-type=\"URL\" data-id=\"https:\/\/litoral.ufpr.br\/admpublica\/wp-content\/uploads\/sites\/6\/2025\/08\/Fluxograma-Atividades-Formativas-Complementares-2023.pdf\">Como fazer as atividades (passo a passo)<\/a><br><a href=\"https:\/\/litoral.ufpr.br\/admpublica\/wp-content\/uploads\/sites\/6\/2025\/08\/1-Formulario-AFCs-AP_set-2019.doc\" data-type=\"URL\" data-id=\"https:\/\/litoral.ufpr.br\/admpublica\/wp-content\/uploads\/sites\/6\/2025\/08\/1-Formulario-AFCs-AP_set-2019.doc\">Formul\u00e1rio de AFCs<br><\/a><a href=\"https:\/\/litoral.ufpr.br\/admpublica\/equipe\/comissoes\/\" data-type=\"URL\" data-id=\"https:\/\/litoral.ufpr.br\/admpublica\/equipe\/comissoes\/\"><em>Link<\/em> para Comiss\u00e3o Permanente de Acompanhamento das Atividades Formativas<\/a><\/p>\n\n\n\n<p>P\u00e1gina atualizada em:&nbsp;<strong>18 de ago. de 2025.<\/strong><a><\/a><\/p>\n","protected":false},"excerpt":{"rendered":"<p>As Atividades Formativas Complementares t\u00eam como objetivo ampliar a forma\u00e7\u00e3o do Bacharel em Administra\u00e7\u00e3o P\u00fablica por meio de atividades escolhidas pelo estudante, conforme as op\u00e7\u00f5es previstas na tabela do curso. Para integralizar o curr\u00edculo, o aluno deve comprovar 120 horas dessas atividades, que possuem regras espec\u00edficas de valida\u00e7\u00e3o quanto \u00e0 natureza, carga hor\u00e1ria e limite [&hellip;]<\/p>\n","protected":false},"author":3,"featured_media":0,"parent":0,"menu_order":0,"comment_status":"closed","ping_status":"closed","template":"","meta":{"_acf_changed":false,"footnotes":""},"class_list":["post-184","page","type-page","status-publish","hentry"],"acf":[],"_links":{"self":[{"href":"https:\/\/litoral.ufpr.br\/admpublica\/wp-json\/wp\/v2\/pages\/184","targetHints":{"allow":["GET"]}}],"collection":[{"href":"https:\/\/litoral.ufpr.br\/admpublica\/wp-json\/wp\/v2\/pages"}],"about":[{"href":"https:\/\/litoral.ufpr.br\/admpublica\/wp-json\/wp\/v2\/types\/page"}],"author":[{"embeddable":true,"href":"https:\/\/litoral.ufpr.br\/admpublica\/wp-json\/wp\/v2\/users\/3"}],"replies":[{"embeddable":true,"href":"https:\/\/litoral.ufpr.br\/admpublica\/wp-json\/wp\/v2\/comments?post=184"}],"version-history":[{"count":24,"href":"https:\/\/litoral.ufpr.br\/admpublica\/wp-json\/wp\/v2\/pages\/184\/revisions"}],"predecessor-version":[{"id":4109,"href":"https:\/\/litoral.ufpr.br\/admpublica\/wp-json\/wp\/v2\/pages\/184\/revisions\/4109"}],"wp:attachment":[{"href":"https:\/\/litoral.ufpr.br\/admpublica\/wp-json\/wp\/v2\/media?parent=184"}],"curies":[{"name":"wp","href":"https:\/\/api.w.org\/{rel}","templated":true}]}}