{"id":1836,"date":"2021-12-02T23:20:56","date_gmt":"2021-12-03T02:20:56","guid":{"rendered":"https:\/\/litoral.ufpr.br\/admpublica\/?page_id=1836"},"modified":"2025-03-11T20:06:20","modified_gmt":"2025-03-11T23:06:20","slug":"historias-de-sucesso-de-alunos-as","status":"publish","type":"page","link":"https:\/\/litoral.ufpr.br\/admpublica\/historias-de-sucesso-de-alunos-as\/","title":{"rendered":"Hist\u00f3rias de Sucesso de Alunos (as)"},"content":{"rendered":"\n<p><strong>Gabriela Rudnick <\/strong>\u2013 aprovada no processo seletivo &#8211; PROGRAMA DE PO\u0301S-GRADUAC\u0327\u00c3O EM CI\u00caNCIA POLI\u0301TICA &#8211; EDITAL N\u00ba 15\/2024 \u2013 RESULTADO FINAL MESTRADO.<\/p>\n\n\n\n<p><strong>Vinicius Poteriko Neduziak <\/strong>&#8211; aprovado no processo seletivo &#8211; PROGRAMA DE PO\u0301S-GRADUAC\u0327\u00c3O EM CI\u00caNCIA POLI\u0301TICA &#8211; EDITAL N\u00ba 15\/2024 \u2013 RESULTADO FINAL DOUTORADO.<\/p>\n\n\n\n<p><strong>Camila Bratti Sebasti\u00e3o de Abreu<\/strong> \u2013 aprovada no processo seletivo \u2013 PROGRAMA DE P\u00d3S-GRADUACAO EM DESENVOLVIMETO TERRITORIAL SUSTENT\u00c1VEL \u2013 MESTRADO \u2013 EDITAL 36\/2024 PROCESSO SELETIVO \u2013 PPGDTS 2024\/2025.<\/p>\n\n\n\n<p><strong>Jacques Jean Philippe Lacerda Borges de Macedo Pinheiro<\/strong> &#8211; aprovado em 1\u00ba lugar no processo seletivo &#8211; PROGRAMA DE P\u00d3S-GRADUACAO EM DESENVOLVIMETO TERRITORIAL SUSTENT\u00c1VEL &#8211; MESTRADO &#8211;  LINHA 2 &#8211; REDES SOCIAIS E POL\u00cdTICAS P\u00daBLICAS do EDITAL PPGDTS 14\/2022.<\/p>\n\n\n\n<p><strong>Vanessa Reis de Oliveira Caetano<\/strong> &#8211; aprovada na prova objetiva &#8211; PROCESSO DE SELE\u00c7\u00c3O PARA O CURSO DE ESPECIALIZA\u00c7\u00c3O EM INOVA\u00c7\u00c3O, TRANSFORMA\u00c7\u00c3O DIGITAL E E-GOV do EDITAL n\u00ba 046\/2022 \u2013 PROPESP\/NUPG\/NEAD\/UNICENTRO. <\/p>\n\n\n\n<p><strong>Vanessa Reis de Oliveira Caetano<\/strong> &#8211; aprovada no processo seletivo &#8211; ALUNA ESPECIAL PARA DISCIPLINAS OPTATIVAS DO PRIMEIRO SEMESTRE DE 2022 &#8211; MESTRADO ACAD\u00caMICO EM POL\u00cdTICAS P\u00daBLICAS E DESENVOLVIMENTO do EDITAL PPGPPD 09\/2022. <\/p>\n\n\n\n<p><strong>Anastacia Yara Farias de Cristo<\/strong> &#8211; aprovada no processo seletivo &#8211; RESIDENTES T\u00c9CNICOS PARA ATUA\u00c7\u00c3O NO PROJETO DE ESPECIALIZA\u00c7\u00c3O LATO SENSU E RESID\u00caNCIA T\u00c9CNICA EM GEST\u00c3O CULTURAL, modalidade a dist\u00e2ncia. EDITAL N\u00ba49\/2021 &#8211; PROEC\/UNESPAR. <\/p>\n\n\n\n<p><strong>Tieme Carvalho Nishiyama<\/strong> &#8211; aprovada no processo seletivo 2022\u2013 PROGRAMA DE P\u00d3S GRADUA\u00c7\u00c3O EM POL\u00cdTICA P\u00daBLICAS &#8211; DOUTORADO.  <\/p>\n\n\n\n<p><strong>Cleverson Vieira Rodrigues<\/strong> &#8211; aprovado na prova objetiva \u2013 PROCESSO DE SELE\u00c7\u00c3O PARA O CURSO DE ESPECIALIZA\u00c7\u00c3O EM INOVA\u00c7\u00c3O, TRANSFORMA\u00c7\u00c3O DIGITAL E E-GOV do EDITAL n\u00ba 079\/2021 \u2013 PROPESP\/NUPG\/NEAD\/UNICENTRO. <\/p>\n\n\n\n<p><strong>Thiago Mateus Gavron<\/strong> &#8211; aprovado na prova objetiva \u2013 PROCESSO DE SELE\u00c7\u00c3O PARA O CURSO DE ESPECIALIZA\u00c7\u00c3O EM INOVA\u00c7\u00c3O, TRANSFORMA\u00c7\u00c3O DIGITAL E E-GOV do EDITAL n\u00ba 079\/2021 \u2013 PROPESP\/NUPG\/NEAD\/UNICENTRO.<\/p>\n\n\n\n<p><strong>Thiago Mateus Gavron<\/strong> &#8211; aprovado no processo seletivo \u2013 PROGRAMA DE P\u00d3S-GRADUA\u00c7\u00c3O EM CI\u00caNCIA POL\u00cdTICA do EDITAL n\u00ba 13\/2021 \u2013 Ingresso 1\u00ba semestre de 2022. <\/p>\n\n\n\n<p><\/p>\n","protected":false},"excerpt":{"rendered":"<p>Gabriela Rudnick \u2013 aprovada no processo seletivo &#8211; PROGRAMA DE PO\u0301S-GRADUAC\u0327\u00c3O EM CI\u00caNCIA POLI\u0301TICA &#8211; EDITAL N\u00ba 15\/2024 \u2013 RESULTADO FINAL MESTRADO. Vinicius Poteriko Neduziak &#8211; aprovado no processo seletivo &#8211; PROGRAMA DE PO\u0301S-GRADUAC\u0327\u00c3O EM CI\u00caNCIA POLI\u0301TICA &#8211; EDITAL N\u00ba 15\/2024 \u2013 RESULTADO FINAL DOUTORADO. Camila Bratti Sebasti\u00e3o de Abreu \u2013 aprovada no processo seletivo [&hellip;]<\/p>\n","protected":false},"author":1590,"featured_media":0,"parent":0,"menu_order":0,"comment_status":"closed","ping_status":"closed","template":"","meta":{"_acf_changed":false,"footnotes":""},"class_list":["post-1836","page","type-page","status-publish","hentry"],"acf":[],"_links":{"self":[{"href":"https:\/\/litoral.ufpr.br\/admpublica\/wp-json\/wp\/v2\/pages\/1836","targetHints":{"allow":["GET"]}}],"collection":[{"href":"https:\/\/litoral.ufpr.br\/admpublica\/wp-json\/wp\/v2\/pages"}],"about":[{"href":"https:\/\/litoral.ufpr.br\/admpublica\/wp-json\/wp\/v2\/types\/page"}],"author":[{"embeddable":true,"href":"https:\/\/litoral.ufpr.br\/admpublica\/wp-json\/wp\/v2\/users\/1590"}],"replies":[{"embeddable":true,"href":"https:\/\/litoral.ufpr.br\/admpublica\/wp-json\/wp\/v2\/comments?post=1836"}],"version-history":[{"count":12,"href":"https:\/\/litoral.ufpr.br\/admpublica\/wp-json\/wp\/v2\/pages\/1836\/revisions"}],"predecessor-version":[{"id":3986,"href":"https:\/\/litoral.ufpr.br\/admpublica\/wp-json\/wp\/v2\/pages\/1836\/revisions\/3986"}],"wp:attachment":[{"href":"https:\/\/litoral.ufpr.br\/admpublica\/wp-json\/wp\/v2\/media?parent=1836"}],"curies":[{"name":"wp","href":"https:\/\/api.w.org\/{rel}","templated":true}]}}