{"id":182,"date":"2018-06-21T12:31:22","date_gmt":"2018-06-21T15:31:22","guid":{"rendered":"https:\/\/litoral.ufpr.br\/admpublica\/?page_id=182"},"modified":"2026-02-24T14:45:10","modified_gmt":"2026-02-24T17:45:10","slug":"normas","status":"publish","type":"page","link":"https:\/\/litoral.ufpr.br\/admpublica\/normas\/","title":{"rendered":"Grade Hor\u00e1ria"},"content":{"rendered":"<p><strong>GRADE HOR\u00c1RIA 2026\/1<br \/><a href=\"https:\/\/litoral.ufpr.br\/admpublica\/wp-content\/uploads\/sites\/6\/2026\/02\/Grade_2026-1-Administracao-Publica.pdf\">Grade 2026.1 &#8211; Administra\u00e7\u00e3o P\u00fablica &#8211; 24\/02\/2025<\/a><\/strong><\/p>\n<p><strong>GRADE HOR\u00c1RIA 2025\/2<br \/><a href=\"https:\/\/litoral.ufpr.br\/admpublica\/wp-content\/uploads\/sites\/6\/2025\/07\/Grade_2025-2-Administracao-Publica-proposta-01.docx.pdf\">Grade 2025.2 &#8211; Administra\u00e7\u00e3o P\u00fablica &#8211; 01\/07\/2025<\/a><\/strong><\/p>\n<p><strong>GRADE HOR\u00c1RIA 2025\/1<br \/><a href=\"https:\/\/litoral.ufpr.br\/admpublica\/wp-content\/uploads\/sites\/6\/2025\/02\/Grade-2025.1-Administracao-Publica_19.11.2024-1-2.pdf\">Grade 2025.1 &#8211; Administra\u00e7\u00e3o P\u00fablica_25.02.2025<\/a><\/strong><\/p>\n<p><strong>GRADE HOR\u00c1RIA 2024\/2<br \/><\/strong><a href=\"https:\/\/litoral.ufpr.br\/admpublica\/wp-content\/uploads\/sites\/6\/2024\/08\/Grade-2024.2-Administracao-Publica_16.08.24-1.pdf\"><strong>Grade 2024.2 &#8211; Administra\u00e7\u00e3o P\u00fablica_16.08.24<\/strong><\/a><\/p>\n<p><strong>GRADE HOR\u00c1RIA 2024\/1<br \/><a href=\"https:\/\/litoral.ufpr.br\/admpublica\/wp-content\/uploads\/sites\/6\/2024\/02\/Grade_2024-I-Administracao-Publica-5-2.pdf\">Grade_2024-1 Administracao-Publica<\/a><\/strong><\/p>\n<p><strong>GRADE HOR\u00c1RIA 2023\/2 (NOVO)<br \/><a href=\"https:\/\/litoral.ufpr.br\/admpublica\/wp-content\/uploads\/sites\/6\/2023\/06\/Grade_2023-2-Administracao-Publica_09_05_23-1.pdf\">Grade_2023-2 Administracao-Publica_09_05_23<\/a><\/strong><\/p>\n<p>GRADE HOR\u00c1RIA com o ENSALAMENTO 2023\/1 (VIGENTE)<strong><br \/><a href=\"https:\/\/litoral.ufpr.br\/admpublica\/wp-content\/uploads\/sites\/6\/2023\/04\/Grade_2023-1-com-ensalamento_Administracao-Publica_03-04-23.pdf\">Grade_2023-1-com-ensalamento_Administracao-Publica_03-04-23<\/a><\/strong><\/p>\n<p><!--more--><!--more--><\/p>\n<p>GRADE HOR\u00c1RIA VIGENTE<\/p>\n<p><a href=\"https:\/\/litoral.ufpr.br\/admpublica\/wp-content\/uploads\/sites\/6\/2022\/10\/Grade_2022-2_Administrac\u0327a\u0303o-Pu\u0301blica_ATUALIZADA-28.09.2022-1.pdf\">Ensalamento-Grade-2022-2 Administra\u00e7\u00e3o P\u00fablica<\/a><\/p>\n<p><a href=\"https:\/\/litoral.ufpr.br\/admpublica\/wp-content\/uploads\/sites\/6\/2022\/10\/Oferta-ICHs-Grade-2022-2-Administracao-Publica.pdf\">Oferta-ICHs-Grade-2022-2 Administra\u00e7\u00e3o P\u00fablica<\/a><\/p>\n<p><strong>E<\/strong>NSALAMENTO RETORNO PRESENCIAL 2021-2<\/p>\n<p><a href=\"https:\/\/litoral.ufpr.br\/admpublica\/wp-content\/uploads\/sites\/6\/2022\/03\/Ensalamento-Administracao-Publica.pdf\">Ensalamento-Grade-2021-2 Administra\u00e7\u00e3o P\u00fablica<\/a><\/p>\n<p><a href=\"https:\/\/litoral.ufpr.br\/admpublica\/wp-content\/uploads\/sites\/6\/2022\/03\/Ensalamento-ICH-2021-2-pdf.pdf\">Ensalamento-ICH 2021-2<\/a><\/p>\n<p>GRADE HOR\u00c1RIA ANTERIORES<\/p>\n<p><a href=\"https:\/\/litoral.ufpr.br\/admpublica\/wp-content\/uploads\/sites\/6\/2022\/05\/Grade_2022-1_Administracao-Publica.pdf\">Grade-2022-1 Administra\u00e7\u00e3o P\u00fablica<\/a><\/p>\n<p><a href=\"https:\/\/litoral.ufpr.br\/admpublica\/wp-content\/uploads\/sites\/6\/2022\/05\/Ficha-2-Grade-2022-1.pdf\">Ficha-2-Grade-2022-1<\/a><\/p>\n<p><a href=\"https:\/\/litoral.ufpr.br\/admpublica\/wp-content\/uploads\/sites\/6\/2022\/05\/Oferta_ICHs_2022-1-1.pdf\">Oferta-ICHs-<\/a><a href=\"https:\/\/litoral.ufpr.br\/admpublica\/wp-content\/uploads\/sites\/6\/2022\/05\/Grade_2022-1_Administracao-Publica.pdf\" target=\"_blank\" rel=\"noopener\">Grade-2022-1 Administra\u00e7\u00e3o-Publica<\/a><\/p>\n<p><a href=\"https:\/\/litoral.ufpr.br\/admpublica\/wp-content\/uploads\/sites\/6\/2022\/06\/Grade-e-Ensalamento_2022_1_atualizacao_30_06_2022.pdf\">Ensalamento-Grade-2022-1<\/a><\/p>\n<p><a href=\"https:\/\/litoral.ufpr.br\/admpublica\/wp-content\/uploads\/sites\/6\/2022\/01\/Grade-inicio-de-2022_2021-2_Administracao-Publica.pdf\">Grade-2021-2 Administra\u00e7\u00e3o P\u00fablica<\/a><\/p>\n<p><a href=\"https:\/\/litoral.ufpr.br\/admpublica\/wp-content\/uploads\/sites\/6\/2022\/01\/Ficha-2-Grade-2021-2-inicio-em-2022.pdf\">Ficha 2-Grade-2021-2 Administra\u00e7\u00e3o P\u00fablica<\/a><\/p>\n<p><a href=\"https:\/\/litoral.ufpr.br\/admpublica\/wp-content\/uploads\/sites\/6\/2021\/09\/Grade-AP-set_dez.21.pdf\">Grade-2021-2 Administra\u00e7\u00e3o P\u00fablica<\/a>\u00a0<\/p>\n<p><a href=\"https:\/\/litoral.ufpr.br\/admpublica\/wp-content\/uploads\/sites\/6\/2021\/09\/Ficha-2_Grade_Maio_Ago_2021_Administracao_Publica-2.pdf\">Ficha-2-Grade-2021-1 Administra\u00e7\u00e3o P\u00fablica<\/a><\/p>\n<p><a href=\"https:\/\/litoral.ufpr.br\/admpublica\/wp-content\/uploads\/sites\/6\/2021\/04\/Grade-maio_ago_2021_Administracao-Publica.pdf\">Grade-2021-1 Administra\u00e7\u00e3o P\u00fablica<\/a><\/p>\n<p><a href=\"https:\/\/litoral.ufpr.br\/admpublica\/wp-content\/uploads\/sites\/6\/2021\/04\/Ficha-2_Grade_Maio_Ago_2021_Administracao_Publica-1.pdf\">Ficha 2-Grade-2021-1 Administra\u00e7\u00e3o P\u00fablica<\/a><\/p>\n<p><a href=\"https:\/\/litoral.ufpr.br\/admpublica\/wp-content\/uploads\/sites\/6\/2020\/10\/Informativo-alunos-Adm-P\u00fablica_PER\u00cdODO-ESPECIAL-21.pdf\">Per\u00edodo Especial 2<\/a><\/p>\n<p><a href=\"https:\/\/litoral.ufpr.br\/admpublica\/wp-content\/uploads\/sites\/6\/2020\/06\/Informativo-alunos-sobre-Per\u00edodo-especial_jul.ago.set-1.pdf\">Per\u00edodo Especial 1<\/a><\/p>\n<p><a href=\"https:\/\/litoral.ufpr.br\/admpublica\/wp-content\/uploads\/sites\/6\/2020\/03\/Oferta-2020_1_p\u00e1gina-do-curso.pdf\">Oferta 2020-1<\/a><\/p>\n<p><a href=\"https:\/\/litoral.ufpr.br\/admpublica\/wp-content\/uploads\/sites\/6\/2019\/08\/Oferta-2019-II_p\u00e1gina-do-curso_atualizada.pdf\">Oferta 2019-2<\/a><\/p>\n<p><a href=\"https:\/\/litoral.ufpr.br\/admpublica\/wp-content\/uploads\/sites\/6\/2019\/02\/Ofertas-2019-1.docx\">Ofertas<\/a><strong><a href=\"https:\/\/litoral.ufpr.br\/admpublica\/wp-content\/uploads\/sites\/6\/2019\/02\/Ofertas-2019-1.docx\"> 2019-1<\/a><\/strong><\/p>\n<p><a href=\"https:\/\/litoral.ufpr.br\/admpublica\/wp-content\/uploads\/sites\/6\/2019\/02\/OFERTAS-2018-2.pdf\">Ofertas 2018-2<\/a><\/p>\n<p><a href=\"https:\/\/litoral.ufpr.br\/wp-content\/uploads\/2017\/12\/Oferta-2018-1_site-UFPR.odt\">Ofertas 2018-1<\/a><\/p>\n\n\n<div class=\"wp-block-file\"><a href=\"https:\/\/litoral.ufpr.br\/admpublica\/wp-content\/uploads\/sites\/6\/2023\/03\/Grade-2023-1-Administracao-Publica-1.docx\" class=\"wp-block-file__button wp-element-button\" download>Baixar<\/a><\/div>\n\n\n<ul class=\"wp-block-archives-list wp-block-archives\">\t<li><a href='https:\/\/litoral.ufpr.br\/admpublica\/2025\/12\/'>dezembro 2025<\/a><\/li>\n\t<li><a href='https:\/\/litoral.ufpr.br\/admpublica\/2025\/07\/'>julho 2025<\/a><\/li>\n\t<li><a href='https:\/\/litoral.ufpr.br\/admpublica\/2025\/04\/'>abril 2025<\/a><\/li>\n\t<li><a href='https:\/\/litoral.ufpr.br\/admpublica\/2025\/03\/'>mar\u00e7o 2025<\/a><\/li>\n\t<li><a href='https:\/\/litoral.ufpr.br\/admpublica\/2025\/02\/'>fevereiro 2025<\/a><\/li>\n\t<li><a href='https:\/\/litoral.ufpr.br\/admpublica\/2025\/01\/'>janeiro 2025<\/a><\/li>\n\t<li><a href='https:\/\/litoral.ufpr.br\/admpublica\/2023\/08\/'>agosto 2023<\/a><\/li>\n\t<li><a href='https:\/\/litoral.ufpr.br\/admpublica\/2023\/06\/'>junho 2023<\/a><\/li>\n\t<li><a href='https:\/\/litoral.ufpr.br\/admpublica\/2023\/03\/'>mar\u00e7o 2023<\/a><\/li>\n\t<li><a href='https:\/\/litoral.ufpr.br\/admpublica\/2023\/02\/'>fevereiro 2023<\/a><\/li>\n\t<li><a href='https:\/\/litoral.ufpr.br\/admpublica\/2022\/11\/'>novembro 2022<\/a><\/li>\n\t<li><a href='https:\/\/litoral.ufpr.br\/admpublica\/2022\/10\/'>outubro 2022<\/a><\/li>\n\t<li><a href='https:\/\/litoral.ufpr.br\/admpublica\/2022\/09\/'>setembro 2022<\/a><\/li>\n\t<li><a href='https:\/\/litoral.ufpr.br\/admpublica\/2022\/08\/'>agosto 2022<\/a><\/li>\n\t<li><a href='https:\/\/litoral.ufpr.br\/admpublica\/2022\/07\/'>julho 2022<\/a><\/li>\n\t<li><a href='https:\/\/litoral.ufpr.br\/admpublica\/2022\/06\/'>junho 2022<\/a><\/li>\n\t<li><a href='https:\/\/litoral.ufpr.br\/admpublica\/2022\/05\/'>maio 2022<\/a><\/li>\n\t<li><a href='https:\/\/litoral.ufpr.br\/admpublica\/2022\/04\/'>abril 2022<\/a><\/li>\n\t<li><a href='https:\/\/litoral.ufpr.br\/admpublica\/2022\/03\/'>mar\u00e7o 2022<\/a><\/li>\n\t<li><a href='https:\/\/litoral.ufpr.br\/admpublica\/2022\/02\/'>fevereiro 2022<\/a><\/li>\n\t<li><a href='https:\/\/litoral.ufpr.br\/admpublica\/2022\/01\/'>janeiro 2022<\/a><\/li>\n\t<li><a href='https:\/\/litoral.ufpr.br\/admpublica\/2021\/12\/'>dezembro 2021<\/a><\/li>\n\t<li><a href='https:\/\/litoral.ufpr.br\/admpublica\/2021\/11\/'>novembro 2021<\/a><\/li>\n\t<li><a href='https:\/\/litoral.ufpr.br\/admpublica\/2021\/09\/'>setembro 2021<\/a><\/li>\n\t<li><a href='https:\/\/litoral.ufpr.br\/admpublica\/2021\/07\/'>julho 2021<\/a><\/li>\n\t<li><a href='https:\/\/litoral.ufpr.br\/admpublica\/2021\/06\/'>junho 2021<\/a><\/li>\n\t<li><a href='https:\/\/litoral.ufpr.br\/admpublica\/2021\/04\/'>abril 2021<\/a><\/li>\n\t<li><a href='https:\/\/litoral.ufpr.br\/admpublica\/2021\/03\/'>mar\u00e7o 2021<\/a><\/li>\n\t<li><a href='https:\/\/litoral.ufpr.br\/admpublica\/2021\/02\/'>fevereiro 2021<\/a><\/li>\n\t<li><a href='https:\/\/litoral.ufpr.br\/admpublica\/2020\/10\/'>outubro 2020<\/a><\/li>\n\t<li><a href='https:\/\/litoral.ufpr.br\/admpublica\/2020\/09\/'>setembro 2020<\/a><\/li>\n\t<li><a href='https:\/\/litoral.ufpr.br\/admpublica\/2020\/08\/'>agosto 2020<\/a><\/li>\n\t<li><a href='https:\/\/litoral.ufpr.br\/admpublica\/2020\/07\/'>julho 2020<\/a><\/li>\n\t<li><a href='https:\/\/litoral.ufpr.br\/admpublica\/2020\/06\/'>junho 2020<\/a><\/li>\n\t<li><a href='https:\/\/litoral.ufpr.br\/admpublica\/2020\/05\/'>maio 2020<\/a><\/li>\n\t<li><a href='https:\/\/litoral.ufpr.br\/admpublica\/2020\/04\/'>abril 2020<\/a><\/li>\n\t<li><a href='https:\/\/litoral.ufpr.br\/admpublica\/2020\/03\/'>mar\u00e7o 2020<\/a><\/li>\n\t<li><a href='https:\/\/litoral.ufpr.br\/admpublica\/2020\/01\/'>janeiro 2020<\/a><\/li>\n\t<li><a href='https:\/\/litoral.ufpr.br\/admpublica\/2019\/12\/'>dezembro 2019<\/a><\/li>\n\t<li><a href='https:\/\/litoral.ufpr.br\/admpublica\/2019\/11\/'>novembro 2019<\/a><\/li>\n\t<li><a href='https:\/\/litoral.ufpr.br\/admpublica\/2019\/10\/'>outubro 2019<\/a><\/li>\n\t<li><a href='https:\/\/litoral.ufpr.br\/admpublica\/2019\/08\/'>agosto 2019<\/a><\/li>\n\t<li><a href='https:\/\/litoral.ufpr.br\/admpublica\/2019\/07\/'>julho 2019<\/a><\/li>\n\t<li><a href='https:\/\/litoral.ufpr.br\/admpublica\/2019\/06\/'>junho 2019<\/a><\/li>\n\t<li><a href='https:\/\/litoral.ufpr.br\/admpublica\/2019\/05\/'>maio 2019<\/a><\/li>\n\t<li><a href='https:\/\/litoral.ufpr.br\/admpublica\/2019\/04\/'>abril 2019<\/a><\/li>\n\t<li><a href='https:\/\/litoral.ufpr.br\/admpublica\/2019\/02\/'>fevereiro 2019<\/a><\/li>\n\t<li><a href='https:\/\/litoral.ufpr.br\/admpublica\/2018\/06\/'>junho 2018<\/a><\/li>\n<\/ul>\n\n\n<p>\u00daltima atualiza\u00e7\u00e3o em:<strong> 24 de fev. de 202<\/strong>6<\/p>\n","protected":false},"excerpt":{"rendered":"<p>GRADE HOR\u00c1RIA 2026\/1Grade 2026.1 &#8211; Administra\u00e7\u00e3o P\u00fablica &#8211; 24\/02\/2025 GRADE HOR\u00c1RIA 2025\/2Grade 2025.2 &#8211; Administra\u00e7\u00e3o P\u00fablica &#8211; 01\/07\/2025 GRADE HOR\u00c1RIA 2025\/1Grade 2025.1 &#8211; Administra\u00e7\u00e3o P\u00fablica_25.02.2025 GRADE HOR\u00c1RIA 2024\/2Grade 2024.2 &#8211; Administra\u00e7\u00e3o P\u00fablica_16.08.24 GRADE HOR\u00c1RIA 2024\/1Grade_2024-1 Administracao-Publica GRADE HOR\u00c1RIA 2023\/2 (NOVO)Grade_2023-2 Administracao-Publica_09_05_23 GRADE HOR\u00c1RIA com o ENSALAMENTO 2023\/1 (VIGENTE)Grade_2023-1-com-ensalamento_Administracao-Publica_03-04-23<\/p>\n","protected":false},"author":3,"featured_media":0,"parent":0,"menu_order":0,"comment_status":"closed","ping_status":"closed","template":"","meta":{"_acf_changed":false,"footnotes":""},"class_list":["post-182","page","type-page","status-publish","hentry"],"acf":[],"_links":{"self":[{"href":"https:\/\/litoral.ufpr.br\/admpublica\/wp-json\/wp\/v2\/pages\/182","targetHints":{"allow":["GET"]}}],"collection":[{"href":"https:\/\/litoral.ufpr.br\/admpublica\/wp-json\/wp\/v2\/pages"}],"about":[{"href":"https:\/\/litoral.ufpr.br\/admpublica\/wp-json\/wp\/v2\/types\/page"}],"author":[{"embeddable":true,"href":"https:\/\/litoral.ufpr.br\/admpublica\/wp-json\/wp\/v2\/users\/3"}],"replies":[{"embeddable":true,"href":"https:\/\/litoral.ufpr.br\/admpublica\/wp-json\/wp\/v2\/comments?post=182"}],"version-history":[{"count":82,"href":"https:\/\/litoral.ufpr.br\/admpublica\/wp-json\/wp\/v2\/pages\/182\/revisions"}],"predecessor-version":[{"id":4272,"href":"https:\/\/litoral.ufpr.br\/admpublica\/wp-json\/wp\/v2\/pages\/182\/revisions\/4272"}],"wp:attachment":[{"href":"https:\/\/litoral.ufpr.br\/admpublica\/wp-json\/wp\/v2\/media?parent=182"}],"curies":[{"name":"wp","href":"https:\/\/api.w.org\/{rel}","templated":true}]}}