{"id":174,"date":"2018-07-04T10:33:38","date_gmt":"2018-07-04T13:33:38","guid":{"rendered":"https:\/\/litoral.ufpr.br\/gempreendedorismo\/?page_id=174"},"modified":"2026-01-30T19:20:45","modified_gmt":"2026-01-30T22:20:45","slug":"docentes","status":"publish","type":"page","link":"https:\/\/litoral.ufpr.br\/administracao\/docentes\/","title":{"rendered":"Corpo Docente"},"content":{"rendered":"\n<h3 class=\"wp-block-heading\">Docentes do curso de Bacharelado em Administra\u00e7\u00e3o UFPR \u2013 Setor Litoral<\/h3>\n\n\n\n<figure class=\"wp-block-table alignright\"><table class=\"has-fixed-layout\"><tbody><tr><td class=\"has-text-align-center\" data-align=\"center\"><strong>Docente<\/strong><\/td><td class=\"has-text-align-center\" data-align=\"center\"><strong>Titula\u00e7\u00e3o<\/strong><\/td><td class=\"has-text-align-center\" data-align=\"center\"><strong>In\u00edcio do v\u00ednculo<\/strong><\/td><td class=\"has-text-align-center\" data-align=\"center\"><strong>Contato<\/strong><\/td><td class=\"has-text-align-center\" data-align=\"center\"><strong>Curr\u00edculo Lattes<\/strong><\/td><\/tr><tr><td class=\"has-text-align-center\" data-align=\"center\">Prof. Dr. Carlos Alberto Martins da Rocha<\/td><td class=\"has-text-align-center\" data-align=\"center\">Doutorado<\/td><td class=\"has-text-align-center\" data-align=\"center\">04\/06\/1998<\/td><td class=\"has-text-align-center\" data-align=\"center\">rocha@ufpr.br<\/td><td class=\"has-text-align-center\" data-align=\"center\"><a href=\"http:\/\/lattes.cnpq.br\/1200725488975224\">Curr\u00edculo Lattes<\/a><\/td><\/tr><tr><td class=\"has-text-align-center\" data-align=\"center\">Profa. Dra. Cinthia Maria de Sena Abrah\u00e3o<\/td><td class=\"has-text-align-center\" data-align=\"center\"><br>Doutorado<\/td><td class=\"has-text-align-center\" data-align=\"center\">09\/12\/2005<\/td><td class=\"has-text-align-center\" data-align=\"center\"><span style=\"font-size: revert;color: initial\">cinthiaabrahao@ufpr.br<\/span><\/td><td class=\"has-text-align-center\" data-align=\"center\"><a href=\"http:\/\/buscatextual.cnpq.br\/buscatextual\/visualizacv.do?id=K4723751U8\">Curr\u00edculo Lattes<\/a><\/td><\/tr><tr><td class=\"has-text-align-center\" data-align=\"center\">Prof. MSc. Daniel Gustavo Fleig<\/td><td class=\"has-text-align-center\" data-align=\"center\">Mestrado<\/td><td class=\"has-text-align-center\" data-align=\"center\">01\/03\/2010<\/td><td class=\"has-text-align-center\" data-align=\"center\">fleig@ufpr.br<\/td><td class=\"has-text-align-center\" data-align=\"center\"><a href=\"http:\/\/buscatextual.cnpq.br\/buscatextual\/visualizacv.do?id=K4751570E6\">Curr\u00edculo Lattes<\/a><\/td><\/tr><tr><td class=\"has-text-align-center\" data-align=\"center\">Prof. Dr. Jos\u00e9 Lannes de Melo<\/td><td class=\"has-text-align-center\" data-align=\"center\"><br>Doutorado<\/td><td class=\"has-text-align-center\" data-align=\"center\">09\/02\/2007<\/td><td class=\"has-text-align-center\" data-align=\"center\">lannes@ufpr.br<\/td><td class=\"has-text-align-center\" data-align=\"center\"><a href=\"http:\/\/buscatextual.cnpq.br\/buscatextual\/visualizacv.do?id=K4738690H9\">Curr\u00edculo Lattes<\/a><\/td><\/tr><tr><td class=\"has-text-align-center\" data-align=\"center\">Profa. Dra. Ellen Joana Nunes Santos Cunha<\/td><td class=\"has-text-align-center\" data-align=\"center\">Doutorado<\/td><td class=\"has-text-align-center\" data-align=\"center\">19\/09\/2024<\/td><td class=\"has-text-align-center\" data-align=\"center\">ellen.joana@ufpr.br<\/td><td class=\"has-text-align-center\" data-align=\"center\"><a href=\"http:\/\/lattes.cnpq.br\/1803913210571986\">Curr\u00edculo Lattes<\/a><\/td><\/tr><tr><td class=\"has-text-align-center\" data-align=\"center\">Profa. Dra. Lucia Helena Alencastro<\/td><td class=\"has-text-align-center\" data-align=\"center\"><br>Doutorado<\/td><td class=\"has-text-align-center\" data-align=\"center\">07\/12\/2005<\/td><td class=\"has-text-align-center\" data-align=\"center\">luciah@ufpr.br<\/td><td class=\"has-text-align-center\" data-align=\"center\"><a href=\"http:\/\/buscatextual.cnpq.br\/buscatextual\/visualizacv.do?id=K4246133J8\">Curr\u00edculo Lattes<\/a><\/td><\/tr><tr><td class=\"has-text-align-center\" data-align=\"center\">Prof. Dr. Marcio Hosoya Name<\/td><td class=\"has-text-align-center\" data-align=\"center\"><br>Doutorado<\/td><td class=\"has-text-align-center\" data-align=\"center\">13\/11\/2015<\/td><td class=\"has-text-align-center\" data-align=\"center\">name@ufpr.br<\/td><td class=\"has-text-align-center\" data-align=\"center\"><a href=\"http:\/\/lattes.cnpq.br\/5806067174457918\" data-type=\"link\" data-id=\"http:\/\/lattes.cnpq.br\/5806067174457918\">Curr\u00edculo Lattes<\/a><\/td><\/tr><tr><td class=\"has-text-align-center\" data-align=\"center\">Prof. Dr. Rafael Henrique Mainardes Ferreira<\/td><td class=\"has-text-align-center\" data-align=\"center\"><br>Doutorado<\/td><td class=\"has-text-align-center\" data-align=\"center\">02\/01\/2025<\/td><td class=\"has-text-align-center\" data-align=\"center\">ferreirarafael@ufpr.br<\/td><td class=\"has-text-align-center\" data-align=\"center\"><a href=\"http:\/\/lattes.cnpq.br\/1200725488975224\">Curr\u00edculo Lattes<\/a><\/td><\/tr><tr><td class=\"has-text-align-center\" data-align=\"center\">Profa. Dra. Silma C\u00f4rtes da Battezzati<\/td><td class=\"has-text-align-center\" data-align=\"center\"><br>Doutorado<\/td><td class=\"has-text-align-center\" data-align=\"center\">10\/09\/2010<\/td><td class=\"has-text-align-center\" data-align=\"center\">silma@ufpr.br<\/td><td class=\"has-text-align-center\" data-align=\"center\"><a href=\"http:\/\/lattes.cnpq.br\/4263301156064959\" data-type=\"link\" data-id=\"http:\/\/lattes.cnpq.br\/4263301156064959\">Curr\u00edculo Lattes<\/a><\/td><\/tr><tr><td class=\"has-text-align-center\" data-align=\"center\">Prof. Dr. Thiago Henrique Moreira Goes<\/td><td class=\"has-text-align-center\" data-align=\"center\"><br>Doutorado<\/td><td class=\"has-text-align-center\" data-align=\"center\">17\/01\/2019<\/td><td class=\"has-text-align-center\" data-align=\"center\">thiagogoes@ufpr.br<\/td><td class=\"has-text-align-center\" data-align=\"center\"><a href=\"http:\/\/buscatextual.cnpq.br\/buscatextual\/visualizacv.do?id=K4402240E5\">Curr\u00edculo Lattes<\/a><\/td><\/tr><\/tbody><\/table><\/figure>\n\n\n\n<p><\/p>\n\n\n\n<figure class=\"wp-block-table\"><table class=\"has-fixed-layout\"><tbody><tr><td class=\"has-text-align-center\" data-align=\"center\"><strong>M\u00d3DULOS MINISTRADOS<\/strong><\/td><\/tr><\/tbody><\/table><\/figure>\n\n\n\n<figure class=\"wp-block-table\"><table class=\"has-fixed-layout\"><tbody><tr><td><strong>Prof. Dr. Carlos Alberto Martins da Rocha:<\/strong><br><br>(SL52, SL53, SL54, SL55, SL56, SL57, SL58 E SL59) INTERA\u00c7\u00d5ES CULTURAIS E HUMAN\u00cdSTICAS<br>SL67 PROJETO DE APRENDIZAGEM<br>SLGE0065 PROJETO 2 &#8211; CONSULTORIA<br>SLGE302 MARKETING I<br>SLGE502 MARKETING II<br>SLGE0057 GEST\u00c3O DE MARKETING E COMUNICA\u00c7\u00c3O<br>SLGE0060 PESQUISA DE MERCADO<br>SLGE055 T\u00d3PICOS ESPECIAIS EM GEST\u00c3O E EMPREENDEDORISMO II<br>SLGE202 FUNDAMENTOS DE SISTEMAS DE INFORMA\u00c7\u00c3O<\/td><\/tr><tr><td><strong>Profa. Dra. Cinthia Maria de Sena Abrah\u00e3o:<\/strong><br><br>SL62 PROJETO DE APRENDIZAGEM<br>SLGE0065 PROJETO 2 &#8211; CONSULTORIA<br>SLGE304 PROJETO DE APRENDIZAGEM III<br>SLGE204 PROJETO DE APRENDIZAGEM II<br>SLGE404 PROJETO DE APRENDIZAGEM IV<br>SLGE0060 PESQUISA DE MERCADO<br>(SL52, SL53, SL54, SL55, SL56, SL57, SL58 E SL59) INTERA\u00c7\u00d5ES CULTURAIS E HUMAN\u00cdSTICAS<br>SLGE0063 PROJETO 1 &#8211; DIAGN\u00d3STICO<br>SLGE037 HIST\u00d3RIA, POL\u00cdTICA E GEST\u00c3O AMBIENTAL<br>SLGE0056 GEST\u00c3O ESTRAT\u00c9GICA<br>SLGE0064 ORGANIZA\u00c7\u00c3O ESPACIAL DE EMPRESAS<br>SLGE0047 EMPREENDEDORISMO NO BRASIL E LITORAL PARANAENSE<br>SLGE0026 POL\u00cdTICA E CONJUNTURA ECON\u00d4MICA<br>SLGE0041 PROJETO 2 &#8211; PLANO DE NEG\u00d3CIOS<br>SLGE0042 PROJETO 3 &#8211; PROJETO DE INVESTIMENTO<br>SLGE0057 GEST\u00c3O DE MARKETING E COMUNICA\u00c7\u00c3O<br>SLGE0004 EMPREENDEDORISMO NO BRASIL E NO LITORAL<br>SLGE0040 PROJETO 1- AN\u00c1LISE ORGANIZACIONAL<br>AGRLT020 PROCESSOS DE COMUNICA\u00c7\u00c3O E INTERA\u00c7\u00d5ES EM COMUNIDADES RURAIS<br>SLGE0009 SIGNIFICADO DO TRABALHO<br>SL16 PROJETOS DE APRENDIZAGEM VIII<br>SL14 PROJETOS DE APRENDIZAGEM VI<br>SLGE0023 TRANSFORMA\u00c7\u00d5ES NO MUNDO DO TRABALHO<br>SL15 PROJETOS DE APRENDIZAGEM VII<br>SL12 PROJETOS DE APRENDIZAGEM IV<br>SL13 PROJETOS DE APRENDIZAGEM V<br>SL10 PROJETOS DE APRENDIZAGEM II<br>SL11 PROJETOS DE APRENDIZAGEM III<br>SLGE0029 GEST\u00c3O DE SERVI\u00c7OS<br>SL09 PROJETOS DE APRENDIZAGEM I<br>SLGE0012 ECONOMIA E MERCADO<br><\/td><\/tr><tr><td><strong>Prof. MSc. Daniel Gustavo Fleig:<\/strong><br><br>SLGE101 TEORIA GERAL DA ADMINISTRA\u00c7\u00c3O<br>SL61 PROJETO DE APRENDIZAGEM<br>SLGE0044 INTRODU\u00c7\u00c3O A GEST\u00c3O<br>SLGE401 GEST\u00c3O DE PESSOAS<br>SLGE0065 PROJETO 2 &#8211; CONSULTORIA<br>(SL52, SL53, SL54, SL55, SL56, SL57, SL58 E SL59) INTERA\u00c7\u00d5ES CULTURAIS E HUMAN\u00cdSTICAS<br>SLGE0063 PROJETO 1 &#8211; DIAGN\u00d3STICO<br>SLGE0003 INTRODU\u00c7\u00c3O \u00c0 FORMA\u00c7\u00c3O PROFISSIONAL<br>SLGE0004 EMPREENDEDORISMO NO BRASIL E NO LITORAL<br>SLGE0020 GEST\u00c3O DE PESSOAS MPMES<br>SLGE0006 INTRODU\u00c7\u00c3O \u00c0 GEST\u00c3O<br>SLGE0036 GEST\u00c3O DA INOVA\u00c7\u00c3O<br>SLGE0002 RECONHECIMENTO DO LITORAL<br>SLGE0040 PROJETO 1- AN\u00c1LISE ORGANIZACIONAL<br>SLGE0027 GEST\u00c3O ESTRAT\u00c9GICA<br>SLGE0001 CONCEP\u00c7\u00d5ES DE EMPREENDEDORISMO<\/td><\/tr><tr><td><strong>Prof. Dr. Jos\u00e9 Lannes de Melo:<\/strong><br><br>(SL52, SL53, SL54, SL55, SL56, SL57, SL58 E SL59) INTERA\u00c7\u00d5ES CULTURAIS E HUMAN\u00cdSTICAS<br>SLGE102 MATEM\u00c1TICA E ESTAT\u00cdSTICA APLICADA \u00c0 GEST\u00c3O<br>SLGE301 MACROECONOMIA<br>SLGE0048 ECONOMIA E MERCADO<br>SLGE0051 SOCIOECONOMIA<br>SLGE0045 PERSPECTIVAS DE DESENVOLVIMENTO<br>SLGE0049 CONFIGURA\u00c7\u00c3O SOCIOECON\u00d4MICA DO TERRIT\u00d3RIO<br>SLGE201 INTRODU\u00c7\u00c3O \u00c0 ECONOMIA<br>SLGE0059 INTRODU\u00c7\u00c3O A FINAN\u00c7AS<br>SL67 PROJETO DE APRENDIZAGEM<br>SLGE0008 METODOLOGIA DE DIAGN\u00d3STICO TERRITORIAL<br>SLGE0026 POL\u00cdTICA E CONJUNTURA ECON\u00d4MICA<br>SLGE0058 ARRANJOS PRODUTIVOS<br>GAMB016 ECONOMIA E DESENVOLVIMENTO I<br>SLGE0005 CONSTITUI\u00c7\u00c3O DAS EMPRESAS NO BRASIL<br>SLGE0062 GEST\u00c3O DE FINAN\u00c7AS<br>SLGE0042 PROJETO 3 &#8211; PROJETO DE INVESTIMENTO<br>SLGE0014 INTRODU\u00c7\u00c3O \u00c0 AN\u00c1LISE DE INVESTIMENTO<br>SLGE0019 GEST\u00c3O DE FINAN\u00c7AS MPMES<br>SLGE0032 RELA\u00c7\u00d5ES ECON\u00d4MICAS INTERNACIONAIS<br>SLGE0033 ELABORA\u00c7\u00c3O E AN\u00c1LISE DE PROJETOS<br>SL09 PROJETOS DE APRENDIZAGEM I<br>SL13 PROJETOS DE APRENDIZAGEM V<br>SL14 PROJETOS DE APRENDIZAGEM VI<br>SL15 PROJETOS DE APRENDIZAGEM VII<br>SL16 PROJETOS DE APRENDIZAGEM VIII<br>SLGE0030 GEST\u00c3O E ARTICULA\u00c7\u00c3O DE ATORES<br><br><\/td><\/tr><tr><td><strong>Profa. Dra. Ellen Joana Nunes Santos Cunha:<\/strong><br><br>SLGE054 T\u00d3PICOS ESPECIAIS EM GEST\u00c3O E EMPREENDEDORISMO I<br>SLGE103 CONCEP\u00c7\u00d5ES DE EMPREENDEDORISMO<br>SLGE501 GEST\u00c3O FINANCEIRA E AN\u00c1LISE DE INVESTIMENTOS<br>(SL52, SL53, SL54, SL55, SL56, SL57, SL58 E SL59) INTERA\u00c7\u00d5ES CULTURAIS E HUMAN\u00cdSTICAS<br>SLGE0047 EMPREENDEDORISMO NO BRASIL E LITORAL PARANAENSE<br>SL61 PROJETO DE APRENDIZAGEM<br>SLGE0063 PROJETO 1 &#8211; DIAGN\u00d3STICO<br>SLGE402 CONTABILIDADE E AN\u00c1LISE DE DEMONSTRA\u00c7\u00d5ES FINANCEIRAS<br>SLGE0061 GEST\u00c3O AMBIENTAL EMPRESARIAL<br>SLGE202 FUNDAMENTOS DE SISTEMAS DE INFORMA\u00c7\u00c3O<\/td><\/tr><tr><td><strong>Profa. Dra. Lucia Helena Alencastro:<\/strong><br><br>SLGE303 PSICOLOGIA ORGANIZACIONAL E DO TRABALHO<br>SLGE304 PROJETO DE APRENDIZAGEM III<br>SL64 PROJETO DE APRENDIZAGEM<br>SLGE0050 DESAFIOS CONTEMPOR\u00c2NEOS DO MUNDO DO TRABALHO<br>SLGE104 PROJETO DE APRENDIZAGEM I<br>SLGE203 PSICOLOGIA DO TRABALHO<br>(SL52, SL53, SL54, SL55, SL56, SL57, SL58 E SL59) INTERA\u00c7\u00d5ES CULTURAIS E HUMAN\u00cdSTICAS<br>SLGE0052 ASSESSORIA E INTERVEN\u00c7\u00c3O NAS ORGANIZA\u00c7\u00d5ES<br>SLGE0069 OUTRAS FORMAS DE ORGANIZA\u00c7\u00c3O E GEST\u00c3O DO TRABALHO<br>SLGE0046 PROCESSO HIST\u00d3RICO DO MUNDO DO TRABALHO<br>SLGE0009 SIGNIFICADO DO TRABALHO<br>SLGE0003 INTRODU\u00c7\u00c3O \u00c0 FORMA\u00c7\u00c3O PROFISSIONAL<br>SLGE0037 NOVAS FORMAS DE GERA\u00c7\u00c3O DE TRABALHO E RENDA<br>SLGE0023 TRANSFORMA\u00c7\u00d5ES NO MUNDO DO TRABALHO<br>SLGE0043 PROJETO 4 &#8211; ORGANIZA\u00c7\u00d5ES SOCIAIS E COMUNIT\u00c1RIAS<br>SL09 PROJETOS DE APRENDIZAGEM I<\/td><\/tr><tr><td><strong>Prof. Dr. Marcio Hosoya Name:<\/strong><br><br>(SL52, SL53, SL54, SL55, SL56, SL57, SL58 E SL59) INTERA\u00c7\u00d5ES CULTURAIS E HUMAN\u00cdSTICAS<br>SL65 PROJETO DE APRENDIZAGEM<br>SLGE0008 METODOLOGIA DE DIAGN\u00d3STICO TERRITORIAL<\/td><\/tr><tr><td><strong>Prof. Dr. Rafael Henrique Mainardes Ferreira:<\/strong><br><br>SLGE503 GEST\u00c3O DA PRODU\u00c7\u00c3O II<br>SLGE504 PROJETO DE APRENDIZAGEM V<br>SLGE0056 GEST\u00c3O ESTRAT\u00c9GICA<br>SLGE0066 CONSTITUI\u00c7\u00c3O DE EMPRESAS NO BRASIL<br>SLGE0070 MUDAN\u00c7A ORGANIZACIONAL<br>SLGE0071 CONCEP\u00c7\u00d5ES DE EMPREENDEDORISMO<br>SLGE052 RELA\u00c7\u00d5ES INTERNACIONAIS<br>SLGE403 GEST\u00c3O DA PRODU\u00c7\u00c3O I<br><\/td><\/tr><tr><td><strong>Profa. Dra. Silma C\u00f4rtes da Battezzati:<\/strong><br><br>SLGE056 T\u00d3PICOS ESPECIAIS EM GEST\u00c3O E EMPREENDEDORISMO III<br>SLGE104 PROJETO DE APRENDIZAGEM I<br>(SL52, SL53, SL54, SL55, SL56, SL57, SL58 E SL59) INTERA\u00c7\u00d5ES CULTURAIS E HUMAN\u00cdSTICAS<br>SL29 PROJETO DE APRENDIZAGEM<\/td><\/tr><tr><td><strong>Prof. Dr. Thiago Henrique Moreira Goes<\/strong>:<br><br>(SL52, SL53, SL54, SL55, SL56, SL57, SL58 E SL59) INTERA\u00c7\u00d5ES CULTURAIS E HUMAN\u00cdSTICAS<br>SL63 PROJETO DE APRENDIZAGEM<br>SLGE0062 GEST\u00c3O DE FINAN\u00c7AS<br>SLGE0044 INTRODU\u00c7\u00c3O A GEST\u00c3O<br>SLGE0053 GEST\u00c3O DA PRODU\u00c7\u00c3O<br>SLGE101 TEORIA GERAL DA ADMINISTRA\u00c7\u00c3O<br>SLGE0058 ARRANJOS PRODUTIVOS<br>SLGE0065 PROJETO 2 &#8211; CONSULTORIA<br>SLGE0055 PLANEJAMENTO TERRITORIAL<br>SLGE0059 INTRODU\u00c7\u00c3O A FINAN\u00c7AS<br>SLGE0068 GEST\u00c3O DA QUALIDADE<br>SLGE0042 PROJETO 3 &#8211; PROJETO DE INVESTIMENTO<br>SLGE0008 METODOLOGIA DE DIAGN\u00d3STICO TERRITORIAL<br>SLGE0045 PERSPECTIVAS DE DESENVOLVIMENTO<\/td><\/tr><\/tbody><\/table><\/figure>\n\n\n\n<p>Atualizado em 30\/01\/2026<\/p>\n","protected":false},"excerpt":{"rendered":"<p>Docentes do curso de Bacharelado em Administra\u00e7\u00e3o UFPR \u2013 Setor Litoral Docente Titula\u00e7\u00e3o In\u00edcio do v\u00ednculo Contato Curr\u00edculo Lattes Prof. Dr. Carlos Alberto Martins da Rocha Doutorado 04\/06\/1998 rocha@ufpr.br Curr\u00edculo Lattes Profa. Dra. Cinthia Maria de Sena Abrah\u00e3o Doutorado 09\/12\/2005 cinthiaabrahao@ufpr.br Curr\u00edculo Lattes Prof. MSc. Daniel Gustavo Fleig Mestrado 01\/03\/2010 fleig@ufpr.br Curr\u00edculo Lattes Prof. Dr. [&hellip;]<\/p>\n","protected":false},"author":3,"featured_media":0,"parent":0,"menu_order":0,"comment_status":"closed","ping_status":"closed","template":"","meta":{"_acf_changed":false,"footnotes":""},"class_list":["post-174","page","type-page","status-publish","hentry"],"acf":[],"_links":{"self":[{"href":"https:\/\/litoral.ufpr.br\/administracao\/wp-json\/wp\/v2\/pages\/174","targetHints":{"allow":["GET"]}}],"collection":[{"href":"https:\/\/litoral.ufpr.br\/administracao\/wp-json\/wp\/v2\/pages"}],"about":[{"href":"https:\/\/litoral.ufpr.br\/administracao\/wp-json\/wp\/v2\/types\/page"}],"author":[{"embeddable":true,"href":"https:\/\/litoral.ufpr.br\/administracao\/wp-json\/wp\/v2\/users\/3"}],"replies":[{"embeddable":true,"href":"https:\/\/litoral.ufpr.br\/administracao\/wp-json\/wp\/v2\/comments?post=174"}],"version-history":[{"count":94,"href":"https:\/\/litoral.ufpr.br\/administracao\/wp-json\/wp\/v2\/pages\/174\/revisions"}],"predecessor-version":[{"id":1687,"href":"https:\/\/litoral.ufpr.br\/administracao\/wp-json\/wp\/v2\/pages\/174\/revisions\/1687"}],"wp:attachment":[{"href":"https:\/\/litoral.ufpr.br\/administracao\/wp-json\/wp\/v2\/media?parent=174"}],"curies":[{"name":"wp","href":"https:\/\/api.w.org\/{rel}","templated":true}]}}