{"id":170,"date":"2018-07-04T10:32:05","date_gmt":"2018-07-04T13:32:05","guid":{"rendered":"https:\/\/litoral.ufpr.br\/gempreendedorismo\/?page_id=170"},"modified":"2025-12-17T17:02:54","modified_gmt":"2025-12-17T20:02:54","slug":"coordenacao","status":"publish","type":"page","link":"https:\/\/litoral.ufpr.br\/administracao\/coordenacao\/","title":{"rendered":"Coordena\u00e7\u00e3o\/C\u00e2mara"},"content":{"rendered":"\n<p><strong>Coordena\u00e7\u00e3o:<\/strong> Daniel Gustavo Fleig<\/p>\n\n\n\n<p>Contato: fleig@ufpr.br<\/p>\n\n\n\n<p><a href=\"https:\/\/litoral.ufpr.br\/administracao\/wp-content\/uploads\/sites\/14\/2025\/12\/Daniel_Certidao.pdf\" data-type=\"link\" data-id=\"https:\/\/litoral.ufpr.br\/administracao\/wp-content\/uploads\/sites\/14\/2025\/12\/Daniel_Certidao.pdf\">Certid\u00e3o Portaria 1007\/REITORIA\/2024<\/a><\/p>\n\n\n\n<p><strong>Vice-coordena\u00e7\u00e3o: <\/strong> Jos\u00e9 Lannes de Mello<\/p>\n\n\n\n<p>Contato: lannes@ufpr.br<\/p>\n\n\n\n<p><a href=\"https:\/\/litoral.ufpr.br\/administracao\/wp-content\/uploads\/sites\/14\/2025\/12\/Lannes_Certidao.pdf\">Certid\u00e3o Portaria 1008\/REITORIA\/2024<\/a><\/p>\n\n\n\n<p><\/p>\n\n\n\n<p>C\u00e2mara pedag\u00f3gica do cursos de Bacharelado em administra\u00e7\u00e3o:<\/p>\n\n\n\n<div data-wp-interactive=\"core\/file\" class=\"wp-block-file\"><object data-wp-bind--hidden=\"!state.hasPdfPreview\" hidden class=\"wp-block-file__embed\" data=\"https:\/\/litoral.ufpr.br\/administracao\/wp-content\/uploads\/sites\/14\/2025\/12\/Colegiado.pdf\" type=\"application\/pdf\" style=\"width:100%;height:600px\" aria-label=\"Incorporado de Colegiado.\"><\/object><a id=\"wp-block-file--media-19687a0c-bc94-4806-9009-0608c48a1140\" href=\"https:\/\/litoral.ufpr.br\/administracao\/wp-content\/uploads\/sites\/14\/2025\/12\/Colegiado.pdf\">Colegiado<\/a><a href=\"https:\/\/litoral.ufpr.br\/administracao\/wp-content\/uploads\/sites\/14\/2025\/12\/Colegiado.pdf\" class=\"wp-block-file__button wp-element-button\" download aria-describedby=\"wp-block-file--media-19687a0c-bc94-4806-9009-0608c48a1140\">Baixar<\/a><\/div>\n\n\n\n<p>Atualizado em 17\/12\/2025.<\/p>\n","protected":false},"excerpt":{"rendered":"<p>Coordena\u00e7\u00e3o: Daniel Gustavo Fleig Contato: fleig@ufpr.br Certid\u00e3o Portaria 1007\/REITORIA\/2024 Vice-coordena\u00e7\u00e3o: Jos\u00e9 Lannes de Mello Contato: lannes@ufpr.br Certid\u00e3o Portaria 1008\/REITORIA\/2024 C\u00e2mara pedag\u00f3gica do cursos de Bacharelado em administra\u00e7\u00e3o: Atualizado em 17\/12\/2025.<\/p>\n","protected":false},"author":3,"featured_media":0,"parent":0,"menu_order":0,"comment_status":"closed","ping_status":"closed","template":"","meta":{"_acf_changed":false,"footnotes":""},"class_list":["post-170","page","type-page","status-publish","hentry"],"acf":[],"_links":{"self":[{"href":"https:\/\/litoral.ufpr.br\/administracao\/wp-json\/wp\/v2\/pages\/170","targetHints":{"allow":["GET"]}}],"collection":[{"href":"https:\/\/litoral.ufpr.br\/administracao\/wp-json\/wp\/v2\/pages"}],"about":[{"href":"https:\/\/litoral.ufpr.br\/administracao\/wp-json\/wp\/v2\/types\/page"}],"author":[{"embeddable":true,"href":"https:\/\/litoral.ufpr.br\/administracao\/wp-json\/wp\/v2\/users\/3"}],"replies":[{"embeddable":true,"href":"https:\/\/litoral.ufpr.br\/administracao\/wp-json\/wp\/v2\/comments?post=170"}],"version-history":[{"count":39,"href":"https:\/\/litoral.ufpr.br\/administracao\/wp-json\/wp\/v2\/pages\/170\/revisions"}],"predecessor-version":[{"id":1628,"href":"https:\/\/litoral.ufpr.br\/administracao\/wp-json\/wp\/v2\/pages\/170\/revisions\/1628"}],"wp:attachment":[{"href":"https:\/\/litoral.ufpr.br\/administracao\/wp-json\/wp\/v2\/media?parent=170"}],"curies":[{"name":"wp","href":"https:\/\/api.w.org\/{rel}","templated":true}]}}