{"id":1338,"date":"2023-09-22T17:43:54","date_gmt":"2023-09-22T20:43:54","guid":{"rendered":"https:\/\/litoral.ufpr.br\/gempreendedorismo\/?page_id=1338"},"modified":"2023-09-22T17:45:41","modified_gmt":"2023-09-22T20:45:41","slug":"editais-2","status":"publish","type":"page","link":"https:\/\/litoral.ufpr.br\/administracao\/editais-2\/","title":{"rendered":"Editais"},"content":{"rendered":"\n<div data-wp-interactive=\"core\/file\" class=\"wp-block-file\"><object data-wp-bind--hidden=\"!state.hasPdfPreview\" hidden class=\"wp-block-file__embed\" data=\"https:\/\/litoral.ufpr.br\/gempreendedorismo\/wp-content\/uploads\/sites\/14\/2023\/09\/SEI_UFPR-5983522-Edital.pdf\" type=\"application\/pdf\" style=\"width:100%;height:600px\" aria-label=\"Incorporado de Incorporado de Edital 2023.2..\"><\/object><a id=\"wp-block-file--media-cd8db095-05f1-4b21-a4a6-c7567a82b889\" href=\"https:\/\/litoral.ufpr.br\/gempreendedorismo\/wp-content\/uploads\/sites\/14\/2023\/09\/SEI_UFPR-5983522-Edital.pdf\">Edital 2023.2<\/a><a href=\"https:\/\/litoral.ufpr.br\/gempreendedorismo\/wp-content\/uploads\/sites\/14\/2023\/09\/SEI_UFPR-5983522-Edital.pdf\" class=\"wp-block-file__button\" download aria-describedby=\"wp-block-file--media-cd8db095-05f1-4b21-a4a6-c7567a82b889\">Baixar<\/a><\/div>\n\n\n\n<p>\u00daltima atualiza\u00e7\u00e3o 22\/09\/2023<\/p>\n","protected":false},"excerpt":{"rendered":"<p>\u00daltima atualiza\u00e7\u00e3o 22\/09\/2023<\/p>\n","protected":false},"author":1645,"featured_media":0,"parent":0,"menu_order":0,"comment_status":"closed","ping_status":"closed","template":"","meta":{"_acf_changed":false,"footnotes":""},"class_list":["post-1338","page","type-page","status-publish","hentry"],"acf":[],"_links":{"self":[{"href":"https:\/\/litoral.ufpr.br\/administracao\/wp-json\/wp\/v2\/pages\/1338","targetHints":{"allow":["GET"]}}],"collection":[{"href":"https:\/\/litoral.ufpr.br\/administracao\/wp-json\/wp\/v2\/pages"}],"about":[{"href":"https:\/\/litoral.ufpr.br\/administracao\/wp-json\/wp\/v2\/types\/page"}],"author":[{"embeddable":true,"href":"https:\/\/litoral.ufpr.br\/administracao\/wp-json\/wp\/v2\/users\/1645"}],"replies":[{"embeddable":true,"href":"https:\/\/litoral.ufpr.br\/administracao\/wp-json\/wp\/v2\/comments?post=1338"}],"version-history":[{"count":3,"href":"https:\/\/litoral.ufpr.br\/administracao\/wp-json\/wp\/v2\/pages\/1338\/revisions"}],"predecessor-version":[{"id":1345,"href":"https:\/\/litoral.ufpr.br\/administracao\/wp-json\/wp\/v2\/pages\/1338\/revisions\/1345"}],"wp:attachment":[{"href":"https:\/\/litoral.ufpr.br\/administracao\/wp-json\/wp\/v2\/media?parent=1338"}],"curies":[{"name":"wp","href":"https:\/\/api.w.org\/{rel}","templated":true}]}}