{"id":1308,"date":"2023-06-26T14:44:46","date_gmt":"2023-06-26T17:44:46","guid":{"rendered":"https:\/\/litoral.ufpr.br\/gempreendedorismo\/?page_id=1308"},"modified":"2023-06-26T14:44:46","modified_gmt":"2023-06-26T17:44:46","slug":"plano-de-atuacao-da-coordenacao-2022-2024","status":"publish","type":"page","link":"https:\/\/litoral.ufpr.br\/administracao\/plano-de-atuacao-da-coordenacao-2022-2024\/","title":{"rendered":"Plano de Atua\u00e7\u00e3o da Coordena\u00e7\u00e3o 2022-2024"},"content":{"rendered":"\n<div class=\"wp-block-file\"><a id=\"wp-block-file--media-aeb9a359-6ab5-42cb-b499-1e77d43a10a9\" href=\"https:\/\/litoral.ufpr.br\/gempreendedorismo\/wp-content\/uploads\/sites\/14\/2023\/06\/Plano-de-Acao-da-Coordenacao-Gestao-2022-2024-Daniel-Fleig.xlsx\">Plano-de-Acao-da-Coordenacao-Gestao-2022-2024<\/a><a href=\"https:\/\/litoral.ufpr.br\/gempreendedorismo\/wp-content\/uploads\/sites\/14\/2023\/06\/Plano-de-Acao-da-Coordenacao-Gestao-2022-2024-Daniel-Fleig.xlsx\" class=\"wp-block-file__button\" download aria-describedby=\"wp-block-file--media-aeb9a359-6ab5-42cb-b499-1e77d43a10a9\">Baixar<\/a><\/div>\n","protected":false},"excerpt":{"rendered":"","protected":false},"author":1645,"featured_media":0,"parent":0,"menu_order":0,"comment_status":"closed","ping_status":"closed","template":"","meta":{"_acf_changed":false,"footnotes":""},"class_list":["post-1308","page","type-page","status-publish","hentry"],"acf":[],"_links":{"self":[{"href":"https:\/\/litoral.ufpr.br\/administracao\/wp-json\/wp\/v2\/pages\/1308","targetHints":{"allow":["GET"]}}],"collection":[{"href":"https:\/\/litoral.ufpr.br\/administracao\/wp-json\/wp\/v2\/pages"}],"about":[{"href":"https:\/\/litoral.ufpr.br\/administracao\/wp-json\/wp\/v2\/types\/page"}],"author":[{"embeddable":true,"href":"https:\/\/litoral.ufpr.br\/administracao\/wp-json\/wp\/v2\/users\/1645"}],"replies":[{"embeddable":true,"href":"https:\/\/litoral.ufpr.br\/administracao\/wp-json\/wp\/v2\/comments?post=1308"}],"version-history":[{"count":1,"href":"https:\/\/litoral.ufpr.br\/administracao\/wp-json\/wp\/v2\/pages\/1308\/revisions"}],"predecessor-version":[{"id":1310,"href":"https:\/\/litoral.ufpr.br\/administracao\/wp-json\/wp\/v2\/pages\/1308\/revisions\/1310"}],"wp:attachment":[{"href":"https:\/\/litoral.ufpr.br\/administracao\/wp-json\/wp\/v2\/media?parent=1308"}],"curies":[{"name":"wp","href":"https:\/\/api.w.org\/{rel}","templated":true}]}}