{"id":1255,"date":"2023-06-20T18:42:20","date_gmt":"2023-06-20T21:42:20","guid":{"rendered":"https:\/\/litoral.ufpr.br\/gempreendedorismo\/?page_id=1255"},"modified":"2023-09-19T18:54:57","modified_gmt":"2023-09-19T21:54:57","slug":"termo-de-estagio","status":"publish","type":"page","link":"https:\/\/litoral.ufpr.br\/administracao\/termo-de-estagio\/","title":{"rendered":"Termo de est\u00e1gio"},"content":{"rendered":"\n<p>Voc\u00ea deve preencher o Termo de Compromisso de Est\u00e1gio <strong>n\u00e3o obrigat\u00f3rio<\/strong> que consta no site da PROGRAD. <a href=\"http:\/\/www.prograd.ufpr.br\/estagio\/formularios\/respostas\/resp_1.php\">Acesse aqui<\/a>. <\/p>\n","protected":false},"excerpt":{"rendered":"<p>Voc\u00ea deve preencher o Termo de Compromisso de Est\u00e1gio n\u00e3o obrigat\u00f3rio que consta no site da PROGRAD. Acesse aqui.<\/p>\n","protected":false},"author":1645,"featured_media":0,"parent":0,"menu_order":0,"comment_status":"closed","ping_status":"closed","template":"","meta":{"_acf_changed":false,"footnotes":""},"class_list":["post-1255","page","type-page","status-publish","hentry"],"acf":[],"_links":{"self":[{"href":"https:\/\/litoral.ufpr.br\/administracao\/wp-json\/wp\/v2\/pages\/1255","targetHints":{"allow":["GET"]}}],"collection":[{"href":"https:\/\/litoral.ufpr.br\/administracao\/wp-json\/wp\/v2\/pages"}],"about":[{"href":"https:\/\/litoral.ufpr.br\/administracao\/wp-json\/wp\/v2\/types\/page"}],"author":[{"embeddable":true,"href":"https:\/\/litoral.ufpr.br\/administracao\/wp-json\/wp\/v2\/users\/1645"}],"replies":[{"embeddable":true,"href":"https:\/\/litoral.ufpr.br\/administracao\/wp-json\/wp\/v2\/comments?post=1255"}],"version-history":[{"count":4,"href":"https:\/\/litoral.ufpr.br\/administracao\/wp-json\/wp\/v2\/pages\/1255\/revisions"}],"predecessor-version":[{"id":1336,"href":"https:\/\/litoral.ufpr.br\/administracao\/wp-json\/wp\/v2\/pages\/1255\/revisions\/1336"}],"wp:attachment":[{"href":"https:\/\/litoral.ufpr.br\/administracao\/wp-json\/wp\/v2\/media?parent=1255"}],"curies":[{"name":"wp","href":"https:\/\/api.w.org\/{rel}","templated":true}]}}