{"id":1095,"date":"2023-02-23T19:08:58","date_gmt":"2023-02-23T22:08:58","guid":{"rendered":"https:\/\/litoral.ufpr.br\/gempreendedorismo\/?page_id=1095"},"modified":"2023-03-03T09:26:43","modified_gmt":"2023-03-03T12:26:43","slug":"agenda-de-defesas","status":"publish","type":"page","link":"https:\/\/litoral.ufpr.br\/administracao\/agenda-de-defesas\/","title":{"rendered":"Agenda de Defesas"},"content":{"rendered":"\n<figure class=\"wp-block-table is-style-stripes has-small-font-size\"><table class=\"has-black-color has-white-background-color has-text-color has-background\"><tbody><tr><td class=\"has-text-align-center\" data-align=\"center\"><strong>DATA<\/strong><\/td><td class=\"has-text-align-center\" data-align=\"center\"><strong>AUTORAS<\/strong><\/td><td class=\"has-text-align-center\" data-align=\"center\"><strong>ORIENTADOR<\/strong><\/td><td class=\"has-text-align-center\" data-align=\"center\"><strong>T\u00cdTULO DO TRABALHO<\/strong><\/td><\/tr><tr><td class=\"has-text-align-center\" data-align=\"center\">28\/02 19h<\/td><td class=\"has-text-align-center\" data-align=\"center\">Gabriela Santos Pereira<br>e Let\u00edcia Lopes<\/td><td class=\"has-text-align-center\" data-align=\"center\">Prof.\u00ba Daniel Gustavo Fleig<\/td><td class=\"has-text-align-center\" data-align=\"center\">O MUNDO DO TRABALHO E O EMPREENDEDORISMO NA PERCEP\u00c7\u00c3O DOS ESTUDANTES DO TERCEIRO ANO DO ENSINO M\u00c9DIO: O CASO DE TR\u00caS INSTITUI\u00c7\u00d5ES DE ENSINO P\u00daBLICAS NO LITORAL DO PARAN\u00c1 <\/td><\/tr><\/tbody><\/table><\/figure>\n\n\n\n<p style=\"font-size:12px;font-style:normal;font-weight:400\">Link: <a href=\"https:\/\/teams.microsoft.com\/l\/meetup-join\/19%3aP4aqLpcqAIcoT3GSENnm-2D9nGyXcROWI1R42EvsXeo1%40thread.tacv2\/1677156462197?context=%7b%22Tid%22%3a%22c37b37a3-e9e2-42f9-bc67-4b9b738e1df0%22%2c%22Oid%22%3a%22d113d74e-6ca1-4e41-9b4c-748f2f642d57%22%7d\">https:\/\/teams.microsoft.com\/l\/meetup-join\/19%3aP4aqLpcqAIcoT3GSENnm-2D9nGyXcROWI1R42EvsXeo1%40thread.tacv2\/1677156462197?context=%7b%22Tid%22%3a%22c37b37a3-e9e2-42f9-bc67-4b9b738e1df0%22%2c%22Oid%22%3a%22d113d74e-6ca1-4e41-9b4c-748f2f642d57%22%7d<\/a><\/p>\n\n\n\n<div class=\"wp-block-group\"><div class=\"wp-block-group__inner-container is-layout-flow wp-block-group-is-layout-flow\">\n<figure class=\"wp-block-table is-style-stripes has-small-font-size\"><table class=\"has-black-color has-white-background-color has-text-color has-background\"><tbody><tr><td class=\"has-text-align-center\" data-align=\"center\"><strong>DATA<\/strong><\/td><td class=\"has-text-align-center\" data-align=\"center\"><strong>AUTOR<\/strong><\/td><td class=\"has-text-align-center\" data-align=\"center\"><strong>ORIENTADOR<\/strong><\/td><td class=\"has-text-align-center\" data-align=\"center\"><strong>T\u00cdTULO DO TRABALHO<\/strong><\/td><\/tr><tr><td class=\"has-text-align-center\" data-align=\"center\">28\/02 20h30<\/td><td class=\"has-text-align-center\" data-align=\"center\">Leonardo da Silva Machado<\/td><td class=\"has-text-align-center\" data-align=\"center\">Prof.\u00ba Thiago Henrique Moreira G\u00f3es<\/td><td class=\"has-text-align-center\" data-align=\"center\">AS DIFICULDADES DE ACESSO AO CR\u00c9DITO NO LITORAL DO PARAN\u00c1<\/td><\/tr><\/tbody><\/table><\/figure>\n<\/div><\/div>\n\n\n\n<p style=\"font-size:12px\">Link: <a href=\"https:\/\/teams.microsoft.com\/l\/meetup-join\/19%3aP4aqLpcqAIcoT3GSENnm-2D9nGyXcROWI1R42EvsXeo1%40thread.tacv2\/1677156462197?context=%7b%22Tid%22%3a%22c37b37a3-e9e2-42f9-bc67-4b9b738e1df0%22%2c%22Oid%22%3a%22d113d74e-6ca1-4e41-9b4c-748f2f642d57%22%7d\">https:\/\/teams.microsoft.com\/l\/meetup-join\/19%3aP4aqLpcqAIcoT3GSENnm-2D9nGyXcROWI1R42EvsXeo1%40thread.tacv2\/1677156462197?context=%7b%22Tid%22%3a%22c37b37a3-e9e2-42f9-bc67-4b9b738e1df0%22%2c%22Oid%22%3a%22d113d74e-6ca1-4e41-9b4c-748f2f642d57%22%7d<\/a><\/p>\n\n\n\n<figure class=\"wp-block-table is-style-stripes has-small-font-size\"><table><tbody><tr><td class=\"has-text-align-center\" data-align=\"center\"><strong>DATA<\/strong><\/td><td class=\"has-text-align-center\" data-align=\"center\"><strong>AUTOR<\/strong><\/td><td class=\"has-text-align-center\" data-align=\"center\"><strong>ORIENTADOR<\/strong><\/td><td class=\"has-text-align-center\" data-align=\"center\"><strong>T\u00cdTULO DO TRABALHO<\/strong><\/td><\/tr><tr><td class=\"has-text-align-center\" data-align=\"center\">03\/03<br>19h<\/td><td class=\"has-text-align-center\" data-align=\"center\">Tayna Carlim Antunes Pinheiro<br>e Tiago Rodrigues Laska Rosa de Camargo<\/td><td class=\"has-text-align-center\" data-align=\"center\">Prof.\u00aa Lucia Helena Alencastro<\/td><td class=\"has-text-align-center\" data-align=\"center\">A INFORMALIDADE E O MICROEMPREENDEDOR INDIVIDUAL \u2013 MEI<\/td><\/tr><\/tbody><\/table><\/figure>\n\n\n\n<p style=\"font-size:12px\">Link: a ser criado<\/p>\n","protected":false},"excerpt":{"rendered":"<p>DATA AUTORAS ORIENTADOR T\u00cdTULO DO TRABALHO 28\/02 19h Gabriela Santos Pereirae Let\u00edcia Lopes Prof.\u00ba Daniel Gustavo Fleig O MUNDO DO TRABALHO E O EMPREENDEDORISMO NA PERCEP\u00c7\u00c3O DOS ESTUDANTES DO TERCEIRO ANO DO ENSINO M\u00c9DIO: O CASO DE TR\u00caS INSTITUI\u00c7\u00d5ES DE ENSINO P\u00daBLICAS NO LITORAL DO PARAN\u00c1 Link: https:\/\/teams.microsoft.com\/l\/meetup-join\/19%3aP4aqLpcqAIcoT3GSENnm-2D9nGyXcROWI1R42EvsXeo1%40thread.tacv2\/1677156462197?context=%7b%22Tid%22%3a%22c37b37a3-e9e2-42f9-bc67-4b9b738e1df0%22%2c%22Oid%22%3a%22d113d74e-6ca1-4e41-9b4c-748f2f642d57%22%7d DATA AUTOR ORIENTADOR T\u00cdTULO DO TRABALHO 28\/02 [&hellip;]<\/p>\n","protected":false},"author":1645,"featured_media":0,"parent":0,"menu_order":0,"comment_status":"closed","ping_status":"closed","template":"","meta":{"_acf_changed":false,"footnotes":""},"class_list":["post-1095","page","type-page","status-publish","hentry"],"acf":[],"_links":{"self":[{"href":"https:\/\/litoral.ufpr.br\/administracao\/wp-json\/wp\/v2\/pages\/1095","targetHints":{"allow":["GET"]}}],"collection":[{"href":"https:\/\/litoral.ufpr.br\/administracao\/wp-json\/wp\/v2\/pages"}],"about":[{"href":"https:\/\/litoral.ufpr.br\/administracao\/wp-json\/wp\/v2\/types\/page"}],"author":[{"embeddable":true,"href":"https:\/\/litoral.ufpr.br\/administracao\/wp-json\/wp\/v2\/users\/1645"}],"replies":[{"embeddable":true,"href":"https:\/\/litoral.ufpr.br\/administracao\/wp-json\/wp\/v2\/comments?post=1095"}],"version-history":[{"count":6,"href":"https:\/\/litoral.ufpr.br\/administracao\/wp-json\/wp\/v2\/pages\/1095\/revisions"}],"predecessor-version":[{"id":1171,"href":"https:\/\/litoral.ufpr.br\/administracao\/wp-json\/wp\/v2\/pages\/1095\/revisions\/1171"}],"wp:attachment":[{"href":"https:\/\/litoral.ufpr.br\/administracao\/wp-json\/wp\/v2\/media?parent=1095"}],"curies":[{"name":"wp","href":"https:\/\/api.w.org\/{rel}","templated":true}]}}