{"id":1001,"date":"2023-01-05T15:59:24","date_gmt":"2023-01-05T18:59:24","guid":{"rendered":"https:\/\/litoral.ufpr.br\/gempreendedorismo\/?page_id=1001"},"modified":"2026-02-18T17:56:22","modified_gmt":"2026-02-18T20:56:22","slug":"afc","status":"publish","type":"page","link":"https:\/\/litoral.ufpr.br\/administracao\/afc\/","title":{"rendered":"AFC"},"content":{"rendered":"\n<p>Para obter o grau de Bacharel em Administra\u00e7\u00e3o, o estudante deve cumprir <strong>240 horas\/aula<\/strong> de Atividades Formativas Complementares, correspondentes a <strong>8% da carga hor\u00e1ria total do curso<\/strong>. Essas atividades devem ser realizadas em <strong>no m\u00ednimo tr\u00eas modalidades diferentes<\/strong>, conforme o quadro previsto no regulamento. Recomenda-se que as horas sejam distribu\u00eddas ao longo dos quatro anos de curso, evitando concentra\u00e7\u00e3o no \u00faltimo ano. A carga hor\u00e1ria m\u00e1xima por atividade e sua natureza est\u00e3o especificadas no quadro do anexo.<br><br>Atividades de pesquisa e extens\u00e3o podem ser validadas, desde que n\u00e3o estejam vinculadas a Projetos de Aprendizagem. As AFCs n\u00e3o podem ser aproveitadas como parte das Intera\u00e7\u00f5es Culturais e Human\u00edsticas (ICH), Fundamentos Te\u00f3rico-Pr\u00e1ticos (FTP) ou Projetos de Aprendizagem.<br><br>A entrega dos comprovantes deve ser feita <strong>digitalmente<\/strong>, sendo analisada pela Comiss\u00e3o Permanente de Acompanhamento das Atividades Complementares, composta por membros da c\u00e2mara do curso.<br><br>O estudante deve cumprir a carga hor\u00e1ria enquanto estiver matriculado. Caso conclua os m\u00f3dulos sem cumprir as AFCs, poder\u00e1 perder o v\u00ednculo com a universidade e n\u00e3o obter o grau de bacharel. Casos omissos ser\u00e3o analisados pela c\u00e2mara do curso.<\/p>\n\n\n\n<p><a href=\"https:\/\/litoral.ufpr.br\/administracao\/editais-2\/\">Editais<\/a><br><a href=\"https:\/\/litoral.ufpr.br\/administracao\/passo-a-passo\/\">Passo a passo<br><\/a>Formul\u00e1rio de solicita\u00e7\u00e3o<br><a href=\"https:\/\/litoral.ufpr.br\/gempreendedorismo\/wp-content\/uploads\/sites\/14\/2023\/01\/NATUREZA-MODALIDADE.pdf\">Modalidade<\/a><\/p>\n\n\n\n<p>P\u00e1gina atualizada em:&nbsp;<strong>18 de fev. de 2026.<\/strong><a><\/a><\/p>\n","protected":false},"excerpt":{"rendered":"<p>Para obter o grau de Bacharel em Administra\u00e7\u00e3o, o estudante deve cumprir 240 horas\/aula de Atividades Formativas Complementares, correspondentes a 8% da carga hor\u00e1ria total do curso. Essas atividades devem ser realizadas em no m\u00ednimo tr\u00eas modalidades diferentes, conforme o quadro previsto no regulamento. Recomenda-se que as horas sejam distribu\u00eddas ao longo dos quatro anos [&hellip;]<\/p>\n","protected":false},"author":1645,"featured_media":0,"parent":0,"menu_order":0,"comment_status":"closed","ping_status":"closed","template":"","meta":{"_acf_changed":false,"footnotes":""},"class_list":["post-1001","page","type-page","status-publish","hentry"],"acf":[],"_links":{"self":[{"href":"https:\/\/litoral.ufpr.br\/administracao\/wp-json\/wp\/v2\/pages\/1001","targetHints":{"allow":["GET"]}}],"collection":[{"href":"https:\/\/litoral.ufpr.br\/administracao\/wp-json\/wp\/v2\/pages"}],"about":[{"href":"https:\/\/litoral.ufpr.br\/administracao\/wp-json\/wp\/v2\/types\/page"}],"author":[{"embeddable":true,"href":"https:\/\/litoral.ufpr.br\/administracao\/wp-json\/wp\/v2\/users\/1645"}],"replies":[{"embeddable":true,"href":"https:\/\/litoral.ufpr.br\/administracao\/wp-json\/wp\/v2\/comments?post=1001"}],"version-history":[{"count":6,"href":"https:\/\/litoral.ufpr.br\/administracao\/wp-json\/wp\/v2\/pages\/1001\/revisions"}],"predecessor-version":[{"id":1719,"href":"https:\/\/litoral.ufpr.br\/administracao\/wp-json\/wp\/v2\/pages\/1001\/revisions\/1719"}],"wp:attachment":[{"href":"https:\/\/litoral.ufpr.br\/administracao\/wp-json\/wp\/v2\/media?parent=1001"}],"curies":[{"name":"wp","href":"https:\/\/api.w.org\/{rel}","templated":true}]}}